{"id":16785,"date":"2020-12-15T11:45:20","date_gmt":"2020-12-15T03:45:20","guid":{"rendered":"https:\/\/www.fjpremium.com\/?post_type=product&#038;p=16785"},"modified":"2023-12-14T13:56:41","modified_gmt":"2023-12-14T05:56:41","slug":"cat6-rj45-unshielded-field-termination-plug-with-plastic-boot","status":"publish","type":"product","link":"https:\/\/www.fjpremium.com\/fr\/product\/cat6-rj45-unshielded-field-termination-plug-with-plastic-boot\/","title":{"rendered":"Fiche de terminaison de champ Cat6 non blind\u00e9e avec capuchon en plastique"},"content":{"rendered":"<p>Capable de supporter des applications 10 Gigabit Ethernet et une bande passante allant jusqu'\u00e0 250MHz, notre prise de terminaison de champ cat6 avec capuchon en plastique assure \u00e0 votre r\u00e9seau des performances optimales.<\/p>\n<p>La conception sans outil de cette prise de terminaison de champ cat6 permet une installation rapide et sans effort, sans n\u00e9cessiter d'outil de sertissage. Son bo\u00eetier en alliage de zinc moul\u00e9 sous pression contribue \u00e0 sa long\u00e9vit\u00e9.<\/p>\n<p>La prise RJ45 est dot\u00e9e de contacts plaqu\u00e9s or 50u et d'un capuchon anti-poussi\u00e8re, ce qui garantit des connexions fiables et coh\u00e9rentes dans divers environnements.<\/p>\n<p>La fiche est compatible avec les fils de cuivre nu AWG24-23 d'un diam\u00e8tre compris entre 0,50 et 0,58 mm et prend en charge les configurations de c\u00e2blage T568A et T568B.<\/p>\n<p>Avec une r\u00e9sistance de contact maximale de 100M\u03a9 et une r\u00e9sistance d'isolation minimale de 500M\u03a9, il garantit une transmission efficace des donn\u00e9es.<\/p>\n<p>Il pr\u00e9sente \u00e9galement une perte de retour de 5,9 dB et fonctionne \u00e0 des temp\u00e9ratures allant de -10 \u00e0 60 degr\u00e9s Celsius.<\/p>\n<p>En outre, certifi\u00e9e par ROHS, notre fiche respecte les normes environnementales et de s\u00e9curit\u00e9 les plus strictes.<\/p>\n<p>Chaque paquet comprend un sac \u00e0 fermeture \u00e9clair contenant la fiche de terrain, un capuchon anti-poussi\u00e8re, un collier de serrage en nylon et un guide d'utilisation pour faciliter l'installation.<\/p>\n<p>Faites-nous donc confiance en tant que premier fournisseur en gros de c\u00e2bles, d'adaptateurs et de produits \u00e9lectroniques grand public exceptionnels, et am\u00e9liorez votre infrastructure r\u00e9seau gr\u00e2ce \u00e0 nos prises de terminaison de champ cat6 de pointe.<\/p>\n<h2>Informations sur la commande :<\/h2>\n<ul>\n<li>FS7203-C6 : Fiche de terminaison de champ non blind\u00e9e Cat6<\/li>\n<\/ul>","protected":false},"excerpt":{"rendered":"<p>Ce connecteur de terminaison de champ cat6 non blind\u00e9 de premier ordre est parfait pour les environnements r\u00e9seau exigeants tels que les centres de donn\u00e9es \u00e0 haute performance et le stockage en nuage NAS.<\/p>","protected":false},"featured_media":16808,"template":"","meta":{"_acf_changed":false,"_seopress_robots_primary_cat":"","_seopress_titles_title":"Best Cat6 Field Termination Plug - Farsince","_seopress_titles_desc":"","_seopress_robots_index":"","site-sidebar-layout":"default","site-content-layout":"default","ast-site-content-layout":"default","site-content-style":"default","site-sidebar-style":"default","ast-global-header-display":"","ast-banner-title-visibility":"","ast-main-header-display":"","ast-hfb-above-header-display":"","ast-hfb-below-header-display":"","ast-hfb-mobile-header-display":"","site-post-title":"","ast-breadcrumbs-content":"","ast-featured-img":"","footer-sml-layout":"","ast-disable-related-posts":"","theme-transparent-header-meta":"default","adv-header-id-meta":"","stick-header-meta":"","header-above-stick-meta":"","header-main-stick-meta":"","header-below-stick-meta":"","astra-migrate-meta-layouts":"default","ast-page-background-enabled":"default","ast-page-background-meta":{"desktop":{"background-color":"","background-image":"","background-repeat":"repeat","background-position":"center center","background-size":"auto","background-attachment":"scroll","background-type":"","background-media":"","overlay-type":"","overlay-color":"","overlay-opacity":"","overlay-gradient":""},"tablet":{"background-color":"","background-image":"","background-repeat":"repeat","background-position":"center center","background-size":"auto","background-attachment":"scroll","background-type":"","background-media":"","overlay-type":"","overlay-color":"","overlay-opacity":"","overlay-gradient":""},"mobile":{"background-color":"","background-image":"","background-repeat":"repeat","background-position":"center center","background-size":"auto","background-attachment":"scroll","background-type":"","background-media":"","overlay-type":"","overlay-color":"","overlay-opacity":"","overlay-gradient":""}},"ast-content-background-meta":{"desktop":{"background-color":"var(--ast-global-color-5)","background-image":"","background-repeat":"repeat","background-position":"center center","background-size":"auto","background-attachment":"scroll","background-type":"","background-media":"","overlay-type":"","overlay-color":"","overlay-opacity":"","overlay-gradient":""},"tablet":{"background-color":"var(--ast-global-color-5)","background-image":"","background-repeat":"repeat","background-position":"center center","background-size":"auto","background-attachment":"scroll","background-type":"","background-media":"","overlay-type":"","overlay-color":"","overlay-opacity":"","overlay-gradient":""},"mobile":{"background-color":"var(--ast-global-color-5)","background-image":"","background-repeat":"repeat","background-position":"center center","background-size":"auto","background-attachment":"scroll","background-type":"","background-media":"","overlay-type":"","overlay-color":"","overlay-opacity":"","overlay-gradient":""}},"iawp_total_views":14},"product_brand":[],"product_cat":[631,209],"product_tag":[],"class_list":{"0":"post-16785","1":"product","2":"type-product","3":"status-publish","4":"has-post-thumbnail","6":"product_cat-patch-cables","7":"product_cat-ethernet-cable","8":"desktop-align-left","9":"tablet-align-left","10":"mobile-align-left","12":"first","13":"instock","14":"shipping-taxable","15":"purchasable","16":"product-type-simple"},"acf":[],"_links":{"self":[{"href":"https:\/\/www.fjpremium.com\/fr\/wp-json\/wp\/v2\/product\/16785","targetHints":{"allow":["GET"]}}],"collection":[{"href":"https:\/\/www.fjpremium.com\/fr\/wp-json\/wp\/v2\/product"}],"about":[{"href":"https:\/\/www.fjpremium.com\/fr\/wp-json\/wp\/v2\/types\/product"}],"wp:featuredmedia":[{"embeddable":true,"href":"https:\/\/www.fjpremium.com\/fr\/wp-json\/wp\/v2\/media\/16808"}],"wp:attachment":[{"href":"https:\/\/www.fjpremium.com\/fr\/wp-json\/wp\/v2\/media?parent=16785"}],"wp:term":[{"taxonomy":"product_brand","embeddable":true,"href":"https:\/\/www.fjpremium.com\/fr\/wp-json\/wp\/v2\/product_brand?post=16785"},{"taxonomy":"product_cat","embeddable":true,"href":"https:\/\/www.fjpremium.com\/fr\/wp-json\/wp\/v2\/product_cat?post=16785"},{"taxonomy":"product_tag","embeddable":true,"href":"https:\/\/www.fjpremium.com\/fr\/wp-json\/wp\/v2\/product_tag?post=16785"}],"curies":[{"name":"wp","href":"https:\/\/api.w.org\/{rel}","templated":true}]}}