{"id":16783,"date":"2020-12-15T11:45:18","date_gmt":"2020-12-15T03:45:18","guid":{"rendered":"https:\/\/www.fjpremium.com\/?post_type=product&#038;p=16783"},"modified":"2023-12-14T13:56:42","modified_gmt":"2023-12-14T05:56:42","slug":"industrial-first-class-cat7-6a-rj45-shielded-field-termination-plug-with-plastic-boot","status":"publish","type":"product","link":"https:\/\/www.fjpremium.com\/fr\/product\/industrial-first-class-cat7-6a-rj45-shielded-field-termination-plug-with-plastic-boot\/","title":{"rendered":"Fiche de terminaison blind\u00e9e RJ45 Cat6A\/7 avec capuchon en plastique"},"content":{"rendered":"<p>Avec la capacit\u00e9 de supporter des applications 10 Gigabit Ethernet et jusqu'\u00e0 600MHz de bande passante, cette prise RJ45 cat6A assure une efficacit\u00e9 optimale du r\u00e9seau.<\/p>\n<p>L'une des caract\u00e9ristiques distinctives de la fiche est sa conception sans outil, qui permet une installation rapide et sans effort, sans avoir recours \u00e0 une pince \u00e0 sertir.<\/p>\n<p>Son bo\u00eetier en alliage de zinc moul\u00e9 sous pression offre une durabilit\u00e9 et une long\u00e9vit\u00e9 accrues.<\/p>\n<p>De plus, il est \u00e9quip\u00e9 de contacts plaqu\u00e9s or 50u et d'un capuchon anti-poussi\u00e8re, garantissant des connexions stables et fiables dans diverses conditions.<\/p>\n<p>Notre fiche est compatible avec les fils de cuivre nu AWG24-22 d'un diam\u00e8tre compris entre 0,50 et 0,64 mm et prend en charge les sch\u00e9mas de c\u00e2blage T568A et T568B.<\/p>\n<p>Avec une r\u00e9sistance de contact maximale de 100M\u03a9 et une r\u00e9sistance d'isolation minimale de 500M\u03a9, il garantit une transmission efficace des donn\u00e9es.<\/p>\n<p>Il pr\u00e9sente \u00e9galement une perte de retour de 5,9 dB et une plage de temp\u00e9rature de fonctionnement de -10 \u00e0 60 degr\u00e9s Celsius.<\/p>\n<p>De plus, conforme \u00e0 la certification ROHS, cette prise RJ45 cat6A respecte les normes environnementales et de s\u00e9curit\u00e9 les plus strictes.<\/p>\n<p>Chaque paquet est enferm\u00e9 dans un sac \u00e0 fermeture \u00e9clair et comprend les \u00e9l\u00e9ments suivants :<\/p>\n<ul>\n<li>Une fiche de terrain<\/li>\n<li>Un capuchon anti-poussi\u00e8re<\/li>\n<li>Un collier de serrage en nylon<\/li>\n<li>Guide de l'utilisateur<\/li>\n<\/ul>\n<p>En conclusion, notre fiche de terminaison blind\u00e9e RJ45 cat6A\/7 avec capuchon en plastique offre une solution de qualit\u00e9 sup\u00e9rieure pour les applications de r\u00e9seau \u00e0 haute performance.<\/p>\n<p>Faites-nous confiance en tant que fournisseur en gros de c\u00e2bles, d'adaptateurs et de produits \u00e9lectroniques grand public de haute qualit\u00e9, et contactez-nous d\u00e8s aujourd'hui !<\/p>\n<h2>Informations sur la commande :<\/h2>\n<ul>\n<li>FS7202-C7 : Fiche de terminaison de champ blind\u00e9e Cat7<\/li>\n<li>FS7202-C6A : Fiche de terminaison de champ blind\u00e9e Cat6A<\/li>\n<\/ul>","protected":false},"excerpt":{"rendered":"<p>Am\u00e9liorez les performances de votre r\u00e9seau avec notre prise de terminaison de terrain blind\u00e9e RJ45 cat6A\/7, parfaite pour les centres de donn\u00e9es hautes performances et le stockage cloud NAS.<\/p>","protected":false},"featured_media":16800,"template":"","meta":{"_acf_changed":false,"_seopress_robots_primary_cat":"","_seopress_titles_title":"","_seopress_titles_desc":"","_seopress_robots_index":"","site-sidebar-layout":"default","site-content-layout":"default","ast-site-content-layout":"default","site-content-style":"default","site-sidebar-style":"default","ast-global-header-display":"","ast-banner-title-visibility":"","ast-main-header-display":"","ast-hfb-above-header-display":"","ast-hfb-below-header-display":"","ast-hfb-mobile-header-display":"","site-post-title":"","ast-breadcrumbs-content":"","ast-featured-img":"","footer-sml-layout":"","ast-disable-related-posts":"","theme-transparent-header-meta":"default","adv-header-id-meta":"","stick-header-meta":"","header-above-stick-meta":"","header-main-stick-meta":"","header-below-stick-meta":"","astra-migrate-meta-layouts":"default","ast-page-background-enabled":"default","ast-page-background-meta":{"desktop":{"background-color":"","background-image":"","background-repeat":"repeat","background-position":"center center","background-size":"auto","background-attachment":"scroll","background-type":"","background-media":"","overlay-type":"","overlay-color":"","overlay-opacity":"","overlay-gradient":""},"tablet":{"background-color":"","background-image":"","background-repeat":"repeat","background-position":"center center","background-size":"auto","background-attachment":"scroll","background-type":"","background-media":"","overlay-type":"","overlay-color":"","overlay-opacity":"","overlay-gradient":""},"mobile":{"background-color":"","background-image":"","background-repeat":"repeat","background-position":"center center","background-size":"auto","background-attachment":"scroll","background-type":"","background-media":"","overlay-type":"","overlay-color":"","overlay-opacity":"","overlay-gradient":""}},"ast-content-background-meta":{"desktop":{"background-color":"var(--ast-global-color-5)","background-image":"","background-repeat":"repeat","background-position":"center center","background-size":"auto","background-attachment":"scroll","background-type":"","background-media":"","overlay-type":"","overlay-color":"","overlay-opacity":"","overlay-gradient":""},"tablet":{"background-color":"var(--ast-global-color-5)","background-image":"","background-repeat":"repeat","background-position":"center center","background-size":"auto","background-attachment":"scroll","background-type":"","background-media":"","overlay-type":"","overlay-color":"","overlay-opacity":"","overlay-gradient":""},"mobile":{"background-color":"var(--ast-global-color-5)","background-image":"","background-repeat":"repeat","background-position":"center center","background-size":"auto","background-attachment":"scroll","background-type":"","background-media":"","overlay-type":"","overlay-color":"","overlay-opacity":"","overlay-gradient":""}},"iawp_total_views":28},"product_brand":[],"product_cat":[631,209],"product_tag":[],"class_list":{"0":"post-16783","1":"product","2":"type-product","3":"status-publish","4":"has-post-thumbnail","6":"product_cat-patch-cables","7":"product_cat-ethernet-cable","8":"desktop-align-left","9":"tablet-align-left","10":"mobile-align-left","12":"first","13":"instock","14":"shipping-taxable","15":"purchasable","16":"product-type-simple"},"acf":[],"_links":{"self":[{"href":"https:\/\/www.fjpremium.com\/fr\/wp-json\/wp\/v2\/product\/16783","targetHints":{"allow":["GET"]}}],"collection":[{"href":"https:\/\/www.fjpremium.com\/fr\/wp-json\/wp\/v2\/product"}],"about":[{"href":"https:\/\/www.fjpremium.com\/fr\/wp-json\/wp\/v2\/types\/product"}],"wp:featuredmedia":[{"embeddable":true,"href":"https:\/\/www.fjpremium.com\/fr\/wp-json\/wp\/v2\/media\/16800"}],"wp:attachment":[{"href":"https:\/\/www.fjpremium.com\/fr\/wp-json\/wp\/v2\/media?parent=16783"}],"wp:term":[{"taxonomy":"product_brand","embeddable":true,"href":"https:\/\/www.fjpremium.com\/fr\/wp-json\/wp\/v2\/product_brand?post=16783"},{"taxonomy":"product_cat","embeddable":true,"href":"https:\/\/www.fjpremium.com\/fr\/wp-json\/wp\/v2\/product_cat?post=16783"},{"taxonomy":"product_tag","embeddable":true,"href":"https:\/\/www.fjpremium.com\/fr\/wp-json\/wp\/v2\/product_tag?post=16783"}],"curies":[{"name":"wp","href":"https:\/\/api.w.org\/{rel}","templated":true}]}}