{"id":16782,"date":"2020-12-15T11:45:17","date_gmt":"2020-12-15T03:45:17","guid":{"rendered":"https:\/\/www.fjpremium.com\/?post_type=product&#038;p=16782"},"modified":"2023-12-14T13:56:42","modified_gmt":"2023-12-14T05:56:42","slug":"cat8-toolless-modular-plug-connector-pre-assemble-rj45-cat8-ethernet-patch-cable-straight-angle","status":"publish","type":"product","link":"https:\/\/www.fjpremium.com\/fr\/product\/cat8-toolless-modular-plug-connector-pre-assemble-rj45-cat8-ethernet-patch-cable-straight-angle\/","title":{"rendered":"Ethernet Patch Cable RJ45 Cat8 Toolless Modular Plug Connector"},"content":{"rendered":"<p>Capable de fournir des vitesses de r\u00e9seau de donn\u00e9es de 10G-40G, ce connecteur offre une exp\u00e9rience r\u00e9seau in\u00e9gal\u00e9e.<\/p>\n<p>Sa conception enti\u00e8rement blind\u00e9e \u00e0 360 degr\u00e9s est conforme aux normes industrielles IP20 d'\u00e9tanch\u00e9it\u00e9 \u00e0 l'eau et \u00e0 la poussi\u00e8re, ce qui garantit une protection optimale.<\/p>\n<p>La conception sans outil permet une installation rapide sans outil de sertissage.<\/p>\n<p>Notre connecteur est dot\u00e9 d'un bo\u00eetier en alliage de zinc moul\u00e9 sous pression et de contacts plaqu\u00e9s or 50u.<\/p>\n<p>Les bornes IDC sont dot\u00e9es d'une conception PCB (UL 94-V0), ce qui permet d'am\u00e9liorer la stabilit\u00e9 et les performances.<\/p>\n<p>La fiche est \u00e9galement livr\u00e9e avec un capuchon anti-poussi\u00e8re et prend en charge les fils AWG23-26 d'un diam\u00e8tre ext\u00e9rieur de 6,0 \u00e0 8,0 mm.<\/p>\n<p>Adapt\u00e9 \u00e0 diverses applications int\u00e9rieures et ext\u00e9rieures, ce connecteur est parfait pour une utilisation avec des PC, des routeurs, des commutateurs, des panneaux de connexion, des prises murales et des machines.<\/p>\n<p>Les applications ext\u00e9rieures comprennent les b\u00e2timents, l'\u00e9clairage et les champs d'\u00e9quipement.<\/p>\n<p>Notre connecteur prend en charge les sch\u00e9mas de c\u00e2blage T568A et T568B et a une force d'insertion allant jusqu'\u00e0 30N (IEC60603-7-5).<\/p>\n<p>La force de r\u00e9tention entre le jack et la fiche est de 7,7 KGS, et la dur\u00e9e de vie du contact (cycles d'accouplement) est d'au moins 750 cycles.<\/p>\n<p>En outre, il supporte un minimum de 20 cycles d'installation r\u00e9p\u00e9t\u00e9s pour l'IDC et fonctionne \u00e0 des temp\u00e9ratures allant de -10 \u00e0 60 degr\u00e9s Celsius.<\/p>\n<p>De plus, certifi\u00e9 par GHMT en Allemagne, v\u00e9rifi\u00e9 CTTL selon le test de canal TIA Cat8 sur 30m, et test\u00e9 CE et ROHS par SGS, ce connecteur adh\u00e8re aux normes les plus \u00e9lev\u00e9es de l'industrie.<\/p>\n<p>Chaque paquet est livr\u00e9 dans un sac \u00e0 fermeture \u00e9clair contenant une fiche de champ, un capuchon anti-poussi\u00e8re, une feuille de cuivre de 1 x 3 cm et un guide d'utilisation pour une installation sans faille.<\/p>\n<p>Dans l'ensemble, notre connecteur offre une solution exceptionnelle pour les applications de r\u00e9seau \u00e0 haute performance.<\/p>\n<p>Faites-nous confiance en tant que fournisseur en gros de c\u00e2bles, d'adaptateurs et de produits \u00e9lectroniques grand public de qualit\u00e9 sup\u00e9rieure, et contactez-nous d\u00e8s aujourd'hui !<\/p>\n<h2>Informations sur la commande :<\/h2>\n<ul>\n<li>FS7201-C8 : Fiche de terminaison de champ blind\u00e9e Cat8<\/li>\n<li>FS7201-C7 : Fiche de terminaison de champ blind\u00e9e Cat7<\/li>\n<li>FS7201-C6A : Fiche de terminaison de champ blind\u00e9e Cat6A<\/li>\n<li>FS17201\/AG Type angulaire<\/li>\n<\/ul>","protected":false},"excerpt":{"rendered":"<p>Nous vous pr\u00e9sentons notre c\u00e2ble patch Ethernet RJ45 cat8 de qualit\u00e9 industrielle, id\u00e9al pour les centres de donn\u00e9es de haute performance et le stockage en nuage NAS.<\/p>","protected":false},"featured_media":16792,"template":"","meta":{"_acf_changed":false,"_seopress_robots_primary_cat":"","_seopress_titles_title":"Best Cat8 Toolless Modular Plug Connector - Farsince","_seopress_titles_desc":"","_seopress_robots_index":"","site-sidebar-layout":"default","site-content-layout":"default","ast-site-content-layout":"default","site-content-style":"default","site-sidebar-style":"default","ast-global-header-display":"","ast-banner-title-visibility":"","ast-main-header-display":"","ast-hfb-above-header-display":"","ast-hfb-below-header-display":"","ast-hfb-mobile-header-display":"","site-post-title":"","ast-breadcrumbs-content":"","ast-featured-img":"","footer-sml-layout":"","ast-disable-related-posts":"","theme-transparent-header-meta":"default","adv-header-id-meta":"","stick-header-meta":"","header-above-stick-meta":"","header-main-stick-meta":"","header-below-stick-meta":"","astra-migrate-meta-layouts":"default","ast-page-background-enabled":"default","ast-page-background-meta":{"desktop":{"background-color":"","background-image":"","background-repeat":"repeat","background-position":"center center","background-size":"auto","background-attachment":"scroll","background-type":"","background-media":"","overlay-type":"","overlay-color":"","overlay-opacity":"","overlay-gradient":""},"tablet":{"background-color":"","background-image":"","background-repeat":"repeat","background-position":"center center","background-size":"auto","background-attachment":"scroll","background-type":"","background-media":"","overlay-type":"","overlay-color":"","overlay-opacity":"","overlay-gradient":""},"mobile":{"background-color":"","background-image":"","background-repeat":"repeat","background-position":"center center","background-size":"auto","background-attachment":"scroll","background-type":"","background-media":"","overlay-type":"","overlay-color":"","overlay-opacity":"","overlay-gradient":""}},"ast-content-background-meta":{"desktop":{"background-color":"var(--ast-global-color-5)","background-image":"","background-repeat":"repeat","background-position":"center center","background-size":"auto","background-attachment":"scroll","background-type":"","background-media":"","overlay-type":"","overlay-color":"","overlay-opacity":"","overlay-gradient":""},"tablet":{"background-color":"var(--ast-global-color-5)","background-image":"","background-repeat":"repeat","background-position":"center center","background-size":"auto","background-attachment":"scroll","background-type":"","background-media":"","overlay-type":"","overlay-color":"","overlay-opacity":"","overlay-gradient":""},"mobile":{"background-color":"var(--ast-global-color-5)","background-image":"","background-repeat":"repeat","background-position":"center center","background-size":"auto","background-attachment":"scroll","background-type":"","background-media":"","overlay-type":"","overlay-color":"","overlay-opacity":"","overlay-gradient":""}},"iawp_total_views":11},"product_brand":[],"product_cat":[631,209],"product_tag":[],"class_list":{"0":"post-16782","1":"product","2":"type-product","3":"status-publish","4":"has-post-thumbnail","6":"product_cat-patch-cables","7":"product_cat-ethernet-cable","8":"desktop-align-left","9":"tablet-align-left","10":"mobile-align-left","12":"first","13":"instock","14":"shipping-taxable","15":"purchasable","16":"product-type-simple"},"acf":[],"_links":{"self":[{"href":"https:\/\/www.fjpremium.com\/fr\/wp-json\/wp\/v2\/product\/16782","targetHints":{"allow":["GET"]}}],"collection":[{"href":"https:\/\/www.fjpremium.com\/fr\/wp-json\/wp\/v2\/product"}],"about":[{"href":"https:\/\/www.fjpremium.com\/fr\/wp-json\/wp\/v2\/types\/product"}],"wp:featuredmedia":[{"embeddable":true,"href":"https:\/\/www.fjpremium.com\/fr\/wp-json\/wp\/v2\/media\/16792"}],"wp:attachment":[{"href":"https:\/\/www.fjpremium.com\/fr\/wp-json\/wp\/v2\/media?parent=16782"}],"wp:term":[{"taxonomy":"product_brand","embeddable":true,"href":"https:\/\/www.fjpremium.com\/fr\/wp-json\/wp\/v2\/product_brand?post=16782"},{"taxonomy":"product_cat","embeddable":true,"href":"https:\/\/www.fjpremium.com\/fr\/wp-json\/wp\/v2\/product_cat?post=16782"},{"taxonomy":"product_tag","embeddable":true,"href":"https:\/\/www.fjpremium.com\/fr\/wp-json\/wp\/v2\/product_tag?post=16782"}],"curies":[{"name":"wp","href":"https:\/\/api.w.org\/{rel}","templated":true}]}}