{"id":16773,"date":"2020-12-15T11:43:40","date_gmt":"2020-12-15T03:43:40","guid":{"rendered":"https:\/\/www.fjpremium.com\/?post_type=product&#038;p=16773"},"modified":"2023-12-14T13:56:43","modified_gmt":"2023-12-14T05:56:43","slug":"cat7-cat8-nylon-cotton-robust-braided-ethernet-cable-sstp-round-flat-braided-patch-cord-cable","status":"publish","type":"product","link":"https:\/\/www.fjpremium.com\/fr\/product\/cat7-cat8-nylon-cotton-robust-braided-ethernet-cable-sstp-round-flat-braided-patch-cord-cable\/","title":{"rendered":"C\u00e2ble Ethernet tress\u00e9 SSTP Cat7 Cat8, c\u00e2ble de raccordement rond et plat"},"content":{"rendered":"<p>Avec une construction en nylon tress\u00e9 \u00e0 double protection, notre c\u00e2ble Ethernet tress\u00e9 n'est pas seulement solide et robuste, mais aussi flexible, r\u00e9sistant \u00e0 l'usure et con\u00e7u pour durer.<\/p>\n<p>Id\u00e9al pour les adaptateurs r\u00e9seau, les concentrateurs, les routeurs, les modems DSL\/c\u00e2ble, les consoles de jeu, les panneaux de brassage et d'autres applications r\u00e9seau hautes performances, il prend en charge une bande passante allant jusqu'\u00e0 600 MHz\/2000 MHz et des vitesses de transmission de donn\u00e9es allant jusqu'\u00e0 10 Gbps\/40 Gbps.<\/p>\n<p>En outre, il se connecte aux segments LAN\/WAN et aux \u00e9quipements de r\u00e9seau \u00e0 des vitesses maximales, offrant des performances de transmission exceptionnelles et de faibles pertes de signal.<\/p>\n<p>Ce c\u00e2ble Ethernet tress\u00e9 est dot\u00e9 d'un c\u00e2ble toronn\u00e9 pour une flexibilit\u00e9 maximale et d'options de c\u00e2bles ronds et plats.<\/p>\n<p>Chaque paire de fils est blind\u00e9e individuellement avec une feuille d'aluminium pour garantir une int\u00e9grit\u00e9 optimale du signal.<\/p>\n<p>Il r\u00e9pond ou d\u00e9passe les sp\u00e9cifications TIA\/EIA-568-C.2 et ISO\/IEC 11801 et est id\u00e9al pour les exigences architecturales des centres de donn\u00e9es.<\/p>\n<p>De plus, disponible en diff\u00e9rentes couleurs et longueurs, notre c\u00e2ble Ethernet tress\u00e9 est conforme aux normes ROHS et REACH. Ses sp\u00e9cifications sont les suivantes :<\/p>\n<ul>\n<li>Conducteur : Cuivre nu<\/li>\n<li>Calibre des fils : 26AWG, 28AWG, 30AWG, 32AWG<\/li>\n<li>Isolation : Mousse PE<\/li>\n<li>Couleur de l'isolation : bleu\/blanc, bleu ; orange\/blanc, orange ; vert\/blanc, vert ; marron\/blanc, marron<\/li>\n<li>Blindage : Feuille d'aluminium<\/li>\n<li>Tressage : 16\/5\/0,12mm Al-MG<\/li>\n<li>Drain : Cuivre nu<\/li>\n<li>Gaine : PVC<\/li>\n<li>Diam\u00e8tre ext\u00e9rieur : En cons\u00e9quence<\/li>\n<li>Connecteur 1 : RJ45 FTP<\/li>\n<li>Connecteur 1 : RJ45 FTP<\/li>\n<li>Contact : 50U plaqu\u00e9 or, coque plaqu\u00e9e nickel<\/li>\n<li>Test : Testeur Fluke<\/li>\n<\/ul>\n<p>Ce c\u00e2ble Ethernet tress\u00e9 est donc la solution id\u00e9ale pour les applications de r\u00e9seau \u00e0 haute performance, combinant durabilit\u00e9, flexibilit\u00e9 et transmission de signal sup\u00e9rieure.<\/p>\n<p>Mettez \u00e0 niveau votre infrastructure r\u00e9seau avec ce c\u00e2ble de raccordement exceptionnel et constatez la diff\u00e9rence d\u00e8s aujourd'hui.<\/p>\n<h2>T\u00e9l\u00e9charger :<\/h2>\n<ul>\n<li>Fiche technique du cordon de raccordement ethernet tress\u00e9 CAT7 Cat8<\/li>\n<\/ul>\n<h2>Informations sur la commande :<\/h2>\n<p>FS17112-C7F**-xxx : Cordon de raccordement plat tress\u00e9 Cat7 F\/FTP, 30AWG<\/p>\n<p>FS17112-C7R**-xxx : Cordon de raccordement rond tress\u00e9 Cat7 F\/FTP, 28AWG<\/p>\n<p>FS17112-C8F**-xxx : Cordon de raccordement plat tress\u00e9 Cat8 F\/FTP, 30AWG<\/p>\n<p>FS17112-C8R**-xxx : Cordon de raccordement rond tress\u00e9 Cat8 F\/FTP, 28AWG<\/p>\n<ul>\n<li>**=couleur : GY=GREY, BK=BLACK, WT=WHITE, BU=BLUE, RD=RED, YL=YELLOW, OG=ORANGE, GN=GREEN<\/li>\n<li>xxx=Longueur : 003=0,3M, 005=0,5M, 010=1,0M, 018=1,8M, 030=3,0M, 050=5,0M, 075=7,5M, 100=10M, 200=20M, 300=30M, 400=40M, 500=50M<\/li>\n<li>Par exemple : FS17112C7FBU-018=Cordon de raccordement tress\u00e9 CAT7 F\/FTP plat, Couleur bleue, Longueur 1.8M<\/li>\n<\/ul>","protected":false},"excerpt":{"rendered":"<p>D\u00e9couvrez ce c\u00e2ble Ethernet tress\u00e9 SSTP cat7 cat8, un cordon de raccordement rond et plat robuste con\u00e7u pour r\u00e9pondre aux exigences des applications r\u00e9seau modernes.<\/p>","protected":false},"featured_media":16774,"template":"","meta":{"_acf_changed":false,"_seopress_robots_primary_cat":"","_seopress_titles_title":"Best Cat7 Cat8 Braided Ethernet Cable - Farsince","_seopress_titles_desc":"","_seopress_robots_index":"","site-sidebar-layout":"default","site-content-layout":"default","ast-site-content-layout":"default","site-content-style":"default","site-sidebar-style":"default","ast-global-header-display":"","ast-banner-title-visibility":"","ast-main-header-display":"","ast-hfb-above-header-display":"","ast-hfb-below-header-display":"","ast-hfb-mobile-header-display":"","site-post-title":"","ast-breadcrumbs-content":"","ast-featured-img":"","footer-sml-layout":"","ast-disable-related-posts":"","theme-transparent-header-meta":"default","adv-header-id-meta":"","stick-header-meta":"","header-above-stick-meta":"","header-main-stick-meta":"","header-below-stick-meta":"","astra-migrate-meta-layouts":"default","ast-page-background-enabled":"default","ast-page-background-meta":{"desktop":{"background-color":"","background-image":"","background-repeat":"repeat","background-position":"center center","background-size":"auto","background-attachment":"scroll","background-type":"","background-media":"","overlay-type":"","overlay-color":"","overlay-opacity":"","overlay-gradient":""},"tablet":{"background-color":"","background-image":"","background-repeat":"repeat","background-position":"center center","background-size":"auto","background-attachment":"scroll","background-type":"","background-media":"","overlay-type":"","overlay-color":"","overlay-opacity":"","overlay-gradient":""},"mobile":{"background-color":"","background-image":"","background-repeat":"repeat","background-position":"center center","background-size":"auto","background-attachment":"scroll","background-type":"","background-media":"","overlay-type":"","overlay-color":"","overlay-opacity":"","overlay-gradient":""}},"ast-content-background-meta":{"desktop":{"background-color":"var(--ast-global-color-5)","background-image":"","background-repeat":"repeat","background-position":"center center","background-size":"auto","background-attachment":"scroll","background-type":"","background-media":"","overlay-type":"","overlay-color":"","overlay-opacity":"","overlay-gradient":""},"tablet":{"background-color":"var(--ast-global-color-5)","background-image":"","background-repeat":"repeat","background-position":"center center","background-size":"auto","background-attachment":"scroll","background-type":"","background-media":"","overlay-type":"","overlay-color":"","overlay-opacity":"","overlay-gradient":""},"mobile":{"background-color":"var(--ast-global-color-5)","background-image":"","background-repeat":"repeat","background-position":"center center","background-size":"auto","background-attachment":"scroll","background-type":"","background-media":"","overlay-type":"","overlay-color":"","overlay-opacity":"","overlay-gradient":""}},"iawp_total_views":15},"product_brand":[],"product_cat":[631,209],"product_tag":[],"class_list":{"0":"post-16773","1":"product","2":"type-product","3":"status-publish","4":"has-post-thumbnail","6":"product_cat-patch-cables","7":"product_cat-ethernet-cable","8":"desktop-align-left","9":"tablet-align-left","10":"mobile-align-left","12":"first","13":"instock","14":"shipping-taxable","15":"purchasable","16":"product-type-simple"},"acf":[],"_links":{"self":[{"href":"https:\/\/www.fjpremium.com\/fr\/wp-json\/wp\/v2\/product\/16773","targetHints":{"allow":["GET"]}}],"collection":[{"href":"https:\/\/www.fjpremium.com\/fr\/wp-json\/wp\/v2\/product"}],"about":[{"href":"https:\/\/www.fjpremium.com\/fr\/wp-json\/wp\/v2\/types\/product"}],"wp:featuredmedia":[{"embeddable":true,"href":"https:\/\/www.fjpremium.com\/fr\/wp-json\/wp\/v2\/media\/16774"}],"wp:attachment":[{"href":"https:\/\/www.fjpremium.com\/fr\/wp-json\/wp\/v2\/media?parent=16773"}],"wp:term":[{"taxonomy":"product_brand","embeddable":true,"href":"https:\/\/www.fjpremium.com\/fr\/wp-json\/wp\/v2\/product_brand?post=16773"},{"taxonomy":"product_cat","embeddable":true,"href":"https:\/\/www.fjpremium.com\/fr\/wp-json\/wp\/v2\/product_cat?post=16773"},{"taxonomy":"product_tag","embeddable":true,"href":"https:\/\/www.fjpremium.com\/fr\/wp-json\/wp\/v2\/product_tag?post=16773"}],"curies":[{"name":"wp","href":"https:\/\/api.w.org\/{rel}","templated":true}]}}