{"id":16763,"date":"2020-12-15T11:40:30","date_gmt":"2020-12-15T03:40:30","guid":{"rendered":"https:\/\/www.fjpremium.com\/?post_type=product&#038;p=16763"},"modified":"2023-12-14T13:56:43","modified_gmt":"2023-12-14T05:56:43","slug":"cat-8-f-ftp-ethernet-flat-patch-cord-lan-cable","status":"publish","type":"product","link":"https:\/\/www.fjpremium.com\/fr\/product\/cat-8-f-ftp-ethernet-flat-patch-cord-lan-cable\/","title":{"rendered":"Cat 8 F\/FTP ethernet flat patch cord lan cable"},"content":{"rendered":"<p>Farsince Cat8 F\/FTP Double Fully Shielded Flat Patch Cable est une solution id\u00e9ale pour \u00e9tablir une connexion r\u00e9seau dans un environnement bruyant, EMI\/RFI. Construisez votre r\u00e9seau domestique ou professionnel avec 10GBase-T Gigabit Ethernet. Le double blindage F\/FTP offre une protection contre les bruits EMI\/RFI et les interf\u00e9rences \u00e9lectromagn\u00e9tiques, ce qui permet d'obtenir de bonnes performances en termes d'att\u00e9nuation et de diaphonie. Ce c\u00e2ble respecte ou d\u00e9passe les performances de la cat\u00e9gorie 8.1 conform\u00e9ment aux sp\u00e9cifications TIA\/EIA-568-C.2. Les c\u00e2bles Ethernet plats sont tr\u00e8s flexibles et beaucoup plus faciles \u00e0 g\u00e9rer lorsqu'ils passent sous la moquette, les portes, les bras rotatifs et les tiroirs ou le long des murs. Le design plat permet d'\u00e9viter les enchev\u00eatrements de cordons et de gagner de la place. Les connecteurs \u00e0 contacts plaqu\u00e9s or, les capuchons anti-traction moul\u00e9s et les moules sans accroc r\u00e9sistent \u00e0 la corrosion, assurent la durabilit\u00e9 et garantissent une connexion s\u00e9curis\u00e9e. Les conducteurs en cuivre nu am\u00e9liorent les performances du c\u00e2ble et sont conformes aux sp\u00e9cifications des c\u00e2bles de communication. Flexible et durable, le c\u00e2ble Cat8 offre une bande passante \u00e9lev\u00e9e allant jusqu'\u00e0 2000 MHz et garantit un transfert de donn\u00e9es \u00e0 grande vitesse pour les applications de serveur, l'informatique en nuage, la vid\u00e9osurveillance et le streaming vid\u00e9o haute d\u00e9finition en ligne.<\/p>\n<h3>Caract\u00e9ristiques principales<\/h3>\n<ul>\n<li>C\u00e2ble de raccordement enti\u00e8rement blind\u00e9 Cat8 F\/FTP<\/li>\n<li>C\u00e2ble toronn\u00e9 pour une flexibilit\u00e9 maximale.<\/li>\n<li>La conception du c\u00e2ble plat facilite l'acc\u00e8s aux espaces restreints.<\/li>\n<li>Paires blind\u00e9es individuellement avec une feuille d'aluminium<\/li>\n<li>Conforme ou sup\u00e9rieur aux sp\u00e9cifications TIA\/EIA -568-C.2 et ISO\/IEC 11801<\/li>\n<li>Id\u00e9al pour les exigences architecturales des centres de donn\u00e9es<\/li>\n<li>Offre des performances de transmission exceptionnelles et de faibles pertes de signal<\/li>\n<li>Disponible avec diff\u00e9rentes couleurs de c\u00e2ble<\/li>\n<li>Disponible en diff\u00e9rentes longueurs<\/li>\n<li>Conformit\u00e9 ROHS, REACH<\/li>\n<\/ul>\n<h2>Sp\u00e9cifications<\/h2>\n<ul>\n<li>Conducteur : cuivre nu<\/li>\n<li>Calibre du fil : 30AWG 7\/0.10\u00b10.008mm<\/li>\n<li>Isolation : Mousse PE<\/li>\n<li>Couleur de l'isolation : Bleu\/Blanc, Bleu ; Orange\/Blanc, Orange ; Vert\/Blanc, Vert ; Marron\/Blanc, Marron<\/li>\n<li>Blindage : Feuille d'aluminium<\/li>\n<li>Blindage global : Feuille d'aluminium<\/li>\n<li>Drain : 30AWG 7\/0.10\u00b10.008mm<\/li>\n<li>Gaine : PVC<\/li>\n<li>Diam\u00e8tre ext\u00e9rieur : (8,5\u00b10,2mm)*(2,8\u00b10,15mm)<\/li>\n<li>Connecteur 1 : RJ45 Cat8 FTP<\/li>\n<li>Connecteur 1 : RJ45 Cat8 FTP<\/li>\n<li>Contact : 50U plaqu\u00e9 or, coque plaqu\u00e9e nickel<\/li>\n<li>Test : Testeur Fluke<\/li>\n<\/ul>\n<h2>T\u00e9l\u00e9charger :<\/h2>\n<ul>\n<li>Fiche technique du cordon de raccordement plat ultra fin Cat8 F\/FTP<\/li>\n<\/ul>\n<h2>Informations sur la commande :<\/h2>\n<p>FS17110F**-xxx : Cordon de raccordement plat Ca8 F\/FTP ultra fin<\/p>\n<ul>\n<li>**=couleur : GY=GREY, BK=BLACK, WT=WHITE, BU=BLUE, RD=RED, YL=YELLOW, OG=ORANGE, GN=GREEN<\/li>\n<li>xxx=Longueur : 003=0,3M, 005=0,5M, 010=1,0M, 018=1,8M, 030=3,0M, 050=5,0M, 075=7,5M, 100=10M, 200=20M, 300=30M<\/li>\n<li>Par exemple : FS17110FBU-018=Cordon de raccordement plat ultra fin Cat7 F\/FTP, couleur bleue, longueur 1.8M<\/li>\n<\/ul>","protected":false},"excerpt":{"rendered":"<p>Cordon de raccordement Cat8 F\/FTP plat blind\u00e9 torsad\u00e9 4 paires<\/p>","protected":false},"featured_media":16764,"template":"","meta":{"_acf_changed":false,"_seopress_robots_primary_cat":"","_seopress_titles_title":"Ethernet Flat Patch Cord Lan Cable Cat8 Manufacturer - Farsince","_seopress_titles_desc":"We are a cat8 manufacturer, offering a wide range of cat8 network cable with high quality and reasonable price","_seopress_robots_index":"","site-sidebar-layout":"default","site-content-layout":"default","ast-site-content-layout":"default","site-content-style":"default","site-sidebar-style":"default","ast-global-header-display":"","ast-banner-title-visibility":"","ast-main-header-display":"","ast-hfb-above-header-display":"","ast-hfb-below-header-display":"","ast-hfb-mobile-header-display":"","site-post-title":"","ast-breadcrumbs-content":"","ast-featured-img":"","footer-sml-layout":"","ast-disable-related-posts":"","theme-transparent-header-meta":"default","adv-header-id-meta":"","stick-header-meta":"","header-above-stick-meta":"","header-main-stick-meta":"","header-below-stick-meta":"","astra-migrate-meta-layouts":"default","ast-page-background-enabled":"default","ast-page-background-meta":{"desktop":{"background-color":"","background-image":"","background-repeat":"repeat","background-position":"center center","background-size":"auto","background-attachment":"scroll","background-type":"","background-media":"","overlay-type":"","overlay-color":"","overlay-opacity":"","overlay-gradient":""},"tablet":{"background-color":"","background-image":"","background-repeat":"repeat","background-position":"center center","background-size":"auto","background-attachment":"scroll","background-type":"","background-media":"","overlay-type":"","overlay-color":"","overlay-opacity":"","overlay-gradient":""},"mobile":{"background-color":"","background-image":"","background-repeat":"repeat","background-position":"center center","background-size":"auto","background-attachment":"scroll","background-type":"","background-media":"","overlay-type":"","overlay-color":"","overlay-opacity":"","overlay-gradient":""}},"ast-content-background-meta":{"desktop":{"background-color":"var(--ast-global-color-5)","background-image":"","background-repeat":"repeat","background-position":"center center","background-size":"auto","background-attachment":"scroll","background-type":"","background-media":"","overlay-type":"","overlay-color":"","overlay-opacity":"","overlay-gradient":""},"tablet":{"background-color":"var(--ast-global-color-5)","background-image":"","background-repeat":"repeat","background-position":"center center","background-size":"auto","background-attachment":"scroll","background-type":"","background-media":"","overlay-type":"","overlay-color":"","overlay-opacity":"","overlay-gradient":""},"mobile":{"background-color":"var(--ast-global-color-5)","background-image":"","background-repeat":"repeat","background-position":"center center","background-size":"auto","background-attachment":"scroll","background-type":"","background-media":"","overlay-type":"","overlay-color":"","overlay-opacity":"","overlay-gradient":""}},"iawp_total_views":11},"product_brand":[],"product_cat":[631,209],"product_tag":[],"class_list":{"0":"post-16763","1":"product","2":"type-product","3":"status-publish","4":"has-post-thumbnail","6":"product_cat-patch-cables","7":"product_cat-ethernet-cable","8":"desktop-align-left","9":"tablet-align-left","10":"mobile-align-left","12":"first","13":"instock","14":"shipping-taxable","15":"purchasable","16":"product-type-simple"},"acf":[],"_links":{"self":[{"href":"https:\/\/www.fjpremium.com\/fr\/wp-json\/wp\/v2\/product\/16763","targetHints":{"allow":["GET"]}}],"collection":[{"href":"https:\/\/www.fjpremium.com\/fr\/wp-json\/wp\/v2\/product"}],"about":[{"href":"https:\/\/www.fjpremium.com\/fr\/wp-json\/wp\/v2\/types\/product"}],"wp:featuredmedia":[{"embeddable":true,"href":"https:\/\/www.fjpremium.com\/fr\/wp-json\/wp\/v2\/media\/16764"}],"wp:attachment":[{"href":"https:\/\/www.fjpremium.com\/fr\/wp-json\/wp\/v2\/media?parent=16763"}],"wp:term":[{"taxonomy":"product_brand","embeddable":true,"href":"https:\/\/www.fjpremium.com\/fr\/wp-json\/wp\/v2\/product_brand?post=16763"},{"taxonomy":"product_cat","embeddable":true,"href":"https:\/\/www.fjpremium.com\/fr\/wp-json\/wp\/v2\/product_cat?post=16763"},{"taxonomy":"product_tag","embeddable":true,"href":"https:\/\/www.fjpremium.com\/fr\/wp-json\/wp\/v2\/product_tag?post=16763"}],"curies":[{"name":"wp","href":"https:\/\/api.w.org\/{rel}","templated":true}]}}