{"id":16755,"date":"2020-12-15T11:38:43","date_gmt":"2020-12-15T03:38:43","guid":{"rendered":"https:\/\/www.fjpremium.com\/?post_type=product&#038;p=16755"},"modified":"2023-12-14T13:56:44","modified_gmt":"2023-12-14T05:56:44","slug":"cat6a-utp-cable-rj45-unshielded-cat6a-patch-cord-cable","status":"publish","type":"product","link":"https:\/\/www.fjpremium.com\/fr\/product\/cat6a-utp-cable-rj45-unshielded-cat6a-patch-cord-cable\/","title":{"rendered":"C\u00e2ble de raccordement RJ45 Cat6a UTP non blind\u00e9"},"content":{"rendered":"<p>Ce c\u00e2ble de raccordement est con\u00e7u pour connecter un large \u00e9ventail de composants de r\u00e9seaux LAN, notamment des PC, des serveurs informatiques, des imprimantes, des routeurs, des bo\u00eetiers de commutation, des lecteurs multim\u00e9dias en r\u00e9seau, des NAS, des t\u00e9l\u00e9phones VoIP et des dispositifs PoE.<\/p>\n<p>Construisez votre r\u00e9seau domestique ou professionnel avec l'Ethernet Gigabit 10GBase-T en l'utilisant, qui respecte ou d\u00e9passe les performances de la cat\u00e9gorie 6 conform\u00e9ment aux sp\u00e9cifications TIA\/EIA-568-C.2 et ISO\/IEC 11801.<\/p>\n<p>Notre c\u00e2ble de raccordement est dot\u00e9 de contacts plaqu\u00e9s or, de capuchons anti-traction moul\u00e9s et de moules sans accrocs pour les connecteurs.<\/p>\n<p>Ces caract\u00e9ristiques permettent non seulement de r\u00e9sister \u00e0 la corrosion, mais aussi d'assurer la durabilit\u00e9 et la s\u00e9curit\u00e9 de la connexion.<\/p>\n<p>Fabriqu\u00e9 avec des conducteurs en cuivre nu, il est conforme aux sp\u00e9cifications des c\u00e2bles de communication et am\u00e9liore les performances globales.<\/p>\n<p>Ce c\u00e2ble Cat6a U\/UTP flexible et durable offre une bande passante \u00e9lev\u00e9e allant jusqu'\u00e0 500 MHz, garantissant un transfert de donn\u00e9es \u00e0 grande vitesse pour les applications de serveur, l'informatique en nuage, la vid\u00e9osurveillance et le streaming vid\u00e9o haute d\u00e9finition en ligne.<\/p>\n<p>De plus, le c\u00e2ble toronn\u00e9 26AWG offre une flexibilit\u00e9 maximale, ce qui le rend parfait pour les diff\u00e9rentes exigences architecturales des centres de donn\u00e9es.<\/p>\n<p>De plus, disponible en plusieurs couleurs et longueurs, notre cordon de raccordement est conforme aux normes ROHS et REACH.<\/p>\n<p>Il pr\u00e9sente des caract\u00e9ristiques impressionnantes, notamment<\/p>\n<ul>\n<li>Conducteur : Cuivre nu<\/li>\n<li>Diam\u00e8tre du fil : 26AWG 7\/0.16\u00b10.015mm<\/li>\n<li>Isolation : PEHD<\/li>\n<li>Couleur de l'isolation : bleu\/blanc, bleu ; orange\/blanc, orange ; vert\/blanc, vert ; brun\/blanc, brun<\/li>\n<li>Blindage : Aucun<\/li>\n<li>Tressage : Aucune<\/li>\n<li>Gaine : PVC<\/li>\n<li>Diam\u00e8tre ext\u00e9rieur : 5,5\u00b10,2 mm<\/li>\n<li>Connecteur 1 : RJ45 Cat6A UTP<\/li>\n<li>Connecteur 1 : RJ45 Cat6A UTP<\/li>\n<li>Contact : Plaqu\u00e9 or 3U<\/li>\n<li>Test : Testeur Fluke<\/li>\n<\/ul>\n<p>Am\u00e9liorez donc votre infrastructure r\u00e9seau avec le c\u00e2ble RJ45 cat6a UTP non blind\u00e9 de Farsince pour une solution rapide, fiable et efficace pour r\u00e9pondre \u00e0 vos besoins en mati\u00e8re de r\u00e9seau.<\/p>\n<h2>T\u00e9l\u00e9charger :<\/h2>\n<ul>\n<li>Fiche technique du cordon de raccordement Cat6A U\/UTP non blind\u00e9 torsad\u00e9 4 paires<\/li>\n<\/ul>\n<h2>Informations sur la commande :<\/h2>\n<p>FS17106**-xxx : Cordon de raccordement Cat6A U\/UTP non blind\u00e9 torsad\u00e9 4 paires<\/p>\n<ul>\n<li>**=couleur : GY=GREY, BK=BLACK, WT=WHITE, BU=BLUE, RD=RED, YL=YELLOW, OG=ORANGE, GN=GREEN<\/li>\n<li>xxx=Longueur : 003=0,3M, 005=0,5M, 010=1,0M, 018=1,8M, 030=3,0M, 050=5,0M, 075=7,5M, 100=10M, 200=20M, 300=30M, 400=40M, 500=50M<\/li>\n<li>Par exemple : FS17106BU-018= Cordon de raccordement Cat6A U\/UTP non blind\u00e9 torsad\u00e9 4 paires, longueur 1.8M<\/li>\n<\/ul>","protected":false},"excerpt":{"rendered":"<p>Am\u00e9liorez les performances de votre r\u00e9seau LAN avec le c\u00e2ble RJ45 cat6a UTP non blind\u00e9 de haute qualit\u00e9 de Farsince.<\/p>","protected":false},"featured_media":16756,"template":"","meta":{"_acf_changed":false,"_seopress_robots_primary_cat":"","_seopress_titles_title":"Best Cat6a UTP Patch Cord Cable - Farsince","_seopress_titles_desc":"","_seopress_robots_index":"","site-sidebar-layout":"default","site-content-layout":"default","ast-site-content-layout":"default","site-content-style":"default","site-sidebar-style":"default","ast-global-header-display":"","ast-banner-title-visibility":"","ast-main-header-display":"","ast-hfb-above-header-display":"","ast-hfb-below-header-display":"","ast-hfb-mobile-header-display":"","site-post-title":"","ast-breadcrumbs-content":"","ast-featured-img":"","footer-sml-layout":"","ast-disable-related-posts":"","theme-transparent-header-meta":"default","adv-header-id-meta":"","stick-header-meta":"","header-above-stick-meta":"","header-main-stick-meta":"","header-below-stick-meta":"","astra-migrate-meta-layouts":"default","ast-page-background-enabled":"default","ast-page-background-meta":{"desktop":{"background-color":"","background-image":"","background-repeat":"repeat","background-position":"center center","background-size":"auto","background-attachment":"scroll","background-type":"","background-media":"","overlay-type":"","overlay-color":"","overlay-opacity":"","overlay-gradient":""},"tablet":{"background-color":"","background-image":"","background-repeat":"repeat","background-position":"center center","background-size":"auto","background-attachment":"scroll","background-type":"","background-media":"","overlay-type":"","overlay-color":"","overlay-opacity":"","overlay-gradient":""},"mobile":{"background-color":"","background-image":"","background-repeat":"repeat","background-position":"center center","background-size":"auto","background-attachment":"scroll","background-type":"","background-media":"","overlay-type":"","overlay-color":"","overlay-opacity":"","overlay-gradient":""}},"ast-content-background-meta":{"desktop":{"background-color":"var(--ast-global-color-5)","background-image":"","background-repeat":"repeat","background-position":"center center","background-size":"auto","background-attachment":"scroll","background-type":"","background-media":"","overlay-type":"","overlay-color":"","overlay-opacity":"","overlay-gradient":""},"tablet":{"background-color":"var(--ast-global-color-5)","background-image":"","background-repeat":"repeat","background-position":"center center","background-size":"auto","background-attachment":"scroll","background-type":"","background-media":"","overlay-type":"","overlay-color":"","overlay-opacity":"","overlay-gradient":""},"mobile":{"background-color":"var(--ast-global-color-5)","background-image":"","background-repeat":"repeat","background-position":"center center","background-size":"auto","background-attachment":"scroll","background-type":"","background-media":"","overlay-type":"","overlay-color":"","overlay-opacity":"","overlay-gradient":""}},"iawp_total_views":4},"product_brand":[],"product_cat":[631,209],"product_tag":[],"class_list":{"0":"post-16755","1":"product","2":"type-product","3":"status-publish","4":"has-post-thumbnail","6":"product_cat-patch-cables","7":"product_cat-ethernet-cable","8":"desktop-align-left","9":"tablet-align-left","10":"mobile-align-left","12":"first","13":"instock","14":"shipping-taxable","15":"purchasable","16":"product-type-simple"},"acf":[],"_links":{"self":[{"href":"https:\/\/www.fjpremium.com\/fr\/wp-json\/wp\/v2\/product\/16755","targetHints":{"allow":["GET"]}}],"collection":[{"href":"https:\/\/www.fjpremium.com\/fr\/wp-json\/wp\/v2\/product"}],"about":[{"href":"https:\/\/www.fjpremium.com\/fr\/wp-json\/wp\/v2\/types\/product"}],"wp:featuredmedia":[{"embeddable":true,"href":"https:\/\/www.fjpremium.com\/fr\/wp-json\/wp\/v2\/media\/16756"}],"wp:attachment":[{"href":"https:\/\/www.fjpremium.com\/fr\/wp-json\/wp\/v2\/media?parent=16755"}],"wp:term":[{"taxonomy":"product_brand","embeddable":true,"href":"https:\/\/www.fjpremium.com\/fr\/wp-json\/wp\/v2\/product_brand?post=16755"},{"taxonomy":"product_cat","embeddable":true,"href":"https:\/\/www.fjpremium.com\/fr\/wp-json\/wp\/v2\/product_cat?post=16755"},{"taxonomy":"product_tag","embeddable":true,"href":"https:\/\/www.fjpremium.com\/fr\/wp-json\/wp\/v2\/product_tag?post=16755"}],"curies":[{"name":"wp","href":"https:\/\/api.w.org\/{rel}","templated":true}]}}