{"id":16746,"date":"2020-12-15T11:36:57","date_gmt":"2020-12-15T03:36:57","guid":{"rendered":"https:\/\/www.fjpremium.com\/?post_type=product&#038;p=16746"},"modified":"2023-12-14T13:56:45","modified_gmt":"2023-12-14T05:56:45","slug":"cat6-ftp-ethernet-patch-cord-cable-shield-rj45-plug-ftp-cat6-cable","status":"publish","type":"product","link":"https:\/\/www.fjpremium.com\/fr\/product\/cat6-ftp-ethernet-patch-cord-cable-shield-rj45-plug-ftp-cat6-cable\/","title":{"rendered":"Shield FTP RJ45 Plug Cat6 Ethernet Patch Cord Cable"},"content":{"rendered":"<p>Cr\u00e9ez un r\u00e9seau fiable \u00e0 la maison ou au bureau avec l'Ethernet Gigabit 1000 Base-T \u00e0 l'aide de ce c\u00e2ble de cordon de raccordement Ethernet cat6 \u00e0 prise RJ45 avanc\u00e9e qui offre une protection maximale contre les interf\u00e9rences \u00e9lectromagn\u00e9tiques.<\/p>\n<p>Gr\u00e2ce \u00e0 lui, vous pouvez b\u00e9n\u00e9ficier d'un transfert de donn\u00e9es \u00e0 grande vitesse pour les applications serveur, l'informatique en nuage, la vid\u00e9osurveillance et la diffusion de vid\u00e9os haute d\u00e9finition en ligne.<\/p>\n<p>Con\u00e7u comme un c\u00e2ble de raccordement blind\u00e9 Cat6 F\/UTP, il offre une flexibilit\u00e9 maximale gr\u00e2ce \u00e0 sa construction en c\u00e2ble toronn\u00e9 et \u00e0 un blindage global du c\u00e2ble qui offre une protection sup\u00e9rieure contre les bruits EMI\/RFI.<\/p>\n<p>Le cordon de raccordement Ethernet cat6 \u00e0 prise RJ45 est \u00e9galement dot\u00e9 de contacts plaqu\u00e9s or, d'embouts anti-traction moul\u00e9s et de moules sans accroc dans les connecteurs pour une connexion s\u00e9curis\u00e9e.<\/p>\n<p>Fabriqu\u00e9 avec des conducteurs en cuivre nu ou CCA, il r\u00e9pond aux sp\u00e9cifications des c\u00e2bles de communication et offre une large bande passante allant jusqu'\u00e0 500 MHz.<\/p>\n<p>En outre, notre c\u00e2ble est conforme aux sp\u00e9cifications TIA\/EIA-568-C.2 et ISO\/IEC 11801, ce qui le rend parfaitement adapt\u00e9 aux exigences architecturales des centres de donn\u00e9es.<\/p>\n<p>Disponible en diff\u00e9rentes couleurs et longueurs, vous pouvez facilement trouver le c\u00e2ble qui correspond \u00e0 vos besoins sp\u00e9cifiques.<\/p>\n<p>De plus, il est conforme aux normes ROHS et REACH, ce qui garantit qu'il est respectueux de l'environnement et qu'il adh\u00e8re aux normes de s\u00e9curit\u00e9.<\/p>\n<p>Sp\u00e9cifications :<\/p>\n<ul>\n<li>Conducteur : Cuivre nu ou CCA<\/li>\n<li>Calibre des fils : 30\/28\/26\/24AWG<\/li>\n<li>Isolation : PEHD<\/li>\n<li>Couleur de l'isolation : bleu\/blanc, bleu ; orange\/blanc, orange ; vert\/blanc, vert ; marron\/blanc, marron<\/li>\n<li>Blindage : Fil de drainage<\/li>\n<li>Tressage : Aucune<\/li>\n<li>Gaine : PVC<\/li>\n<li>Diam\u00e8tre ext\u00e9rieur : 6,0\u00b10,2 mm<\/li>\n<li>Connecteur 1 : RJ45 Cat6 FTP<\/li>\n<li>Connecteur 2 : RJ45 Cat6 FTP<\/li>\n<li>Contact : 3U plaqu\u00e9 or, coquille plaqu\u00e9e nickel<\/li>\n<li>Test : Testeur Fluke<\/li>\n<\/ul>\n<p>Par cons\u00e9quent, mettez \u00e0 niveau votre infrastructure r\u00e9seau avec ce c\u00e2ble RJ45 cat6 Ethernet patch cord, con\u00e7u pour des performances et une fiabilit\u00e9 optimales dans des environnements exigeants et sensibles au bruit.<\/p>\n<h2>T\u00e9l\u00e9charger :<\/h2>\n<ul>\n<li>Fiche technique du c\u00e2ble patch ethernet Cat6 F\/UTP non blind\u00e9 torsad\u00e9 4 paires<\/li>\n<\/ul>\n<h2>Informations sur la commande :<\/h2>\n<p>FS17104**-xxx : Cordon de raccordement r\u00e9seau Cat6 F\/UTP<\/p>\n<ul>\n<li>**=couleur : GY=GREY, BK=BLACK, WT=WHITE, BU=BLUE, RD=RED, YL=YELLOW, OG=ORANGE, GN=GREEN<\/li>\n<li>xxx=Longueur : 003=0,3M, 005=0,5M, 010=1,0M, 018=1,8M, 030=3,0M, 050=5,0M, 075=7,5M, 100=10M, 200=20M, 300=30M, 400=40M, 500=50M<\/li>\n<li>Par exemple : FS17104BU-018= Cordon de raccordement Ethernet Cat6 F\/UTP, couleur bleu, longueur 1.8M<\/li>\n<\/ul>","protected":false},"excerpt":{"rendered":"<p>Notre c\u00e2ble blind\u00e9 FTP RJ45 cat6 Ethernet patch cord connecte parfaitement les diff\u00e9rents composants du r\u00e9seau LAN dans un environnement EMI\/RFI bruyant.<\/p>","protected":false},"featured_media":16747,"template":"","meta":{"_acf_changed":false,"_seopress_robots_primary_cat":"","_seopress_titles_title":"Best RJ45 Plug Cat6 Ethernet Patch Cord Cable - Farsince","_seopress_titles_desc":"","_seopress_robots_index":"","site-sidebar-layout":"default","site-content-layout":"default","ast-site-content-layout":"default","site-content-style":"default","site-sidebar-style":"default","ast-global-header-display":"","ast-banner-title-visibility":"","ast-main-header-display":"","ast-hfb-above-header-display":"","ast-hfb-below-header-display":"","ast-hfb-mobile-header-display":"","site-post-title":"","ast-breadcrumbs-content":"","ast-featured-img":"","footer-sml-layout":"","ast-disable-related-posts":"","theme-transparent-header-meta":"default","adv-header-id-meta":"","stick-header-meta":"","header-above-stick-meta":"","header-main-stick-meta":"","header-below-stick-meta":"","astra-migrate-meta-layouts":"default","ast-page-background-enabled":"default","ast-page-background-meta":{"desktop":{"background-color":"","background-image":"","background-repeat":"repeat","background-position":"center center","background-size":"auto","background-attachment":"scroll","background-type":"","background-media":"","overlay-type":"","overlay-color":"","overlay-opacity":"","overlay-gradient":""},"tablet":{"background-color":"","background-image":"","background-repeat":"repeat","background-position":"center center","background-size":"auto","background-attachment":"scroll","background-type":"","background-media":"","overlay-type":"","overlay-color":"","overlay-opacity":"","overlay-gradient":""},"mobile":{"background-color":"","background-image":"","background-repeat":"repeat","background-position":"center center","background-size":"auto","background-attachment":"scroll","background-type":"","background-media":"","overlay-type":"","overlay-color":"","overlay-opacity":"","overlay-gradient":""}},"ast-content-background-meta":{"desktop":{"background-color":"var(--ast-global-color-5)","background-image":"","background-repeat":"repeat","background-position":"center center","background-size":"auto","background-attachment":"scroll","background-type":"","background-media":"","overlay-type":"","overlay-color":"","overlay-opacity":"","overlay-gradient":""},"tablet":{"background-color":"var(--ast-global-color-5)","background-image":"","background-repeat":"repeat","background-position":"center center","background-size":"auto","background-attachment":"scroll","background-type":"","background-media":"","overlay-type":"","overlay-color":"","overlay-opacity":"","overlay-gradient":""},"mobile":{"background-color":"var(--ast-global-color-5)","background-image":"","background-repeat":"repeat","background-position":"center center","background-size":"auto","background-attachment":"scroll","background-type":"","background-media":"","overlay-type":"","overlay-color":"","overlay-opacity":"","overlay-gradient":""}},"iawp_total_views":13},"product_brand":[],"product_cat":[631,209],"product_tag":[],"class_list":{"0":"post-16746","1":"product","2":"type-product","3":"status-publish","4":"has-post-thumbnail","6":"product_cat-patch-cables","7":"product_cat-ethernet-cable","8":"desktop-align-left","9":"tablet-align-left","10":"mobile-align-left","12":"first","13":"instock","14":"shipping-taxable","15":"purchasable","16":"product-type-simple"},"acf":[],"_links":{"self":[{"href":"https:\/\/www.fjpremium.com\/fr\/wp-json\/wp\/v2\/product\/16746","targetHints":{"allow":["GET"]}}],"collection":[{"href":"https:\/\/www.fjpremium.com\/fr\/wp-json\/wp\/v2\/product"}],"about":[{"href":"https:\/\/www.fjpremium.com\/fr\/wp-json\/wp\/v2\/types\/product"}],"wp:featuredmedia":[{"embeddable":true,"href":"https:\/\/www.fjpremium.com\/fr\/wp-json\/wp\/v2\/media\/16747"}],"wp:attachment":[{"href":"https:\/\/www.fjpremium.com\/fr\/wp-json\/wp\/v2\/media?parent=16746"}],"wp:term":[{"taxonomy":"product_brand","embeddable":true,"href":"https:\/\/www.fjpremium.com\/fr\/wp-json\/wp\/v2\/product_brand?post=16746"},{"taxonomy":"product_cat","embeddable":true,"href":"https:\/\/www.fjpremium.com\/fr\/wp-json\/wp\/v2\/product_cat?post=16746"},{"taxonomy":"product_tag","embeddable":true,"href":"https:\/\/www.fjpremium.com\/fr\/wp-json\/wp\/v2\/product_tag?post=16746"}],"curies":[{"name":"wp","href":"https:\/\/api.w.org\/{rel}","templated":true}]}}