{"id":16737,"date":"2020-12-15T11:35:05","date_gmt":"2020-12-15T03:35:05","guid":{"rendered":"https:\/\/www.fjpremium.com\/?post_type=product&#038;p=16737"},"modified":"2023-12-14T13:56:45","modified_gmt":"2023-12-14T05:56:45","slug":"cat6-utp-flat-ethernet-cable-slim-utp-cat6-flat-network-patch-cable","status":"publish","type":"product","link":"https:\/\/www.fjpremium.com\/fr\/product\/cat6-utp-flat-ethernet-cable-slim-utp-cat6-flat-network-patch-cable\/","title":{"rendered":"C\u00e2ble Ethernet plat Cat6 UTP mince"},"content":{"rendered":"<p>B\u00e9n\u00e9ficiez d'une mise en r\u00e9seau transparente \u00e0 la maison ou au bureau gr\u00e2ce \u00e0 l'Ethernet Gigabit 1000 Base-T, \u00e0 l'aide de ce c\u00e2ble Ethernet plat con\u00e7u pour une gestion et une installation sans effort dans les espaces restreints.<\/p>\n<p>Dot\u00e9 de caract\u00e9ristiques cl\u00e9s telles que la conception Cat6 U\/UTP non blind\u00e9e pour des performances optimales et une flexibilit\u00e9 maximale, son design \u00e9limine les cordons emm\u00eal\u00e9s tout en conservant de l'espace, ce qui en fait le choix id\u00e9al pour le routage sous les tapis, les portes, les bras rotatifs, les tiroirs ou le long des murs.<\/p>\n<p>Notre c\u00e2ble plat Ethernet r\u00e9pond parfaitement aux exigences architecturales des centres de donn\u00e9es et est conforme aux sp\u00e9cifications TIA\/EIA -568B Cat\u00e9gorie 6 et ISO\/IEC 11801.<\/p>\n<p>Vous pouvez trouver le c\u00e2ble id\u00e9al avec diff\u00e9rentes options de couleur et de longueur pour r\u00e9pondre \u00e0 vos besoins. Respectueux de l'environnement et s\u00fbr, il est \u00e9galement conforme aux normes ROHS et REACH.<\/p>\n<p>En outre, les contacts plaqu\u00e9s or, les gaines moul\u00e9es anti-traction et les conducteurs en cuivre nu ou CCA garantissent la durabilit\u00e9, une connexion s\u00fbre et des performances de c\u00e2ble am\u00e9lior\u00e9es conform\u00e9ment aux sp\u00e9cifications des c\u00e2bles de communication.<\/p>\n<p>Sp\u00e9cifications :<\/p>\n<ul>\n<li>Calibre des fils : 30\/28AWG<\/li>\n<li>Isolation : PEHD<\/li>\n<li>Couleur de l'isolation : bleu\/blanc, bleu ; orange\/blanc, orange ; vert\/blanc, vert ; marron\/blanc, marron<\/li>\n<li>Blindage : Aucun<\/li>\n<li>Tressage : Aucune<\/li>\n<li>Gaine : PVC<\/li>\n<li>Diam\u00e8tre ext\u00e9rieur : 1,5*6,05\u00b10,2mm<\/li>\n<li>Connecteur 1 : RJ45 Cat6 UTP<\/li>\n<li>Connecteur 1 : RJ45 Cat6 UTP<\/li>\n<li>Test : Testeur Fluke<\/li>\n<\/ul>\n<p>En bref, r\u00e9organisez votre r\u00e9seau et am\u00e9liorez la connectivit\u00e9 avec le c\u00e2ble Ethernet plat non blind\u00e9 cat6 U\/UTP de Farsince.<\/p>\n<h2>T\u00e9l\u00e9charger :<\/h2>\n<ul>\n<li>Fiche technique de Cat6 U\/UTP Flat unshielded twisted 4 pairs ethernet patch cable<\/li>\n<\/ul>\n<h2>Informations sur la commande :<\/h2>\n<p>FS17103F**-xxx : Cordon de raccordement r\u00e9seau plat Cat6 U\/UTP<\/p>\n<ul>\n<li>**=couleur : GY=GREY, BK=BLACK, WT=WHITE, BU=BLUE, RD=RED, YL=YELLOW, OG=ORANGE, GN=GREEN<\/li>\n<li>xxx=Longueur : 003=0,3M, 005=0,5M, 010=1,0M, 018=1,8M, 030=3,0M, 050=5,0M, 075=7,5M, 100=10M, 200=20M, 300=30M, 400=40M, 500=50M<\/li>\n<li>Par exemple : FS17103FBU-018= Cat6 U\/UTP Flat ethernet patch cord, Blue color, 1.8M Length<\/li>\n<\/ul>","protected":false},"excerpt":{"rendered":"<p>D\u00e9couvrez notre c\u00e2ble Ethernet plat non blind\u00e9 cat6 U\/UTP, une solution de connectivit\u00e9 id\u00e9ale pour divers composants de r\u00e9seaux LAN tels que les PC, les serveurs, les imprimantes, etc.<\/p>","protected":false},"featured_media":16738,"template":"","meta":{"_acf_changed":false,"_seopress_robots_primary_cat":"","_seopress_titles_title":"Best Slim Cat6 UTP Flat Ethernet Cable - Farsince","_seopress_titles_desc":"","_seopress_robots_index":"","site-sidebar-layout":"default","site-content-layout":"default","ast-site-content-layout":"default","site-content-style":"default","site-sidebar-style":"default","ast-global-header-display":"","ast-banner-title-visibility":"","ast-main-header-display":"","ast-hfb-above-header-display":"","ast-hfb-below-header-display":"","ast-hfb-mobile-header-display":"","site-post-title":"","ast-breadcrumbs-content":"","ast-featured-img":"","footer-sml-layout":"","ast-disable-related-posts":"","theme-transparent-header-meta":"default","adv-header-id-meta":"","stick-header-meta":"","header-above-stick-meta":"","header-main-stick-meta":"","header-below-stick-meta":"","astra-migrate-meta-layouts":"default","ast-page-background-enabled":"default","ast-page-background-meta":{"desktop":{"background-color":"","background-image":"","background-repeat":"repeat","background-position":"center center","background-size":"auto","background-attachment":"scroll","background-type":"","background-media":"","overlay-type":"","overlay-color":"","overlay-opacity":"","overlay-gradient":""},"tablet":{"background-color":"","background-image":"","background-repeat":"repeat","background-position":"center center","background-size":"auto","background-attachment":"scroll","background-type":"","background-media":"","overlay-type":"","overlay-color":"","overlay-opacity":"","overlay-gradient":""},"mobile":{"background-color":"","background-image":"","background-repeat":"repeat","background-position":"center center","background-size":"auto","background-attachment":"scroll","background-type":"","background-media":"","overlay-type":"","overlay-color":"","overlay-opacity":"","overlay-gradient":""}},"ast-content-background-meta":{"desktop":{"background-color":"var(--ast-global-color-5)","background-image":"","background-repeat":"repeat","background-position":"center center","background-size":"auto","background-attachment":"scroll","background-type":"","background-media":"","overlay-type":"","overlay-color":"","overlay-opacity":"","overlay-gradient":""},"tablet":{"background-color":"var(--ast-global-color-5)","background-image":"","background-repeat":"repeat","background-position":"center center","background-size":"auto","background-attachment":"scroll","background-type":"","background-media":"","overlay-type":"","overlay-color":"","overlay-opacity":"","overlay-gradient":""},"mobile":{"background-color":"var(--ast-global-color-5)","background-image":"","background-repeat":"repeat","background-position":"center center","background-size":"auto","background-attachment":"scroll","background-type":"","background-media":"","overlay-type":"","overlay-color":"","overlay-opacity":"","overlay-gradient":""}},"iawp_total_views":5},"product_brand":[],"product_cat":[631,209],"product_tag":[],"class_list":{"0":"post-16737","1":"product","2":"type-product","3":"status-publish","4":"has-post-thumbnail","6":"product_cat-patch-cables","7":"product_cat-ethernet-cable","8":"desktop-align-left","9":"tablet-align-left","10":"mobile-align-left","12":"first","13":"instock","14":"shipping-taxable","15":"purchasable","16":"product-type-simple"},"acf":[],"_links":{"self":[{"href":"https:\/\/www.fjpremium.com\/fr\/wp-json\/wp\/v2\/product\/16737","targetHints":{"allow":["GET"]}}],"collection":[{"href":"https:\/\/www.fjpremium.com\/fr\/wp-json\/wp\/v2\/product"}],"about":[{"href":"https:\/\/www.fjpremium.com\/fr\/wp-json\/wp\/v2\/types\/product"}],"wp:featuredmedia":[{"embeddable":true,"href":"https:\/\/www.fjpremium.com\/fr\/wp-json\/wp\/v2\/media\/16738"}],"wp:attachment":[{"href":"https:\/\/www.fjpremium.com\/fr\/wp-json\/wp\/v2\/media?parent=16737"}],"wp:term":[{"taxonomy":"product_brand","embeddable":true,"href":"https:\/\/www.fjpremium.com\/fr\/wp-json\/wp\/v2\/product_brand?post=16737"},{"taxonomy":"product_cat","embeddable":true,"href":"https:\/\/www.fjpremium.com\/fr\/wp-json\/wp\/v2\/product_cat?post=16737"},{"taxonomy":"product_tag","embeddable":true,"href":"https:\/\/www.fjpremium.com\/fr\/wp-json\/wp\/v2\/product_tag?post=16737"}],"curies":[{"name":"wp","href":"https:\/\/api.w.org\/{rel}","templated":true}]}}