{"id":16728,"date":"2020-12-15T11:33:24","date_gmt":"2020-12-15T03:33:24","guid":{"rendered":"https:\/\/www.fjpremium.com\/?post_type=product&#038;p=16728"},"modified":"2023-12-14T13:56:46","modified_gmt":"2023-12-14T05:56:46","slug":"cat5e-ftp-ethernet-patch-cable-shield-cat5-5e-network-patch-cord","status":"publish","type":"product","link":"https:\/\/www.fjpremium.com\/fr\/product\/cat5e-ftp-ethernet-patch-cable-shield-cat5-5e-network-patch-cord\/","title":{"rendered":"FTP Cat5e Ethernet Patch Cable Shield Cat5e Network Patch Cord"},"content":{"rendered":"<p>Cr\u00e9ez un r\u00e9seau domestique ou professionnel avec l'Ethernet Gigabit 1000 Base-T \u00e0 l'aide de ce c\u00e2ble de raccordement Ethernet cat5e, con\u00e7u pour prot\u00e9ger du bruit EMI\/RFI et des interf\u00e9rences \u00e9lectromagn\u00e9tiques gr\u00e2ce \u00e0 son blindage F\/UTP.<\/p>\n<p>R\u00e9pondant ou d\u00e9passant les normes de performance de la cat\u00e9gorie 5e conform\u00e9ment aux sp\u00e9cifications TIA\/EIA-568-C.2, il est dot\u00e9 de connecteurs plaqu\u00e9s or, de capuchons anti-traction moul\u00e9s et de moules sans accroc pour une r\u00e9sistance \u00e0 la corrosion, une durabilit\u00e9 et une connectivit\u00e9 s\u00e9curis\u00e9e.<\/p>\n<p>De plus, l'am\u00e9lioration des performances du c\u00e2ble est assur\u00e9e par des conducteurs en cuivre nu ou en CCA, conform\u00e9ment aux exigences des c\u00e2bles de communication.<\/p>\n<p>Les principales caract\u00e9ristiques de notre c\u00e2ble de raccordement Ethernet cat5e comprennent le blindage cat5e F\/UTP et la conception du c\u00e2ble toronn\u00e9 pour une flexibilit\u00e9 maximale.<\/p>\n<p>Il r\u00e9pond aux besoins architecturaux des centres de donn\u00e9es et est disponible en diff\u00e9rentes couleurs et longueurs pour s'adapter \u00e0 vos pr\u00e9f\u00e9rences.<\/p>\n<p>Respectueux de l'environnement et s\u00fbr, il est \u00e9galement conforme aux normes ROHS et REACH.<\/p>\n<p>En outre, les sp\u00e9cifications de notre c\u00e2ble de raccordement Ethernet cat5e comprennent un calibre de fil de 30\/28\/26\/24AWG, une isolation HDPE, une isolation \u00e0 code couleur, un blindage de fil de drainage, une gaine en PVC et un diam\u00e8tre ext\u00e9rieur de 5,3\u00b10,2 mm.<\/p>\n<p>Les deux connecteurs sont des RJ45 cat5e FTP, avec des contacts 3U plaqu\u00e9s or et des coques plaqu\u00e9es nickel. Chaque c\u00e2ble est soumis aux tests Fluke pour l'assurance qualit\u00e9.<\/p>\n<p>En conclusion, am\u00e9liorez la connectivit\u00e9 de votre r\u00e9seau avec le c\u00e2ble patch Ethernetcat5e, polyvalent et robuste.<\/p>\n<h2>T\u00e9l\u00e9charger :<\/h2>\n<ul>\n<li>Fiche technique du c\u00e2ble patch ethernet Cat5e F\/UTP non blind\u00e9 torsad\u00e9 4 paires<\/li>\n<\/ul>\n<h2>Informations sur la commande :<\/h2>\n<p>FS17102**-xxx : Cordon de raccordement r\u00e9seau Cat5e F\/UTP<\/p>\n<ul>\n<li>**=couleur : GY=GREY, BK=BLACK, WT=WHITE, BU=BLUE, RD=RED, YL=YELLOW, OG=ORANGE, GN=GREEN<\/li>\n<li>xxx=Longueur : 003=0,3M, 005=0,5M, 010=1,0M, 018=1,8M, 030=3,0M, 050=5,0M, 075=7,5M, 100=10M, 200=20M, 300=30M, 400=40M, 500=50M<\/li>\n<li>Par exemple : FS17102BU-018= Cordon de raccordement Ethernet Cat5e F\/UTP, Couleur bleue, Longueur 1.8M<\/li>\n<\/ul>","protected":false},"excerpt":{"rendered":"<p>Nous vous pr\u00e9sentons ce c\u00e2ble patch Ethernet cat5e, une solution fiable pour \u00e9tablir des connexions dans des environnements EMI\/RFI bruyants avec divers composants de r\u00e9seaux LAN.<\/p>","protected":false},"featured_media":16729,"template":"","meta":{"_acf_changed":false,"_seopress_robots_primary_cat":"","_seopress_titles_title":"Best FTP Cat5e Ethernet Patch Cable - Farsince","_seopress_titles_desc":"","_seopress_robots_index":"","site-sidebar-layout":"default","site-content-layout":"default","ast-site-content-layout":"default","site-content-style":"default","site-sidebar-style":"default","ast-global-header-display":"","ast-banner-title-visibility":"","ast-main-header-display":"","ast-hfb-above-header-display":"","ast-hfb-below-header-display":"","ast-hfb-mobile-header-display":"","site-post-title":"","ast-breadcrumbs-content":"","ast-featured-img":"","footer-sml-layout":"","ast-disable-related-posts":"","theme-transparent-header-meta":"default","adv-header-id-meta":"","stick-header-meta":"","header-above-stick-meta":"","header-main-stick-meta":"","header-below-stick-meta":"","astra-migrate-meta-layouts":"set","ast-page-background-enabled":"default","ast-page-background-meta":{"desktop":{"background-color":"","background-image":"","background-repeat":"repeat","background-position":"center center","background-size":"auto","background-attachment":"scroll","background-type":"","background-media":"","overlay-type":"","overlay-color":"","overlay-opacity":"","overlay-gradient":""},"tablet":{"background-color":"","background-image":"","background-repeat":"repeat","background-position":"center center","background-size":"auto","background-attachment":"scroll","background-type":"","background-media":"","overlay-type":"","overlay-color":"","overlay-opacity":"","overlay-gradient":""},"mobile":{"background-color":"","background-image":"","background-repeat":"repeat","background-position":"center center","background-size":"auto","background-attachment":"scroll","background-type":"","background-media":"","overlay-type":"","overlay-color":"","overlay-opacity":"","overlay-gradient":""}},"ast-content-background-meta":{"desktop":{"background-color":"var(--ast-global-color-5)","background-image":"","background-repeat":"repeat","background-position":"center center","background-size":"auto","background-attachment":"scroll","background-type":"","background-media":"","overlay-type":"","overlay-color":"","overlay-opacity":"","overlay-gradient":""},"tablet":{"background-color":"var(--ast-global-color-5)","background-image":"","background-repeat":"repeat","background-position":"center center","background-size":"auto","background-attachment":"scroll","background-type":"","background-media":"","overlay-type":"","overlay-color":"","overlay-opacity":"","overlay-gradient":""},"mobile":{"background-color":"var(--ast-global-color-5)","background-image":"","background-repeat":"repeat","background-position":"center center","background-size":"auto","background-attachment":"scroll","background-type":"","background-media":"","overlay-type":"","overlay-color":"","overlay-opacity":"","overlay-gradient":""}},"iawp_total_views":5},"product_brand":[],"product_cat":[631,209],"product_tag":[],"class_list":{"0":"post-16728","1":"product","2":"type-product","3":"status-publish","4":"has-post-thumbnail","6":"product_cat-patch-cables","7":"product_cat-ethernet-cable","8":"desktop-align-left","9":"tablet-align-left","10":"mobile-align-left","12":"first","13":"instock","14":"shipping-taxable","15":"purchasable","16":"product-type-simple"},"acf":[],"_links":{"self":[{"href":"https:\/\/www.fjpremium.com\/fr\/wp-json\/wp\/v2\/product\/16728","targetHints":{"allow":["GET"]}}],"collection":[{"href":"https:\/\/www.fjpremium.com\/fr\/wp-json\/wp\/v2\/product"}],"about":[{"href":"https:\/\/www.fjpremium.com\/fr\/wp-json\/wp\/v2\/types\/product"}],"wp:featuredmedia":[{"embeddable":true,"href":"https:\/\/www.fjpremium.com\/fr\/wp-json\/wp\/v2\/media\/16729"}],"wp:attachment":[{"href":"https:\/\/www.fjpremium.com\/fr\/wp-json\/wp\/v2\/media?parent=16728"}],"wp:term":[{"taxonomy":"product_brand","embeddable":true,"href":"https:\/\/www.fjpremium.com\/fr\/wp-json\/wp\/v2\/product_brand?post=16728"},{"taxonomy":"product_cat","embeddable":true,"href":"https:\/\/www.fjpremium.com\/fr\/wp-json\/wp\/v2\/product_cat?post=16728"},{"taxonomy":"product_tag","embeddable":true,"href":"https:\/\/www.fjpremium.com\/fr\/wp-json\/wp\/v2\/product_tag?post=16728"}],"curies":[{"name":"wp","href":"https:\/\/api.w.org\/{rel}","templated":true}]}}