{"id":16634,"date":"2020-12-10T17:11:38","date_gmt":"2020-12-10T09:11:38","guid":{"rendered":"https:\/\/www.fjpremium.com\/?post_type=product&#038;p=16634"},"modified":"2023-12-14T13:55:33","modified_gmt":"2023-12-14T05:55:33","slug":"cat-5e-f-utp-ethernet-installation-bulk-cable-305m-roll-box","status":"publish","type":"product","link":"https:\/\/www.fjpremium.com\/fr\/product\/cat-5e-f-utp-ethernet-installation-bulk-cable-305m-roll-box\/","title":{"rendered":"Bulk Cat5e Cable F\/UTP Ethernet installation 305m roll box"},"content":{"rendered":"<p>Le c\u00e2ble d'installation Ethernet CAT5e F-UTP Foiled de Farsince est id\u00e9al pour les communications de donn\u00e9es de haute performance pour la voix, les donn\u00e9es, la vid\u00e9o et les capacit\u00e9s de s\u00e9curit\u00e9. Compos\u00e9 de quatre paires de conducteurs en cuivre nu de calibre 24, avec un \u00e9cran en aluminium, afin de repousser les interf\u00e9rences \u00e9lectromagn\u00e9tiques (EMI) dans les environnements \u00e9lectriquement bruyants, le c\u00e2ble Ethernet CAT5 F-UTP bulk a une gaine PVC\/CMR\/CMP\/LSZH\/PE et des marques s\u00e9quentielles de pieds ou de m\u00e8tres sur la gaine pour que vous sachiez toujours combien il en reste.<\/p>\n<h3>Caract\u00e9ristiques principales<\/h3>\n<ul>\n<li>F\/UTP<\/li>\n<li>24AWG 0.50mm Cuivre solide sans oxyg\u00e8ne ou CCA<\/li>\n<li>Isolation en PEHD.<\/li>\n<li>PVC\/CMR\/CMP\/LSZH \/PE Options de gaines<\/li>\n<li>Plus d'options de couleurs<\/li>\n<li>Test\u00e9 par Fluke et analyseur de r\u00e9seau<\/li>\n<li>Conformit\u00e9 ROHS, REACH<\/li>\n<li>CPR Eca, Dca Certificats<\/li>\n<\/ul>\n<h3>Conformit\u00e9 aux normes<\/h3>\n<ul>\n<li>IEC\/ISO 11801 2e classe D<\/li>\n<li>ANSI\/TIA568C.2 Cat\u00e9gorie 5e<\/li>\n<li>ISO\/IEC 61156-5 Cat\u00e9gorie 5e<\/li>\n<\/ul>\n<h2>Sp\u00e9cifications<\/h2>\n<ul>\n<li>Conducteur : 24AWG (1\/0,50mm), cuivre nu solide ou CCA<\/li>\n<li>Isolation : PEHD<\/li>\n<li>Blindage : D\u00e9blindage<\/li>\n<li>Tressage : aucun<\/li>\n<li>Diam\u00e8tre ext\u00e9rieur : 6,0 \u00b1 0,2 mm<\/li>\n<li>Options de gaines : PVC, LSZH, CM, CMR (Riser), CMP (Plenum), PE (Outdoor),<\/li>\n<li>Couleur : Gris\/Blanc\/Bleu\/Noir ou personnalis\u00e9e<\/li>\n<\/ul>\n<h2>T\u00e9l\u00e9charger :<\/h2>\n<ul>\n<li>Fiche technique de Cat5e F\/UTP Netwoking installation bulk cable<\/li>\n<\/ul>\n<h2>Informations sur la commande :<\/h2>\n<ul>\n<li>FS17002-C : PVC<\/li>\n<li>FS17002-L : LSZH<\/li>\n<li>FS17002-M : Class\u00e9 CM<\/li>\n<li>FS17002-R : Support CMR<\/li>\n<li>FS17002-P : Pl\u00e9num CMP<\/li>\n<li>FS17002-E : PE pour l'ext\u00e9rieur<\/li>\n<\/ul>","protected":false},"excerpt":{"rendered":"<p>24AWG Solid bare copper or CCA, 305meter\/1000ft, More color and Jacket material options bulk ethernet cable<\/p>","protected":false},"featured_media":16635,"template":"","meta":{"_acf_changed":false,"_seopress_robots_primary_cat":"","_seopress_titles_title":"Bulk Cat 5e Cable - Farsince","_seopress_titles_desc":"","_seopress_robots_index":"","site-sidebar-layout":"default","site-content-layout":"default","ast-site-content-layout":"default","site-content-style":"default","site-sidebar-style":"default","ast-global-header-display":"","ast-banner-title-visibility":"","ast-main-header-display":"","ast-hfb-above-header-display":"","ast-hfb-below-header-display":"","ast-hfb-mobile-header-display":"","site-post-title":"","ast-breadcrumbs-content":"","ast-featured-img":"","footer-sml-layout":"","ast-disable-related-posts":"","theme-transparent-header-meta":"default","adv-header-id-meta":"","stick-header-meta":"","header-above-stick-meta":"","header-main-stick-meta":"","header-below-stick-meta":"","astra-migrate-meta-layouts":"default","ast-page-background-enabled":"default","ast-page-background-meta":{"desktop":{"background-color":"","background-image":"","background-repeat":"repeat","background-position":"center center","background-size":"auto","background-attachment":"scroll","background-type":"","background-media":"","overlay-type":"","overlay-color":"","overlay-opacity":"","overlay-gradient":""},"tablet":{"background-color":"","background-image":"","background-repeat":"repeat","background-position":"center center","background-size":"auto","background-attachment":"scroll","background-type":"","background-media":"","overlay-type":"","overlay-color":"","overlay-opacity":"","overlay-gradient":""},"mobile":{"background-color":"","background-image":"","background-repeat":"repeat","background-position":"center center","background-size":"auto","background-attachment":"scroll","background-type":"","background-media":"","overlay-type":"","overlay-color":"","overlay-opacity":"","overlay-gradient":""}},"ast-content-background-meta":{"desktop":{"background-color":"var(--ast-global-color-5)","background-image":"","background-repeat":"repeat","background-position":"center center","background-size":"auto","background-attachment":"scroll","background-type":"","background-media":"","overlay-type":"","overlay-color":"","overlay-opacity":"","overlay-gradient":""},"tablet":{"background-color":"var(--ast-global-color-5)","background-image":"","background-repeat":"repeat","background-position":"center center","background-size":"auto","background-attachment":"scroll","background-type":"","background-media":"","overlay-type":"","overlay-color":"","overlay-opacity":"","overlay-gradient":""},"mobile":{"background-color":"var(--ast-global-color-5)","background-image":"","background-repeat":"repeat","background-position":"center center","background-size":"auto","background-attachment":"scroll","background-type":"","background-media":"","overlay-type":"","overlay-color":"","overlay-opacity":"","overlay-gradient":""}},"iawp_total_views":14},"product_brand":[],"product_cat":[460,252,209],"product_tag":[],"class_list":{"0":"post-16634","1":"product","2":"type-product","3":"status-publish","4":"has-post-thumbnail","6":"product_cat-featured-products","7":"product_cat-bulk-cables","8":"product_cat-ethernet-cable","9":"desktop-align-left","10":"tablet-align-left","11":"mobile-align-left","13":"first","14":"instock","15":"shipping-taxable","16":"purchasable","17":"product-type-simple"},"acf":[],"_links":{"self":[{"href":"https:\/\/www.fjpremium.com\/fr\/wp-json\/wp\/v2\/product\/16634","targetHints":{"allow":["GET"]}}],"collection":[{"href":"https:\/\/www.fjpremium.com\/fr\/wp-json\/wp\/v2\/product"}],"about":[{"href":"https:\/\/www.fjpremium.com\/fr\/wp-json\/wp\/v2\/types\/product"}],"wp:featuredmedia":[{"embeddable":true,"href":"https:\/\/www.fjpremium.com\/fr\/wp-json\/wp\/v2\/media\/16635"}],"wp:attachment":[{"href":"https:\/\/www.fjpremium.com\/fr\/wp-json\/wp\/v2\/media?parent=16634"}],"wp:term":[{"taxonomy":"product_brand","embeddable":true,"href":"https:\/\/www.fjpremium.com\/fr\/wp-json\/wp\/v2\/product_brand?post=16634"},{"taxonomy":"product_cat","embeddable":true,"href":"https:\/\/www.fjpremium.com\/fr\/wp-json\/wp\/v2\/product_cat?post=16634"},{"taxonomy":"product_tag","embeddable":true,"href":"https:\/\/www.fjpremium.com\/fr\/wp-json\/wp\/v2\/product_tag?post=16634"}],"curies":[{"name":"wp","href":"https:\/\/api.w.org\/{rel}","templated":true}]}}