{"id":16606,"date":"2020-12-10T17:03:30","date_gmt":"2020-12-10T09:03:30","guid":{"rendered":"https:\/\/www.fjpremium.com\/?post_type=product&#038;p=16606"},"modified":"2023-12-14T13:55:50","modified_gmt":"2023-12-14T05:55:50","slug":"cat-7a-s-ftp-shielded-and-foiled-twisted-pair-ethernet-installation-cable-1000mhz","status":"publish","type":"product","link":"https:\/\/www.fjpremium.com\/fr\/product\/cat-7a-s-ftp-shielded-and-foiled-twisted-pair-ethernet-installation-cable-1000mhz\/","title":{"rendered":"C\u00e2ble d'installation Ethernet \u00e0 paires torsad\u00e9es blind\u00e9es, 1000MHZ, Cat 7A S\/FTP"},"content":{"rendered":"<p>Notre c\u00e2ble \u00e0 paires torsad\u00e9es blind\u00e9es prend en charge la transmission de donn\u00e9es \u00e0 10 gigabits et offre une bande passante plus rapide allant jusqu'\u00e0 1000 MHz.<\/p>\n<p>Chaque paire blind\u00e9e individuellement comporte des conducteurs en cuivre nu de calibre 23, offrant une protection accrue contre les interf\u00e9rences \u00e9lectromagn\u00e9tiques (EMI) dans les environnements \u00e9lectriquement bruyants.<\/p>\n<p>Le c\u00e2ble est \u00e9galement dot\u00e9 d'une gaine LSZH et d'un marquage s\u00e9quentiel en pieds ou en m\u00e8tres sur la gaine pour faciliter le suivi de la longueur restante.<\/p>\n<p>Les principales caract\u00e9ristiques de ce c\u00e2ble \u00e0 paires torsad\u00e9es blind\u00e9es sont sa construction S\/FTP, qui se compose de conducteurs en cuivre massif sans oxyg\u00e8ne de 23AWG, 0,57 mm, et d'une isolation en peau de mousse.<\/p>\n<p>Les diff\u00e9rentes options de gaine comprennent le PVC, le CMR, le CMP, le LSZH et le PE. Elle est propos\u00e9e dans une large gamme de couleurs pour r\u00e9pondre aux pr\u00e9f\u00e9rences de chacun.<\/p>\n<p>En outre, des tests rigoureux effectu\u00e9s par Fluke et Network Analyzer garantissent la fiabilit\u00e9 des performances du c\u00e2ble, tandis que la conformit\u00e9 aux normes RoHS et REACH, ainsi que les certifications CPR Eca et Dca, garantissent son respect des r\u00e9glementations industrielles.<\/p>\n<p>Il r\u00e9pond aux exigences des normes IEC\/ISO 11801, ISO\/IEC 61156-5 et ANSI\/TIA568C.2.<\/p>\n<p>Les sp\u00e9cifications du c\u00e2ble sont les suivantes :<\/p>\n<ul>\n<li>Blindage : Blindage individuel des paires par feuille d'aluminium<\/li>\n<li>Tressage : 16\/5\/0.12 AL-MG<\/li>\n<li>Diam\u00e8tre ext\u00e9rieur : 8,0 \u00b1 0,2 mm<\/li>\n<li>Couleurs : Gris, blanc, bleu, noir ou personnalis\u00e9 selon vos pr\u00e9f\u00e9rences<\/li>\n<\/ul>\n<p>Ainsi, que vous construisiez un nouveau r\u00e9seau ou que vous mettiez \u00e0 niveau un r\u00e9seau existant, ce c\u00e2ble \u00e0 paires torsad\u00e9es blind\u00e9es, polyvalent et fiable, est la solution id\u00e9ale pour r\u00e9pondre \u00e0 vos besoins en mati\u00e8re de r\u00e9seau.<\/p>\n<h2>T\u00e9l\u00e9charger :<\/h2>\n<ul>\n<li>Fiche technique de Cat7A S\/FTP Netwoking installation bulk cable<\/li>\n<\/ul>\n<h2>Informations sur la commande :<\/h2>\n<ul>\n<li>FS17009-C : PVC<\/li>\n<li>FS17009-L : LSZH<\/li>\n<li>FS17009-M : Class\u00e9 CM<\/li>\n<li>FS17009-R : Support CMR<\/li>\n<li>FS17009-P : Pl\u00e9num CMP<\/li>\n<li>FS17009-E : PE pour l'ext\u00e9rieur<\/li>\n<\/ul>","protected":false},"excerpt":{"rendered":"<p>Ce c\u00e2ble d'installation Ethernet \u00e0 paires torsad\u00e9es blind\u00e9es cat7A S\/FTP est id\u00e9al pour les applications de communication de donn\u00e9es de haute performance.<\/p>","protected":false},"featured_media":16607,"template":"","meta":{"_acf_changed":false,"_seopress_robots_primary_cat":"","_seopress_titles_title":"Shielded Foiled Twisted Pair Ethernet Cable - Farsince","_seopress_titles_desc":"","_seopress_robots_index":"","site-sidebar-layout":"default","site-content-layout":"default","ast-site-content-layout":"default","site-content-style":"default","site-sidebar-style":"default","ast-global-header-display":"","ast-banner-title-visibility":"","ast-main-header-display":"","ast-hfb-above-header-display":"","ast-hfb-below-header-display":"","ast-hfb-mobile-header-display":"","site-post-title":"","ast-breadcrumbs-content":"","ast-featured-img":"","footer-sml-layout":"","ast-disable-related-posts":"","theme-transparent-header-meta":"default","adv-header-id-meta":"","stick-header-meta":"","header-above-stick-meta":"","header-main-stick-meta":"","header-below-stick-meta":"","astra-migrate-meta-layouts":"default","ast-page-background-enabled":"default","ast-page-background-meta":{"desktop":{"background-color":"","background-image":"","background-repeat":"repeat","background-position":"center center","background-size":"auto","background-attachment":"scroll","background-type":"","background-media":"","overlay-type":"","overlay-color":"","overlay-opacity":"","overlay-gradient":""},"tablet":{"background-color":"","background-image":"","background-repeat":"repeat","background-position":"center center","background-size":"auto","background-attachment":"scroll","background-type":"","background-media":"","overlay-type":"","overlay-color":"","overlay-opacity":"","overlay-gradient":""},"mobile":{"background-color":"","background-image":"","background-repeat":"repeat","background-position":"center center","background-size":"auto","background-attachment":"scroll","background-type":"","background-media":"","overlay-type":"","overlay-color":"","overlay-opacity":"","overlay-gradient":""}},"ast-content-background-meta":{"desktop":{"background-color":"var(--ast-global-color-5)","background-image":"","background-repeat":"repeat","background-position":"center center","background-size":"auto","background-attachment":"scroll","background-type":"","background-media":"","overlay-type":"","overlay-color":"","overlay-opacity":"","overlay-gradient":""},"tablet":{"background-color":"var(--ast-global-color-5)","background-image":"","background-repeat":"repeat","background-position":"center center","background-size":"auto","background-attachment":"scroll","background-type":"","background-media":"","overlay-type":"","overlay-color":"","overlay-opacity":"","overlay-gradient":""},"mobile":{"background-color":"var(--ast-global-color-5)","background-image":"","background-repeat":"repeat","background-position":"center center","background-size":"auto","background-attachment":"scroll","background-type":"","background-media":"","overlay-type":"","overlay-color":"","overlay-opacity":"","overlay-gradient":""}},"iawp_total_views":49},"product_brand":[],"product_cat":[460,252,209],"product_tag":[],"class_list":{"0":"post-16606","1":"product","2":"type-product","3":"status-publish","4":"has-post-thumbnail","6":"product_cat-featured-products","7":"product_cat-bulk-cables","8":"product_cat-ethernet-cable","9":"desktop-align-left","10":"tablet-align-left","11":"mobile-align-left","13":"first","14":"instock","15":"shipping-taxable","16":"purchasable","17":"product-type-simple"},"acf":[],"_links":{"self":[{"href":"https:\/\/www.fjpremium.com\/fr\/wp-json\/wp\/v2\/product\/16606","targetHints":{"allow":["GET"]}}],"collection":[{"href":"https:\/\/www.fjpremium.com\/fr\/wp-json\/wp\/v2\/product"}],"about":[{"href":"https:\/\/www.fjpremium.com\/fr\/wp-json\/wp\/v2\/types\/product"}],"wp:featuredmedia":[{"embeddable":true,"href":"https:\/\/www.fjpremium.com\/fr\/wp-json\/wp\/v2\/media\/16607"}],"wp:attachment":[{"href":"https:\/\/www.fjpremium.com\/fr\/wp-json\/wp\/v2\/media?parent=16606"}],"wp:term":[{"taxonomy":"product_brand","embeddable":true,"href":"https:\/\/www.fjpremium.com\/fr\/wp-json\/wp\/v2\/product_brand?post=16606"},{"taxonomy":"product_cat","embeddable":true,"href":"https:\/\/www.fjpremium.com\/fr\/wp-json\/wp\/v2\/product_cat?post=16606"},{"taxonomy":"product_tag","embeddable":true,"href":"https:\/\/www.fjpremium.com\/fr\/wp-json\/wp\/v2\/product_tag?post=16606"}],"curies":[{"name":"wp","href":"https:\/\/api.w.org\/{rel}","templated":true}]}}