{"id":16506,"date":"2020-10-23T14:53:01","date_gmt":"2020-10-23T06:53:01","guid":{"rendered":"https:\/\/www.fjpremium.com\/?post_type=product&#038;p=16506"},"modified":"2023-10-07T09:56:39","modified_gmt":"2023-10-07T01:56:39","slug":"vga-male-to-2-male-y-splitter-extension-cable","status":"publish","type":"product","link":"https:\/\/www.fjpremium.com\/fr\/product\/vga-male-to-2-male-y-splitter-extension-cable\/","title":{"rendered":"Adaptateur de c\u00e2ble s\u00e9parateur VGA Y m\u00e2le \u00e0 m\u00e2le"},"content":{"rendered":"<p>Offrant une solution polyvalente pour la duplication d'\u00e9cran, l'adaptateur de c\u00e2ble s\u00e9parateur VGA Y est un outil pr\u00e9cieux pour connecter une source VGA \u00e0 deux \u00e9crans.<\/p>\n<p>Il est bien \u00e9quip\u00e9 pour g\u00e9rer les \u00e9crans HDTV, les moniteurs LCD, les projecteurs, les \u00e9crans CRT num\u00e9riques ou les \u00e9crans plats.<\/p>\n<p>De plus, capable d'offrir des r\u00e9solutions \u00e9lev\u00e9es, il va jusqu'\u00e0 1920\u00d71200 (WUXGA) et prend en charge 1080p (Full HD).<\/p>\n<p>Les caract\u00e9ristiques notables de notre c\u00e2ble r\u00e9partiteur en Y comprennent la construction du c\u00e2ble VGA 3+6 et le c\u00e2ble en cuivre 28AWG avec deux ferrites.<\/p>\n<p>Ces caract\u00e9ristiques garantissent que votre signal VGA est transmis de mani\u00e8re pr\u00e9cise et fiable \u00e0 deux \u00e9crans VGA individuels.<\/p>\n<p>Ses caract\u00e9ristiques :<\/p>\n<ul>\n<li>Contact plaqu\u00e9 or, coque plaqu\u00e9e or<\/li>\n<li>Conducteur du c\u00e2ble : Cuivre nu<\/li>\n<li>Isolation : PEHD<\/li>\n<li>Blindage : Feuille d'aluminium, tresse<\/li>\n<li>Gaine : PVC<\/li>\n<li>Conforme : RoHS, REACH<\/li>\n<\/ul>\n<p>Cependant, veuillez noter qu'il ne prend en charge que le mode miroir et non le mode extension. N'h\u00e9sitez donc pas \u00e0 nous contacter d\u00e8s aujourd'hui pour le commander.<\/p>","protected":false},"excerpt":{"rendered":"<p>B\u00e9n\u00e9ficiez de performances d'affichage sup\u00e9rieures gr\u00e2ce \u00e0 l'adaptateur de c\u00e2ble s\u00e9parateur VGA Y de FARSINCE, id\u00e9al pour connecter un p\u00e9riph\u00e9rique VGA \u00e0 deux \u00e9crans, offrant des r\u00e9solutions allant jusqu'\u00e0 1920\u00d71200 (WUXGA) et 1080p (Full HD).<\/p>","protected":false},"featured_media":16537,"template":"","meta":{"_acf_changed":false,"_seopress_robots_primary_cat":"","_seopress_titles_title":"Male to Male VGA Y Splitter Cable Adapter - FARSINCE","_seopress_titles_desc":"Experience superior display performance with the FARSINCE VGA Y splitter cable adapter, ideal for connecting one VGA device to two displays.","_seopress_robots_index":"","site-sidebar-layout":"default","site-content-layout":"default","ast-site-content-layout":"default","site-content-style":"default","site-sidebar-style":"default","ast-global-header-display":"","ast-banner-title-visibility":"","ast-main-header-display":"","ast-hfb-above-header-display":"","ast-hfb-below-header-display":"","ast-hfb-mobile-header-display":"","site-post-title":"","ast-breadcrumbs-content":"","ast-featured-img":"","footer-sml-layout":"","ast-disable-related-posts":"","theme-transparent-header-meta":"default","adv-header-id-meta":"","stick-header-meta":"","header-above-stick-meta":"","header-main-stick-meta":"","header-below-stick-meta":"","astra-migrate-meta-layouts":"set","ast-page-background-enabled":"default","ast-page-background-meta":{"desktop":{"background-color":"","background-image":"","background-repeat":"repeat","background-position":"center center","background-size":"auto","background-attachment":"scroll","background-type":"","background-media":"","overlay-type":"","overlay-color":"","overlay-opacity":"","overlay-gradient":""},"tablet":{"background-color":"","background-image":"","background-repeat":"repeat","background-position":"center center","background-size":"auto","background-attachment":"scroll","background-type":"","background-media":"","overlay-type":"","overlay-color":"","overlay-opacity":"","overlay-gradient":""},"mobile":{"background-color":"","background-image":"","background-repeat":"repeat","background-position":"center center","background-size":"auto","background-attachment":"scroll","background-type":"","background-media":"","overlay-type":"","overlay-color":"","overlay-opacity":"","overlay-gradient":""}},"ast-content-background-meta":{"desktop":{"background-color":"var(--ast-global-color-5)","background-image":"","background-repeat":"repeat","background-position":"center center","background-size":"auto","background-attachment":"scroll","background-type":"","background-media":"","overlay-type":"","overlay-color":"","overlay-opacity":"","overlay-gradient":""},"tablet":{"background-color":"var(--ast-global-color-5)","background-image":"","background-repeat":"repeat","background-position":"center center","background-size":"auto","background-attachment":"scroll","background-type":"","background-media":"","overlay-type":"","overlay-color":"","overlay-opacity":"","overlay-gradient":""},"mobile":{"background-color":"var(--ast-global-color-5)","background-image":"","background-repeat":"repeat","background-position":"center center","background-size":"auto","background-attachment":"scroll","background-type":"","background-media":"","overlay-type":"","overlay-color":"","overlay-opacity":"","overlay-gradient":""}},"iawp_total_views":4},"product_brand":[],"product_cat":[214],"product_tag":[],"class_list":{"0":"post-16506","1":"product","2":"type-product","3":"status-publish","4":"has-post-thumbnail","6":"product_cat-dvi-vga","7":"desktop-align-left","8":"tablet-align-left","9":"mobile-align-left","11":"first","12":"instock","13":"shipping-taxable","14":"purchasable","15":"product-type-simple"},"acf":[],"_links":{"self":[{"href":"https:\/\/www.fjpremium.com\/fr\/wp-json\/wp\/v2\/product\/16506","targetHints":{"allow":["GET"]}}],"collection":[{"href":"https:\/\/www.fjpremium.com\/fr\/wp-json\/wp\/v2\/product"}],"about":[{"href":"https:\/\/www.fjpremium.com\/fr\/wp-json\/wp\/v2\/types\/product"}],"wp:featuredmedia":[{"embeddable":true,"href":"https:\/\/www.fjpremium.com\/fr\/wp-json\/wp\/v2\/media\/16537"}],"wp:attachment":[{"href":"https:\/\/www.fjpremium.com\/fr\/wp-json\/wp\/v2\/media?parent=16506"}],"wp:term":[{"taxonomy":"product_brand","embeddable":true,"href":"https:\/\/www.fjpremium.com\/fr\/wp-json\/wp\/v2\/product_brand?post=16506"},{"taxonomy":"product_cat","embeddable":true,"href":"https:\/\/www.fjpremium.com\/fr\/wp-json\/wp\/v2\/product_cat?post=16506"},{"taxonomy":"product_tag","embeddable":true,"href":"https:\/\/www.fjpremium.com\/fr\/wp-json\/wp\/v2\/product_tag?post=16506"}],"curies":[{"name":"wp","href":"https:\/\/api.w.org\/{rel}","templated":true}]}}