{"id":16504,"date":"2020-10-23T14:53:00","date_gmt":"2020-10-23T06:53:00","guid":{"rendered":"https:\/\/www.fjpremium.com\/?post_type=product&#038;p=16504"},"modified":"2023-10-07T09:58:08","modified_gmt":"2023-10-07T01:58:08","slug":"vga-to-vga-pc-computer-monitor-cable","status":"publish","type":"product","link":"https:\/\/www.fjpremium.com\/fr\/product\/vga-to-vga-pc-computer-monitor-cable\/","title":{"rendered":"C\u00e2ble VGA vers VGA pour moniteur d'ordinateur PC"},"content":{"rendered":"<p>Dot\u00e9 d'un cordon d'affichage super VGA 1080p m\u00e2le-m\u00e2le 3+7, notre c\u00e2ble est le dispositif de choix pour toutes les applications audio-vid\u00e9o de bureau et de cin\u00e9ma \u00e0 domicile.<\/p>\n<p>Il atteint jusqu'\u00e0 2048\u00d71536 (QXGA), ce qui en fait un compl\u00e9ment puissant pour votre installation audiovisuelle. De plus, il r\u00e9siste aux interf\u00e9rences EMI\/RFI, ce qui garantit une transmission du signal propre et sans perturbation.<\/p>\n<p>Dot\u00e9 de connecteurs plaqu\u00e9s or 24 K, ce c\u00e2ble VGA vers VGA pour \u00e9cran d'ordinateur garantit un transfert de signal de qualit\u00e9 sup\u00e9rieure.<\/p>\n<p>Pour garantir des performances durables, ses conducteurs sont enti\u00e8rement blind\u00e9s. De 1920\u00d71200 (WUXGA) \u00e0 640\u00d7480 (VGA), en passant par 1080P (Full HD), il a tout ce qu'il vous faut.<\/p>\n<p>Ses caract\u00e9ristiques :<\/p>\n<ul>\n<li>Conducteur du c\u00e2ble : Cuivre nu<\/li>\n<li>Calibre du fil : 30AWG (1-10M), 28AWG (15-30M)<\/li>\n<li>Isolation : PEHD<\/li>\n<li>Gaine : PVC<\/li>\n<li>Conforme : RoHS, REACH<\/li>\n<\/ul>\n<p>En outre, des noyaux de ferrite de haute qualit\u00e9 sont inclus pour minimiser la diaphonie et prot\u00e9ger contre l'EMI et le RFI. Contactez-nous d\u00e8s aujourd'hui pour ajouter ce c\u00e2ble \u00e0 votre inventaire.<\/p>","protected":false},"excerpt":{"rendered":"<p>Connectez le PC, le projecteur ou le t\u00e9l\u00e9viseur avec le c\u00e2ble FARSINCE VGA vers VGA pour moniteur d'ordinateur, con\u00e7u pour une transmission de signaux de haute qualit\u00e9 et sans interf\u00e9rences.<\/p>","protected":false},"featured_media":16521,"template":"","meta":{"_acf_changed":false,"_seopress_robots_primary_cat":"","_seopress_titles_title":"Best VGA to VGA PC Computer Monitor Cable - FARSINCE","_seopress_titles_desc":"","_seopress_robots_index":"","site-sidebar-layout":"default","site-content-layout":"default","ast-site-content-layout":"default","site-content-style":"default","site-sidebar-style":"default","ast-global-header-display":"","ast-banner-title-visibility":"","ast-main-header-display":"","ast-hfb-above-header-display":"","ast-hfb-below-header-display":"","ast-hfb-mobile-header-display":"","site-post-title":"","ast-breadcrumbs-content":"","ast-featured-img":"","footer-sml-layout":"","ast-disable-related-posts":"","theme-transparent-header-meta":"default","adv-header-id-meta":"","stick-header-meta":"","header-above-stick-meta":"","header-main-stick-meta":"","header-below-stick-meta":"","astra-migrate-meta-layouts":"set","ast-page-background-enabled":"default","ast-page-background-meta":{"desktop":{"background-color":"","background-image":"","background-repeat":"repeat","background-position":"center center","background-size":"auto","background-attachment":"scroll","background-type":"","background-media":"","overlay-type":"","overlay-color":"","overlay-opacity":"","overlay-gradient":""},"tablet":{"background-color":"","background-image":"","background-repeat":"repeat","background-position":"center center","background-size":"auto","background-attachment":"scroll","background-type":"","background-media":"","overlay-type":"","overlay-color":"","overlay-opacity":"","overlay-gradient":""},"mobile":{"background-color":"","background-image":"","background-repeat":"repeat","background-position":"center center","background-size":"auto","background-attachment":"scroll","background-type":"","background-media":"","overlay-type":"","overlay-color":"","overlay-opacity":"","overlay-gradient":""}},"ast-content-background-meta":{"desktop":{"background-color":"var(--ast-global-color-5)","background-image":"","background-repeat":"repeat","background-position":"center center","background-size":"auto","background-attachment":"scroll","background-type":"","background-media":"","overlay-type":"","overlay-color":"","overlay-opacity":"","overlay-gradient":""},"tablet":{"background-color":"var(--ast-global-color-5)","background-image":"","background-repeat":"repeat","background-position":"center center","background-size":"auto","background-attachment":"scroll","background-type":"","background-media":"","overlay-type":"","overlay-color":"","overlay-opacity":"","overlay-gradient":""},"mobile":{"background-color":"var(--ast-global-color-5)","background-image":"","background-repeat":"repeat","background-position":"center center","background-size":"auto","background-attachment":"scroll","background-type":"","background-media":"","overlay-type":"","overlay-color":"","overlay-opacity":"","overlay-gradient":""}},"iawp_total_views":11},"product_brand":[],"product_cat":[214],"product_tag":[],"class_list":{"0":"post-16504","1":"product","2":"type-product","3":"status-publish","4":"has-post-thumbnail","6":"product_cat-dvi-vga","7":"desktop-align-left","8":"tablet-align-left","9":"mobile-align-left","11":"first","12":"instock","13":"shipping-taxable","14":"purchasable","15":"product-type-simple"},"acf":[],"_links":{"self":[{"href":"https:\/\/www.fjpremium.com\/fr\/wp-json\/wp\/v2\/product\/16504","targetHints":{"allow":["GET"]}}],"collection":[{"href":"https:\/\/www.fjpremium.com\/fr\/wp-json\/wp\/v2\/product"}],"about":[{"href":"https:\/\/www.fjpremium.com\/fr\/wp-json\/wp\/v2\/types\/product"}],"wp:featuredmedia":[{"embeddable":true,"href":"https:\/\/www.fjpremium.com\/fr\/wp-json\/wp\/v2\/media\/16521"}],"wp:attachment":[{"href":"https:\/\/www.fjpremium.com\/fr\/wp-json\/wp\/v2\/media?parent=16504"}],"wp:term":[{"taxonomy":"product_brand","embeddable":true,"href":"https:\/\/www.fjpremium.com\/fr\/wp-json\/wp\/v2\/product_brand?post=16504"},{"taxonomy":"product_cat","embeddable":true,"href":"https:\/\/www.fjpremium.com\/fr\/wp-json\/wp\/v2\/product_cat?post=16504"},{"taxonomy":"product_tag","embeddable":true,"href":"https:\/\/www.fjpremium.com\/fr\/wp-json\/wp\/v2\/product_tag?post=16504"}],"curies":[{"name":"wp","href":"https:\/\/api.w.org\/{rel}","templated":true}]}}