{"id":16503,"date":"2020-10-23T14:52:59","date_gmt":"2020-10-23T06:52:59","guid":{"rendered":"https:\/\/www.fjpremium.com\/?post_type=product&#038;p=16503"},"modified":"2023-10-07T10:00:04","modified_gmt":"2023-10-07T02:00:04","slug":"dvi-d-male-to-vga-hd15pin-female-active-adapter","status":"publish","type":"product","link":"https:\/\/www.fjpremium.com\/fr\/product\/dvi-d-male-to-vga-hd15pin-female-active-adapter\/","title":{"rendered":"Adaptateur actif DVI-D m\u00e2le vers VGA HD15PIN femelle"},"content":{"rendered":"<p>Les connecteurs plaqu\u00e9s or et les conducteurs blind\u00e9s de cet adaptateur offrent une protection de premier ordre contre les interf\u00e9rences EMI\/RFI, garantissant ainsi des contenus audiovisuels clairs et \u00e9clatants.<\/p>\n<p>Con\u00e7u pour connecter des ordinateurs portables ou de bureau \u00e9quip\u00e9s de DVI-A \u00e0 des appareils HD-ready, il prend en charge la r\u00e9solution Full HD 1080p d'une clart\u00e9 cristalline, ce qui en fait un outil indispensable pour les jeux vid\u00e9o ou les applications de home cin\u00e9ma.<\/p>\n<p>En outre, dot\u00e9 d'un chipset de pointe, il garantit une conversion de signal sans faille pour des performances de streaming sup\u00e9rieures.<\/p>\n<p>Ses caract\u00e9ristiques :<\/p>\n<ul>\n<li>Conducteur du c\u00e2ble : Cuivre nu<\/li>\n<li>Calibre du fil : 30AWG<\/li>\n<li>Isolation : PEHD<\/li>\n<li>Blindage : Feuille d'aluminium, tresse<\/li>\n<li>Gaine : PVC<\/li>\n<li>Diam\u00e8tre ext\u00e9rieur : 5,5 mm<\/li>\n<\/ul>\n<p>La conception unique des vis assure une connexion s\u00fbre, de sorte que vous n'aurez jamais \u00e0 vous soucier des interruptions ou des raccords desserr\u00e9s.<\/p>\n<p>Conforme aux normes RoHS et REACH, l'adaptateur actif incarne la qualit\u00e9 et la fiabilit\u00e9 professionnelles. N'h\u00e9sitez donc pas \u00e0 nous contacter d\u00e8s aujourd'hui et \u00e0 investir dans cet adaptateur.<\/p>","protected":false},"excerpt":{"rendered":"<p>D\u00e9couvrez l'adaptateur actif FARSINCE, plaqu\u00e9 or, blind\u00e9 et prenant en charge le 1080p Full HD, indispensable pour des exp\u00e9riences multim\u00e9dias de premier ordre.<\/p>","protected":false},"featured_media":16512,"template":"","meta":{"_acf_changed":false,"_seopress_robots_primary_cat":"","_seopress_titles_title":"DVI-D to VGA HD15PIN Active Adapter - Farsince","_seopress_titles_desc":"","_seopress_robots_index":"","site-sidebar-layout":"default","site-content-layout":"default","ast-site-content-layout":"default","site-content-style":"default","site-sidebar-style":"default","ast-global-header-display":"","ast-banner-title-visibility":"","ast-main-header-display":"","ast-hfb-above-header-display":"","ast-hfb-below-header-display":"","ast-hfb-mobile-header-display":"","site-post-title":"","ast-breadcrumbs-content":"","ast-featured-img":"","footer-sml-layout":"","ast-disable-related-posts":"","theme-transparent-header-meta":"default","adv-header-id-meta":"","stick-header-meta":"","header-above-stick-meta":"","header-main-stick-meta":"","header-below-stick-meta":"","astra-migrate-meta-layouts":"set","ast-page-background-enabled":"default","ast-page-background-meta":{"desktop":{"background-color":"","background-image":"","background-repeat":"repeat","background-position":"center center","background-size":"auto","background-attachment":"scroll","background-type":"","background-media":"","overlay-type":"","overlay-color":"","overlay-opacity":"","overlay-gradient":""},"tablet":{"background-color":"","background-image":"","background-repeat":"repeat","background-position":"center center","background-size":"auto","background-attachment":"scroll","background-type":"","background-media":"","overlay-type":"","overlay-color":"","overlay-opacity":"","overlay-gradient":""},"mobile":{"background-color":"","background-image":"","background-repeat":"repeat","background-position":"center center","background-size":"auto","background-attachment":"scroll","background-type":"","background-media":"","overlay-type":"","overlay-color":"","overlay-opacity":"","overlay-gradient":""}},"ast-content-background-meta":{"desktop":{"background-color":"var(--ast-global-color-5)","background-image":"","background-repeat":"repeat","background-position":"center center","background-size":"auto","background-attachment":"scroll","background-type":"","background-media":"","overlay-type":"","overlay-color":"","overlay-opacity":"","overlay-gradient":""},"tablet":{"background-color":"var(--ast-global-color-5)","background-image":"","background-repeat":"repeat","background-position":"center center","background-size":"auto","background-attachment":"scroll","background-type":"","background-media":"","overlay-type":"","overlay-color":"","overlay-opacity":"","overlay-gradient":""},"mobile":{"background-color":"var(--ast-global-color-5)","background-image":"","background-repeat":"repeat","background-position":"center center","background-size":"auto","background-attachment":"scroll","background-type":"","background-media":"","overlay-type":"","overlay-color":"","overlay-opacity":"","overlay-gradient":""}},"iawp_total_views":6},"product_brand":[],"product_cat":[214],"product_tag":[],"class_list":{"0":"post-16503","1":"product","2":"type-product","3":"status-publish","4":"has-post-thumbnail","6":"product_cat-dvi-vga","7":"desktop-align-left","8":"tablet-align-left","9":"mobile-align-left","11":"first","12":"instock","13":"shipping-taxable","14":"purchasable","15":"product-type-simple"},"acf":[],"_links":{"self":[{"href":"https:\/\/www.fjpremium.com\/fr\/wp-json\/wp\/v2\/product\/16503","targetHints":{"allow":["GET"]}}],"collection":[{"href":"https:\/\/www.fjpremium.com\/fr\/wp-json\/wp\/v2\/product"}],"about":[{"href":"https:\/\/www.fjpremium.com\/fr\/wp-json\/wp\/v2\/types\/product"}],"wp:featuredmedia":[{"embeddable":true,"href":"https:\/\/www.fjpremium.com\/fr\/wp-json\/wp\/v2\/media\/16512"}],"wp:attachment":[{"href":"https:\/\/www.fjpremium.com\/fr\/wp-json\/wp\/v2\/media?parent=16503"}],"wp:term":[{"taxonomy":"product_brand","embeddable":true,"href":"https:\/\/www.fjpremium.com\/fr\/wp-json\/wp\/v2\/product_brand?post=16503"},{"taxonomy":"product_cat","embeddable":true,"href":"https:\/\/www.fjpremium.com\/fr\/wp-json\/wp\/v2\/product_cat?post=16503"},{"taxonomy":"product_tag","embeddable":true,"href":"https:\/\/www.fjpremium.com\/fr\/wp-json\/wp\/v2\/product_tag?post=16503"}],"curies":[{"name":"wp","href":"https:\/\/api.w.org\/{rel}","templated":true}]}}