{"id":16502,"date":"2020-10-23T14:52:58","date_gmt":"2020-10-23T06:52:58","guid":{"rendered":"https:\/\/www.fjpremium.com\/?post_type=product&#038;p=16502"},"modified":"2023-10-07T16:58:03","modified_gmt":"2023-10-07T08:58:03","slug":"dvi-a-male-to-vga-hd15pin-male-video-cable","status":"publish","type":"product","link":"https:\/\/www.fjpremium.com\/fr\/product\/dvi-a-male-to-vga-hd15pin-male-video-cable\/","title":{"rendered":"HD15PIN C\u00e2ble vid\u00e9o m\u00e2le vers m\u00e2le DVI-A vers VGA"},"content":{"rendered":"<p>Con\u00e7u pour ceux qui recherchent une connexion impeccable entre les appareils num\u00e9riques et analogiques, notre c\u00e2ble DVI-A vers VGA change la donne pour les amateurs de home cin\u00e9ma, les audiophiles et les joueurs.<\/p>\n<p>Il offre une protection EMI\/RFI robuste gr\u00e2ce \u00e0 ses conducteurs enti\u00e8rement blind\u00e9s. Associ\u00e9 \u00e0 des connecteurs plaqu\u00e9s or 24K, il garantit une clart\u00e9 de signal irr\u00e9prochable jusqu'\u00e0 une r\u00e9solution de 1600\u00d71200@60 (1080p).<\/p>\n<p>Con\u00e7u pour durer, ce produit garantit des performances in\u00e9branlables au fil des ans.<\/p>\n<p>Ses caract\u00e9ristiques :<\/p>\n<ul>\n<li>Conducteur du c\u00e2ble : Cuivre nu<\/li>\n<li>Calibre du fil : 30AWG<\/li>\n<li>Isolation : PEHD<\/li>\n<li>Blindage : Feuille d'aluminium, tresse<\/li>\n<li>Gaine : PVC<\/li>\n<li>Diam\u00e8tre ext\u00e9rieur : 5,5 mm<\/li>\n<li>Conforme : RoHS, REACH<\/li>\n<\/ul>\n<p>De plus, sa conception comporte des vis pour une connexion ferme, ce qui \u00e9limine tout probl\u00e8me de connexion l\u00e2che ou interrompue. Par cons\u00e9quent, contactez-nous d\u00e8s aujourd'hui pour l'ajouter \u00e0 votre inventaire.<\/p>","protected":false},"excerpt":{"rendered":"<p>Faites l'exp\u00e9rience de la pr\u00e9cision et de la performance avec le c\u00e2ble DVI-A vers VGA de FARSINCE, enti\u00e8rement blind\u00e9 avec des connecteurs en or, pour une clart\u00e9 nette en 1080p.<\/p>","protected":false},"featured_media":16507,"template":"","meta":{"_acf_changed":false,"_seopress_robots_primary_cat":"","_seopress_titles_title":"HD15PIN Video Male to Male DVI-A to VGA Cable - FARSINCE","_seopress_titles_desc":"","_seopress_robots_index":"","site-sidebar-layout":"default","site-content-layout":"default","ast-site-content-layout":"default","site-content-style":"default","site-sidebar-style":"default","ast-global-header-display":"","ast-banner-title-visibility":"","ast-main-header-display":"","ast-hfb-above-header-display":"","ast-hfb-below-header-display":"","ast-hfb-mobile-header-display":"","site-post-title":"","ast-breadcrumbs-content":"","ast-featured-img":"","footer-sml-layout":"","ast-disable-related-posts":"","theme-transparent-header-meta":"default","adv-header-id-meta":"","stick-header-meta":"","header-above-stick-meta":"","header-main-stick-meta":"","header-below-stick-meta":"","astra-migrate-meta-layouts":"set","ast-page-background-enabled":"default","ast-page-background-meta":{"desktop":{"background-color":"","background-image":"","background-repeat":"repeat","background-position":"center center","background-size":"auto","background-attachment":"scroll","background-type":"","background-media":"","overlay-type":"","overlay-color":"","overlay-opacity":"","overlay-gradient":""},"tablet":{"background-color":"","background-image":"","background-repeat":"repeat","background-position":"center center","background-size":"auto","background-attachment":"scroll","background-type":"","background-media":"","overlay-type":"","overlay-color":"","overlay-opacity":"","overlay-gradient":""},"mobile":{"background-color":"","background-image":"","background-repeat":"repeat","background-position":"center center","background-size":"auto","background-attachment":"scroll","background-type":"","background-media":"","overlay-type":"","overlay-color":"","overlay-opacity":"","overlay-gradient":""}},"ast-content-background-meta":{"desktop":{"background-color":"var(--ast-global-color-5)","background-image":"","background-repeat":"repeat","background-position":"center center","background-size":"auto","background-attachment":"scroll","background-type":"","background-media":"","overlay-type":"","overlay-color":"","overlay-opacity":"","overlay-gradient":""},"tablet":{"background-color":"var(--ast-global-color-5)","background-image":"","background-repeat":"repeat","background-position":"center center","background-size":"auto","background-attachment":"scroll","background-type":"","background-media":"","overlay-type":"","overlay-color":"","overlay-opacity":"","overlay-gradient":""},"mobile":{"background-color":"var(--ast-global-color-5)","background-image":"","background-repeat":"repeat","background-position":"center center","background-size":"auto","background-attachment":"scroll","background-type":"","background-media":"","overlay-type":"","overlay-color":"","overlay-opacity":"","overlay-gradient":""}},"iawp_total_views":2},"product_brand":[],"product_cat":[214],"product_tag":[],"class_list":{"0":"post-16502","1":"product","2":"type-product","3":"status-publish","4":"has-post-thumbnail","6":"product_cat-dvi-vga","7":"desktop-align-left","8":"tablet-align-left","9":"mobile-align-left","11":"first","12":"instock","13":"shipping-taxable","14":"purchasable","15":"product-type-simple"},"acf":[],"_links":{"self":[{"href":"https:\/\/www.fjpremium.com\/fr\/wp-json\/wp\/v2\/product\/16502","targetHints":{"allow":["GET"]}}],"collection":[{"href":"https:\/\/www.fjpremium.com\/fr\/wp-json\/wp\/v2\/product"}],"about":[{"href":"https:\/\/www.fjpremium.com\/fr\/wp-json\/wp\/v2\/types\/product"}],"wp:featuredmedia":[{"embeddable":true,"href":"https:\/\/www.fjpremium.com\/fr\/wp-json\/wp\/v2\/media\/16507"}],"wp:attachment":[{"href":"https:\/\/www.fjpremium.com\/fr\/wp-json\/wp\/v2\/media?parent=16502"}],"wp:term":[{"taxonomy":"product_brand","embeddable":true,"href":"https:\/\/www.fjpremium.com\/fr\/wp-json\/wp\/v2\/product_brand?post=16502"},{"taxonomy":"product_cat","embeddable":true,"href":"https:\/\/www.fjpremium.com\/fr\/wp-json\/wp\/v2\/product_cat?post=16502"},{"taxonomy":"product_tag","embeddable":true,"href":"https:\/\/www.fjpremium.com\/fr\/wp-json\/wp\/v2\/product_tag?post=16502"}],"curies":[{"name":"wp","href":"https:\/\/api.w.org\/{rel}","templated":true}]}}