{"id":16481,"date":"2020-09-21T16:46:59","date_gmt":"2020-09-21T08:46:59","guid":{"rendered":"https:\/\/www.fjpremium.com\/?post_type=product&#038;p=16481"},"modified":"2023-12-14T13:58:55","modified_gmt":"2023-12-14T05:58:55","slug":"braided-usb-type-c-to-lightning-fast-charging-cable-pd-cable-18w-quick-charger-cable-for-iphone","status":"publish","type":"product","link":"https:\/\/www.fjpremium.com\/fr\/product\/braided-usb-type-c-to-lightning-fast-charging-cable-pd-cable-18w-quick-charger-cable-for-iphone\/","title":{"rendered":"C\u00e2ble de charge rapide USB Type C vers Lightning tress\u00e9 C\u00e2ble PD pour iPhone"},"content":{"rendered":"<p>Ce c\u00e2ble de charge rapide Lightning PD est id\u00e9al pour connecter votre iPhone, iPad, Mac, AirPods ou iPod dot\u00e9 d'un connecteur Lightning \u00e0 votre Mac compatible USB-C ou Thunderbolt 3 (USB-C).<\/p>\n<p>Il prend en charge la technologie de charge rapide 9V 2A et offre un taux de transfert de donn\u00e9es impressionnant pouvant atteindre 480 Mbps. En outre, il peut \u00eatre associ\u00e9 \u00e0 votre adaptateur d'alimentation USB-C Apple 18W, 30W, 61W ou 96W pour charger votre appareil iOS rapidement et efficacement.<\/p>\n<p>Ce qui distingue notre c\u00e2ble, c'est sa construction sup\u00e9rieure. La conception tress\u00e9e en coton, sans enchev\u00eatrement, associ\u00e9e \u00e0 un bo\u00eetier m\u00e9tallique en aluminium, offre une durabilit\u00e9 et une protection accrues.<\/p>\n<p>Il est con\u00e7u pour r\u00e9sister \u00e0 au moins 6 000 cycles d'essais de flexion, et les joints moul\u00e9s sans soudure ajoutent \u00e0 sa long\u00e9vit\u00e9 et \u00e0 son attrait esth\u00e9tique.<\/p>\n<p>Le c\u00e2ble est dot\u00e9 d'une gaine flexible en PVC, d'un connecteur m\u00e2le USB 2.0 de type C et d'un connecteur m\u00e2le Lightning \u00e0 8 broches. Tous les contacts sont plaqu\u00e9s or pour une conductivit\u00e9 optimale, et la coque est plaqu\u00e9e nickel pour une long\u00e9vit\u00e9 accrue.<\/p>\n<p>En outre, le conducteur du c\u00e2ble se compose d'une ligne d'alimentation de 70\/0,08 mm2 et d'une ligne de donn\u00e9es de 16\/0,08 mm3, isol\u00e9es avec du PEHD.<\/p>\n<p>Avec un calibre de 22AWG et un diam\u00e8tre ext\u00e9rieur de 3,8\u00b10,2 mm, il est con\u00e7u pour \u00eatre \u00e0 la fois robuste et flexible. Il est en outre enti\u00e8rement conforme aux normes RoHS, ce qui garantit sa s\u00e9curit\u00e9 et son respect de l'environnement.<\/p>\n<p>En bref, couvert par une garantie FARSINCE de 2 ans, ce c\u00e2ble de charge rapide Lightning PD Cable est test\u00e9 pour r\u00e9pondre aux normes de l'industrie, offrant une solution fiable et de haute qualit\u00e9 pour tous vos besoins en mati\u00e8re de charge et de transfert de donn\u00e9es.<\/p>\n<h2>Informations sur la commande :<\/h2>\n<ul>\n<li>FS21005-010 : 1.0m<\/li>\n<li>FS21005-020 : 2.0m<\/li>\n<\/ul>","protected":false},"excerpt":{"rendered":"<p>\u00c9levez votre exp\u00e9rience de charge avec notre c\u00e2ble PD tress\u00e9 USB Type C vers c\u00e2ble de charge rapide Lightning, parfaitement compatible avec une gamme d'appareils Apple.<\/p>","protected":false},"featured_media":16482,"template":"","meta":{"_acf_changed":false,"_seopress_robots_primary_cat":"","_seopress_titles_title":"Lightning Fast Charging Cable - Farsince","_seopress_titles_desc":"","_seopress_robots_index":"","site-sidebar-layout":"default","site-content-layout":"default","ast-site-content-layout":"default","site-content-style":"default","site-sidebar-style":"default","ast-global-header-display":"","ast-banner-title-visibility":"","ast-main-header-display":"","ast-hfb-above-header-display":"","ast-hfb-below-header-display":"","ast-hfb-mobile-header-display":"","site-post-title":"","ast-breadcrumbs-content":"","ast-featured-img":"","footer-sml-layout":"","ast-disable-related-posts":"","theme-transparent-header-meta":"default","adv-header-id-meta":"","stick-header-meta":"","header-above-stick-meta":"","header-main-stick-meta":"","header-below-stick-meta":"","astra-migrate-meta-layouts":"default","ast-page-background-enabled":"default","ast-page-background-meta":{"desktop":{"background-color":"","background-image":"","background-repeat":"repeat","background-position":"center center","background-size":"auto","background-attachment":"scroll","background-type":"","background-media":"","overlay-type":"","overlay-color":"","overlay-opacity":"","overlay-gradient":""},"tablet":{"background-color":"","background-image":"","background-repeat":"repeat","background-position":"center center","background-size":"auto","background-attachment":"scroll","background-type":"","background-media":"","overlay-type":"","overlay-color":"","overlay-opacity":"","overlay-gradient":""},"mobile":{"background-color":"","background-image":"","background-repeat":"repeat","background-position":"center center","background-size":"auto","background-attachment":"scroll","background-type":"","background-media":"","overlay-type":"","overlay-color":"","overlay-opacity":"","overlay-gradient":""}},"ast-content-background-meta":{"desktop":{"background-color":"var(--ast-global-color-5)","background-image":"","background-repeat":"repeat","background-position":"center center","background-size":"auto","background-attachment":"scroll","background-type":"","background-media":"","overlay-type":"","overlay-color":"","overlay-opacity":"","overlay-gradient":""},"tablet":{"background-color":"var(--ast-global-color-5)","background-image":"","background-repeat":"repeat","background-position":"center center","background-size":"auto","background-attachment":"scroll","background-type":"","background-media":"","overlay-type":"","overlay-color":"","overlay-opacity":"","overlay-gradient":""},"mobile":{"background-color":"var(--ast-global-color-5)","background-image":"","background-repeat":"repeat","background-position":"center center","background-size":"auto","background-attachment":"scroll","background-type":"","background-media":"","overlay-type":"","overlay-color":"","overlay-opacity":"","overlay-gradient":""}},"iawp_total_views":4},"product_brand":[],"product_cat":[636],"product_tag":[],"class_list":{"0":"post-16481","1":"product","2":"type-product","3":"status-publish","4":"has-post-thumbnail","6":"product_cat-usb-2-0-cables","7":"desktop-align-left","8":"tablet-align-left","9":"mobile-align-left","11":"first","12":"instock","13":"shipping-taxable","14":"purchasable","15":"product-type-simple"},"acf":[],"_links":{"self":[{"href":"https:\/\/www.fjpremium.com\/fr\/wp-json\/wp\/v2\/product\/16481","targetHints":{"allow":["GET"]}}],"collection":[{"href":"https:\/\/www.fjpremium.com\/fr\/wp-json\/wp\/v2\/product"}],"about":[{"href":"https:\/\/www.fjpremium.com\/fr\/wp-json\/wp\/v2\/types\/product"}],"wp:featuredmedia":[{"embeddable":true,"href":"https:\/\/www.fjpremium.com\/fr\/wp-json\/wp\/v2\/media\/16482"}],"wp:attachment":[{"href":"https:\/\/www.fjpremium.com\/fr\/wp-json\/wp\/v2\/media?parent=16481"}],"wp:term":[{"taxonomy":"product_brand","embeddable":true,"href":"https:\/\/www.fjpremium.com\/fr\/wp-json\/wp\/v2\/product_brand?post=16481"},{"taxonomy":"product_cat","embeddable":true,"href":"https:\/\/www.fjpremium.com\/fr\/wp-json\/wp\/v2\/product_cat?post=16481"},{"taxonomy":"product_tag","embeddable":true,"href":"https:\/\/www.fjpremium.com\/fr\/wp-json\/wp\/v2\/product_tag?post=16481"}],"curies":[{"name":"wp","href":"https:\/\/api.w.org\/{rel}","templated":true}]}}