{"id":16472,"date":"2020-09-21T16:44:06","date_gmt":"2020-09-21T08:44:06","guid":{"rendered":"https:\/\/www.fjpremium.com\/?post_type=product&#038;p=16472"},"modified":"2023-12-14T13:58:55","modified_gmt":"2023-12-14T05:58:55","slug":"braided-usb-2-0-type-c-to-type-c-3a-quick-charging-cable","status":"publish","type":"product","link":"https:\/\/www.fjpremium.com\/fr\/product\/braided-usb-2-0-type-c-to-type-c-3a-quick-charging-cable\/","title":{"rendered":"C\u00e2ble de charge rapide tress\u00e9 USB 2.0 Type C vers Type C 3A"},"content":{"rendered":"<p>Notre c\u00e2ble de charge rapide haute performance est un choix id\u00e9al pour connecter des appareils dot\u00e9s d'un port USB-C \u00e0 un ordinateur, une tablette ou un autre appareil dot\u00e9 d'un port USB-C.<\/p>\n<p>Il est \u00e9quip\u00e9 de la technologie de charge rapide 5V 3A et prend en charge un taux de transfert de donn\u00e9es \u00e0 grande vitesse allant jusqu'\u00e0 480 Mbps.<\/p>\n<p>Le connecteur USB-C de ce c\u00e2ble pr\u00e9sente un design sym\u00e9trique, ce qui le rend convivial et sans tracas.<\/p>\n<p>Peu importe que vous le branchiez \u00e0 l'envers ou \u00e0 l'endroit, il se branchera du premier coup, \u00e0 chaque fois, \u00e9vitant ainsi d'endommager le port du connecteur.<\/p>\n<p>Le c\u00e2ble de charge rapide est con\u00e7u avec une gaine en PVC flexible et des connecteurs moul\u00e9s \u00e0 d\u00e9charge de traction pour une meilleure durabilit\u00e9.<\/p>\n<p>La conception en coton tress\u00e9 et le bo\u00eetier m\u00e9tallique en aluminium renforcent encore sa robustesse et sa protection.<\/p>\n<p>Le c\u00e2ble est \u00e9galement con\u00e7u pour r\u00e9sister aux interf\u00e9rences EMI\/RFI gr\u00e2ce \u00e0 son blindage par feuille et tresse.<\/p>\n<p>La construction \u00e0 paires torsad\u00e9es permet de r\u00e9duire la diaphonie, garantissant un transfert de donn\u00e9es \u00e0 grande vitesse et sans erreur.<\/p>\n<p>En outre, notre c\u00e2ble est dot\u00e9 d'un connecteur USB 2.0 Type C m\u00e2le aux deux extr\u00e9mit\u00e9s, avec des contacts plaqu\u00e9s or et une coque plaqu\u00e9e nickel pour une conductivit\u00e9 et une long\u00e9vit\u00e9 optimales.<\/p>\n<p>Le conducteur du c\u00e2ble se compose d'une ligne \u00e9lectrique de 70\/0,08 mm2 et d'une ligne de donn\u00e9es de 16\/0,08 mm3, isol\u00e9es avec du PEHD.<\/p>\n<p>Avec un calibre de 22AWG et un diam\u00e8tre ext\u00e9rieur de 3,8\u00b10,2 mm, il est con\u00e7u pour \u00eatre \u00e0 la fois robuste et flexible.<\/p>\n<p>De plus, il est enti\u00e8rement conforme aux normes RoHS, ce qui garantit sa s\u00e9curit\u00e9 et sa compatibilit\u00e9 avec l'environnement.<\/p>\n<p>Ainsi, test\u00e9 pour r\u00e9pondre aux normes de l'industrie et couvert par une garantie FARSINCE de 2 ans, notre c\u00e2ble de charge rapide tress\u00e9 USB 2.0 Type C vers Type C 3A est votre solution fiable pour tous vos besoins en mati\u00e8re de charge et de transfert de donn\u00e9es.<\/p>\n<h2>Informations sur la commande :<\/h2>\n<ul>\n<li>FS21004-003 : 0,3 m<\/li>\n<li>FS21004-005 : 0,5 m<\/li>\n<li>FS21004-010 : 1.0m<\/li>\n<li>FS21004-015 : 1.5m<\/li>\n<li>FS21004-020 : 2.0m<\/li>\n<\/ul>","protected":false},"excerpt":{"rendered":"<p>B\u00e9n\u00e9ficiez de capacit\u00e9s de charge et de transfert de donn\u00e9es de haut niveau gr\u00e2ce \u00e0 ce c\u00e2ble de charge rapide tress\u00e9 USB 2.0 Type C vers Type C 3A.<\/p>","protected":false},"featured_media":16473,"template":"","meta":{"_acf_changed":false,"_seopress_robots_primary_cat":"","_seopress_titles_title":"Type C to Type C 3A Quick Charging Cable - Farsince","_seopress_titles_desc":"","_seopress_robots_index":"","site-sidebar-layout":"default","site-content-layout":"default","ast-site-content-layout":"default","site-content-style":"default","site-sidebar-style":"default","ast-global-header-display":"","ast-banner-title-visibility":"","ast-main-header-display":"","ast-hfb-above-header-display":"","ast-hfb-below-header-display":"","ast-hfb-mobile-header-display":"","site-post-title":"","ast-breadcrumbs-content":"","ast-featured-img":"","footer-sml-layout":"","ast-disable-related-posts":"","theme-transparent-header-meta":"default","adv-header-id-meta":"","stick-header-meta":"","header-above-stick-meta":"","header-main-stick-meta":"","header-below-stick-meta":"","astra-migrate-meta-layouts":"default","ast-page-background-enabled":"default","ast-page-background-meta":{"desktop":{"background-color":"","background-image":"","background-repeat":"repeat","background-position":"center center","background-size":"auto","background-attachment":"scroll","background-type":"","background-media":"","overlay-type":"","overlay-color":"","overlay-opacity":"","overlay-gradient":""},"tablet":{"background-color":"","background-image":"","background-repeat":"repeat","background-position":"center center","background-size":"auto","background-attachment":"scroll","background-type":"","background-media":"","overlay-type":"","overlay-color":"","overlay-opacity":"","overlay-gradient":""},"mobile":{"background-color":"","background-image":"","background-repeat":"repeat","background-position":"center center","background-size":"auto","background-attachment":"scroll","background-type":"","background-media":"","overlay-type":"","overlay-color":"","overlay-opacity":"","overlay-gradient":""}},"ast-content-background-meta":{"desktop":{"background-color":"var(--ast-global-color-5)","background-image":"","background-repeat":"repeat","background-position":"center center","background-size":"auto","background-attachment":"scroll","background-type":"","background-media":"","overlay-type":"","overlay-color":"","overlay-opacity":"","overlay-gradient":""},"tablet":{"background-color":"var(--ast-global-color-5)","background-image":"","background-repeat":"repeat","background-position":"center center","background-size":"auto","background-attachment":"scroll","background-type":"","background-media":"","overlay-type":"","overlay-color":"","overlay-opacity":"","overlay-gradient":""},"mobile":{"background-color":"var(--ast-global-color-5)","background-image":"","background-repeat":"repeat","background-position":"center center","background-size":"auto","background-attachment":"scroll","background-type":"","background-media":"","overlay-type":"","overlay-color":"","overlay-opacity":"","overlay-gradient":""}},"iawp_total_views":10},"product_brand":[],"product_cat":[636],"product_tag":[],"class_list":{"0":"post-16472","1":"product","2":"type-product","3":"status-publish","4":"has-post-thumbnail","6":"product_cat-usb-2-0-cables","7":"desktop-align-left","8":"tablet-align-left","9":"mobile-align-left","11":"first","12":"instock","13":"shipping-taxable","14":"purchasable","15":"product-type-simple"},"acf":[],"_links":{"self":[{"href":"https:\/\/www.fjpremium.com\/fr\/wp-json\/wp\/v2\/product\/16472","targetHints":{"allow":["GET"]}}],"collection":[{"href":"https:\/\/www.fjpremium.com\/fr\/wp-json\/wp\/v2\/product"}],"about":[{"href":"https:\/\/www.fjpremium.com\/fr\/wp-json\/wp\/v2\/types\/product"}],"wp:featuredmedia":[{"embeddable":true,"href":"https:\/\/www.fjpremium.com\/fr\/wp-json\/wp\/v2\/media\/16473"}],"wp:attachment":[{"href":"https:\/\/www.fjpremium.com\/fr\/wp-json\/wp\/v2\/media?parent=16472"}],"wp:term":[{"taxonomy":"product_brand","embeddable":true,"href":"https:\/\/www.fjpremium.com\/fr\/wp-json\/wp\/v2\/product_brand?post=16472"},{"taxonomy":"product_cat","embeddable":true,"href":"https:\/\/www.fjpremium.com\/fr\/wp-json\/wp\/v2\/product_cat?post=16472"},{"taxonomy":"product_tag","embeddable":true,"href":"https:\/\/www.fjpremium.com\/fr\/wp-json\/wp\/v2\/product_tag?post=16472"}],"curies":[{"name":"wp","href":"https:\/\/api.w.org\/{rel}","templated":true}]}}