{"id":16468,"date":"2020-09-21T16:41:59","date_gmt":"2020-09-21T08:41:59","guid":{"rendered":"https:\/\/www.fjpremium.com\/?post_type=product&#038;p=16468"},"modified":"2023-12-14T13:58:56","modified_gmt":"2023-12-14T05:58:56","slug":"braided-usb-2-0-a-male-to-lightning-8pin-male-2-4a-fast-charger-sync-charging-cable","status":"publish","type":"product","link":"https:\/\/www.fjpremium.com\/fr\/product\/braided-usb-2-0-a-male-to-lightning-8pin-male-2-4a-fast-charger-sync-charging-cable\/","title":{"rendered":"C\u00e2ble de synchronisation et de charge tress\u00e9 USB 2.0 A m\u00e2le vers Lightning 8 broches m\u00e2le 2,4A \u00e0 charge rapide"},"content":{"rendered":"<p>Con\u00e7u pour assurer une synchronisation et une recharge rapides des appareils Apple de derni\u00e8re g\u00e9n\u00e9ration, ce c\u00e2ble est dot\u00e9 de la technologie de charge rapide 5V 2,4A.<\/p>\n<p>Avec un taux de transfert allant jusqu'\u00e0 480 Mbps, la gestion de vos donn\u00e9es est rapide et sans effort.<\/p>\n<p>Sa conception en nylon tress\u00e9 sans enchev\u00eatrement se distingue \u00e9galement, test\u00e9e pour supporter un minimum de 6 000 cycles de flexion, ce qui garantit sa fiabilit\u00e9 et sa long\u00e9vit\u00e9.<\/p>\n<p>Compl\u00e9t\u00e9 par des joints moul\u00e9s en m\u00e9tal aluminium, le c\u00e2ble de synchronisation et de charge rapide de 2,4 A garantit la robustesse et am\u00e9liore l'attrait esth\u00e9tique.<\/p>\n<p>Ses caract\u00e9ristiques :<\/p>\n<ul>\n<li>Contact plaqu\u00e9 or, coque plaqu\u00e9e nickel<\/li>\n<li>Conducteur du c\u00e2ble : Ligne d'alimentation 30\/0,1mm2, Ligne de donn\u00e9es 7\/0,1mm2<\/li>\n<li>Isolation : PEHD<\/li>\n<li>Calibre du fil : 23AWG<\/li>\n<li>Bo\u00eetier : Coque en aluminium<\/li>\n<li>Veste : PVC+ coton tress\u00e9<\/li>\n<li>Diam\u00e8tre ext\u00e9rieur : 3,8\u00b10,2mm<\/li>\n<li>Conformit\u00e9 : RoHS<\/li>\n<\/ul>\n<p>En outre, nous garantissons ses performances de haute qualit\u00e9 avec une solide garantie de 2 ans, ce qui en fait un investissement judicieux. En r\u00e9sum\u00e9, contactez-nous d\u00e8s aujourd'hui pour l'ajouter \u00e0 votre inventaire.<\/p>","protected":false},"excerpt":{"rendered":"<p>Alimentez les appareils Apple et transf\u00e9rez des donn\u00e9es en toute transparence avec le c\u00e2ble de synchronisation et de chargement rapide 2,4 A de FARSINCE, con\u00e7u pour la durabilit\u00e9 et la vitesse.<\/p>","protected":false},"featured_media":16469,"template":"","meta":{"_acf_changed":false,"_seopress_robots_primary_cat":"","_seopress_titles_title":"Braided USB 2.0 A Male to Lightning 8Pin Male 2.4A Fast Charger Cable - Farsince","_seopress_titles_desc":"Charge your Apple devices with Farsince&#039;s Braided USB 2.0 A Male to Lightning 8Pin Male 2.4A Fast Charger Cable. Our cable supports fast charging and data transfer, making it perfect for your iPhone, iPad, or iPod.","_seopress_robots_index":"","site-sidebar-layout":"default","site-content-layout":"default","ast-site-content-layout":"default","site-content-style":"default","site-sidebar-style":"default","ast-global-header-display":"","ast-banner-title-visibility":"","ast-main-header-display":"","ast-hfb-above-header-display":"","ast-hfb-below-header-display":"","ast-hfb-mobile-header-display":"","site-post-title":"","ast-breadcrumbs-content":"","ast-featured-img":"","footer-sml-layout":"","ast-disable-related-posts":"","theme-transparent-header-meta":"default","adv-header-id-meta":"","stick-header-meta":"","header-above-stick-meta":"","header-main-stick-meta":"","header-below-stick-meta":"","astra-migrate-meta-layouts":"set","ast-page-background-enabled":"default","ast-page-background-meta":{"desktop":{"background-color":"","background-image":"","background-repeat":"repeat","background-position":"center center","background-size":"auto","background-attachment":"scroll","background-type":"","background-media":"","overlay-type":"","overlay-color":"","overlay-opacity":"","overlay-gradient":""},"tablet":{"background-color":"","background-image":"","background-repeat":"repeat","background-position":"center center","background-size":"auto","background-attachment":"scroll","background-type":"","background-media":"","overlay-type":"","overlay-color":"","overlay-opacity":"","overlay-gradient":""},"mobile":{"background-color":"","background-image":"","background-repeat":"repeat","background-position":"center center","background-size":"auto","background-attachment":"scroll","background-type":"","background-media":"","overlay-type":"","overlay-color":"","overlay-opacity":"","overlay-gradient":""}},"ast-content-background-meta":{"desktop":{"background-color":"var(--ast-global-color-5)","background-image":"","background-repeat":"repeat","background-position":"center center","background-size":"auto","background-attachment":"scroll","background-type":"","background-media":"","overlay-type":"","overlay-color":"","overlay-opacity":"","overlay-gradient":""},"tablet":{"background-color":"var(--ast-global-color-5)","background-image":"","background-repeat":"repeat","background-position":"center center","background-size":"auto","background-attachment":"scroll","background-type":"","background-media":"","overlay-type":"","overlay-color":"","overlay-opacity":"","overlay-gradient":""},"mobile":{"background-color":"var(--ast-global-color-5)","background-image":"","background-repeat":"repeat","background-position":"center center","background-size":"auto","background-attachment":"scroll","background-type":"","background-media":"","overlay-type":"","overlay-color":"","overlay-opacity":"","overlay-gradient":""}},"iawp_total_views":3},"product_brand":[],"product_cat":[636],"product_tag":[],"class_list":{"0":"post-16468","1":"product","2":"type-product","3":"status-publish","4":"has-post-thumbnail","6":"product_cat-usb-2-0-cables","7":"desktop-align-left","8":"tablet-align-left","9":"mobile-align-left","11":"first","12":"instock","13":"shipping-taxable","14":"purchasable","15":"product-type-simple"},"acf":[],"_links":{"self":[{"href":"https:\/\/www.fjpremium.com\/fr\/wp-json\/wp\/v2\/product\/16468","targetHints":{"allow":["GET"]}}],"collection":[{"href":"https:\/\/www.fjpremium.com\/fr\/wp-json\/wp\/v2\/product"}],"about":[{"href":"https:\/\/www.fjpremium.com\/fr\/wp-json\/wp\/v2\/types\/product"}],"wp:featuredmedia":[{"embeddable":true,"href":"https:\/\/www.fjpremium.com\/fr\/wp-json\/wp\/v2\/media\/16469"}],"wp:attachment":[{"href":"https:\/\/www.fjpremium.com\/fr\/wp-json\/wp\/v2\/media?parent=16468"}],"wp:term":[{"taxonomy":"product_brand","embeddable":true,"href":"https:\/\/www.fjpremium.com\/fr\/wp-json\/wp\/v2\/product_brand?post=16468"},{"taxonomy":"product_cat","embeddable":true,"href":"https:\/\/www.fjpremium.com\/fr\/wp-json\/wp\/v2\/product_cat?post=16468"},{"taxonomy":"product_tag","embeddable":true,"href":"https:\/\/www.fjpremium.com\/fr\/wp-json\/wp\/v2\/product_tag?post=16468"}],"curies":[{"name":"wp","href":"https:\/\/api.w.org\/{rel}","templated":true}]}}