{"id":16450,"date":"2020-09-21T16:33:57","date_gmt":"2020-09-21T08:33:57","guid":{"rendered":"https:\/\/www.fjpremium.com\/?post_type=product&#038;p=16450"},"modified":"2023-12-14T13:58:58","modified_gmt":"2023-12-14T05:58:58","slug":"braided-charging-cable-3a-android-micro-usb-fast-charging-data-cable-for-mobile-phone","status":"publish","type":"product","link":"https:\/\/www.fjpremium.com\/fr\/product\/braided-charging-cable-3a-android-micro-usb-fast-charging-data-cable-for-mobile-phone\/","title":{"rendered":"C\u00e2ble de charge tress\u00e9 3a Android Micro USB Fast Charging Data Cable"},"content":{"rendered":"<p>Ce c\u00e2ble de charge tress\u00e9 est un c\u00e2ble USB 2.0 A m\u00e2le vers Micro B m\u00e2le, avec des contacts plaqu\u00e9s or et une coque plaqu\u00e9e nickel, ce qui le rend parfait pour une large gamme d'appareils tels que les t\u00e9l\u00e9phones portables Android, les lecteurs MP3 et MP4, les syst\u00e8mes GPS, les PDA, les tablettes, les appareils photo num\u00e9riques, et bien plus encore.<\/p>\n<p>Il prend en charge la technologie de charge rapide 5V 3A, garantissant une charge rapide et puissante de vos appareils.<\/p>\n<p>Avec un taux de transfert allant jusqu'\u00e0 480 Mbps, notre c\u00e2ble permet un transfert de donn\u00e9es transparent entre vos appareils.<\/p>\n<p>La conception en nylon tress\u00e9 sans enchev\u00eatrement garantit que le c\u00e2ble peut r\u00e9sister \u00e0 au moins 6 000 cycles de tests de flexion, ce qui le rend extr\u00eamement durable et fiable.<\/p>\n<p>Les joints m\u00e9talliques en aluminium moul\u00e9 sans soudure renforcent la durabilit\u00e9 et l'aspect attrayant du c\u00e2ble.<\/p>\n<p>Les principales caract\u00e9ristiques de ce c\u00e2ble de charge tress\u00e9 sont sa compatibilit\u00e9 avec une large gamme d'appareils, une tresse en coton de haute qualit\u00e9 et un bo\u00eetier m\u00e9tallique en aluminium pour une protection suppl\u00e9mentaire, ainsi que la prise en charge du transfert de donn\u00e9es \u00e0 grande vitesse jusqu'\u00e0 480 Mbps.<\/p>\n<p>Il est con\u00e7u pour prendre en charge la communication et les fonctions USB 2.0 et poss\u00e8de une gaine en PVC flexible, un blindage par feuille et tresse et une construction \u00e0 paires torsad\u00e9es pour des performances optimales.<\/p>\n<p>En outre, le conducteur du c\u00e2ble comprend une ligne d'alimentation de 30\/0,1 mm2 et une ligne de donn\u00e9es de 7\/0,1 mm2, isol\u00e9es avec du PEHD.<\/p>\n<p>Le calibre du fil est de 23AWG, ce qui garantit sa durabilit\u00e9 et ses performances. Son diam\u00e8tre ext\u00e9rieur est de 3,8\u00b10,2 mm et il est conforme aux normes RoHS.<\/p>\n<p>En conclusion, test\u00e9 pour r\u00e9pondre aux normes de l'industrie et couvert par une garantie FARSINCE de 2 ans, ce c\u00e2ble de haute qualit\u00e9 est le choix ultime pour tous vos besoins de charge et de transfert de donn\u00e9es.<\/p>\n<h2>Informations sur la commande :<\/h2>\n<ul>\n<li>FS21001-003 : 0,3m<\/li>\n<li>FS21001-005 : 0,5 m<\/li>\n<li>FS21001-010 : 1.0m<\/li>\n<li>FS21001-015 : 1.5m<\/li>\n<li>FS21001-020 : 2,0 m<\/li>\n<\/ul>","protected":false},"excerpt":{"rendered":"<p>D\u00e9couvrez notre c\u00e2ble de charge tress\u00e9, la solution id\u00e9ale pour une charge et un transfert de donn\u00e9es rapides et efficaces entre les p\u00e9riph\u00e9riques USB portables et les ports micro-USB.<\/p>","protected":false},"featured_media":16451,"template":"","meta":{"_acf_changed":false,"_seopress_robots_primary_cat":"","_seopress_titles_title":"Best Braided Charging Cable - Farsince","_seopress_titles_desc":"","_seopress_robots_index":"","site-sidebar-layout":"default","site-content-layout":"default","ast-site-content-layout":"default","site-content-style":"default","site-sidebar-style":"default","ast-global-header-display":"","ast-banner-title-visibility":"","ast-main-header-display":"","ast-hfb-above-header-display":"","ast-hfb-below-header-display":"","ast-hfb-mobile-header-display":"","site-post-title":"","ast-breadcrumbs-content":"","ast-featured-img":"","footer-sml-layout":"","ast-disable-related-posts":"","theme-transparent-header-meta":"default","adv-header-id-meta":"","stick-header-meta":"","header-above-stick-meta":"","header-main-stick-meta":"","header-below-stick-meta":"","astra-migrate-meta-layouts":"default","ast-page-background-enabled":"default","ast-page-background-meta":{"desktop":{"background-color":"","background-image":"","background-repeat":"repeat","background-position":"center center","background-size":"auto","background-attachment":"scroll","background-type":"","background-media":"","overlay-type":"","overlay-color":"","overlay-opacity":"","overlay-gradient":""},"tablet":{"background-color":"","background-image":"","background-repeat":"repeat","background-position":"center center","background-size":"auto","background-attachment":"scroll","background-type":"","background-media":"","overlay-type":"","overlay-color":"","overlay-opacity":"","overlay-gradient":""},"mobile":{"background-color":"","background-image":"","background-repeat":"repeat","background-position":"center center","background-size":"auto","background-attachment":"scroll","background-type":"","background-media":"","overlay-type":"","overlay-color":"","overlay-opacity":"","overlay-gradient":""}},"ast-content-background-meta":{"desktop":{"background-color":"var(--ast-global-color-5)","background-image":"","background-repeat":"repeat","background-position":"center center","background-size":"auto","background-attachment":"scroll","background-type":"","background-media":"","overlay-type":"","overlay-color":"","overlay-opacity":"","overlay-gradient":""},"tablet":{"background-color":"var(--ast-global-color-5)","background-image":"","background-repeat":"repeat","background-position":"center center","background-size":"auto","background-attachment":"scroll","background-type":"","background-media":"","overlay-type":"","overlay-color":"","overlay-opacity":"","overlay-gradient":""},"mobile":{"background-color":"var(--ast-global-color-5)","background-image":"","background-repeat":"repeat","background-position":"center center","background-size":"auto","background-attachment":"scroll","background-type":"","background-media":"","overlay-type":"","overlay-color":"","overlay-opacity":"","overlay-gradient":""}},"iawp_total_views":11},"product_brand":[],"product_cat":[636],"product_tag":[],"class_list":{"0":"post-16450","1":"product","2":"type-product","3":"status-publish","4":"has-post-thumbnail","6":"product_cat-usb-2-0-cables","7":"desktop-align-left","8":"tablet-align-left","9":"mobile-align-left","11":"first","12":"instock","13":"shipping-taxable","14":"purchasable","15":"product-type-simple"},"acf":[],"_links":{"self":[{"href":"https:\/\/www.fjpremium.com\/fr\/wp-json\/wp\/v2\/product\/16450","targetHints":{"allow":["GET"]}}],"collection":[{"href":"https:\/\/www.fjpremium.com\/fr\/wp-json\/wp\/v2\/product"}],"about":[{"href":"https:\/\/www.fjpremium.com\/fr\/wp-json\/wp\/v2\/types\/product"}],"wp:featuredmedia":[{"embeddable":true,"href":"https:\/\/www.fjpremium.com\/fr\/wp-json\/wp\/v2\/media\/16451"}],"wp:attachment":[{"href":"https:\/\/www.fjpremium.com\/fr\/wp-json\/wp\/v2\/media?parent=16450"}],"wp:term":[{"taxonomy":"product_brand","embeddable":true,"href":"https:\/\/www.fjpremium.com\/fr\/wp-json\/wp\/v2\/product_brand?post=16450"},{"taxonomy":"product_cat","embeddable":true,"href":"https:\/\/www.fjpremium.com\/fr\/wp-json\/wp\/v2\/product_cat?post=16450"},{"taxonomy":"product_tag","embeddable":true,"href":"https:\/\/www.fjpremium.com\/fr\/wp-json\/wp\/v2\/product_tag?post=16450"}],"curies":[{"name":"wp","href":"https:\/\/api.w.org\/{rel}","templated":true}]}}