{"id":16428,"date":"2020-09-09T16:13:36","date_gmt":"2020-09-09T08:13:36","guid":{"rendered":"https:\/\/www.fjpremium.com\/?post_type=product&#038;p=16428"},"modified":"2023-05-24T14:21:43","modified_gmt":"2023-05-24T06:21:43","slug":"high-quality-lfh59-dms-59-to-dual-vga-female-y-splitter-graphics-card-monitor-cable","status":"publish","type":"product","link":"https:\/\/www.fjpremium.com\/fr\/product\/high-quality-lfh59-dms-59-to-dual-vga-female-y-splitter-graphics-card-monitor-cable\/","title":{"rendered":"LFH59 (DMS-59) vers Double VGA Femelle Y Splitter Moniteur Carte Graphique C\u00e2ble"},"content":{"rendered":"<p>M\u00e9ticuleusement con\u00e7u pour des performances exceptionnelles, notre c\u00e2ble pour carte graphique vous permet de connecter en toute transparence deux moniteurs DisplayPort \u00e0 votre carte graphique \u00e9quip\u00e9e d'un DMS\/LFH.<\/p>\n<p>Ce c\u00e2ble pour carte graphique se distingue par sa compatibilit\u00e9 avec une large gamme de cartes vid\u00e9o DMS-59. Il prend en charge des r\u00e9solutions \u00e9lev\u00e9es allant jusqu'\u00e0 4k x 2k (3840 x 2160) et offre une bande passante HBR2 maximale de 21,6 Gbps.<\/p>\n<p>En outre, il est compatible avec les cartes graphiques DMS\/LFH 59 ou DMS\/LFH 60, et s'adapte \u00e0 des marques populaires telles que Matrox, NVIDIA, PNY, ATI et HP.<\/p>\n<p>Pour ajouter \u00e0 sa polyvalence, nous proposons une s\u00e9lection de c\u00e2bles s\u00e9parateurs DMS59, y compris des options pour double HDMI, double DVI, double VGA et DVI+VGA.<\/p>\n<p>Cet \u00e9ventail d'offres vous permet de personnaliser votre installation en fonction de vos besoins sp\u00e9cifiques.<\/p>\n<p>Les connecteurs moul\u00e9s de qualit\u00e9 sup\u00e9rieure de notre c\u00e2ble garantissent la long\u00e9vit\u00e9, tandis que la construction moul\u00e9e robuste, combin\u00e9e aux contacts plaqu\u00e9s or et au conducteur de c\u00e2ble en cuivre nu, garantit des performances fiables.<\/p>\n<p>En outre, le c\u00e2ble est dot\u00e9 d'un connecteur m\u00e2le DMS 59 broches et d'un connecteur DisplayPort 20P femelle \u00e0 2 ports, HDMI femelle \u00e0 2 ports, DVI femelle \u00e0 2 ports, VGA femelle \u00e0 2 ports ou DVI femelle + VGA femelle.<\/p>\n<p>Il est isol\u00e9 avec de la mousse PE SKIN\/HDPE et poss\u00e8de un calibre de 28AWG.<\/p>\n<p>Il est triplement blind\u00e9 avec une feuille d'aluminium \u00e0 paires torsad\u00e9es, une feuille d'aluminium globale et une tresse pour une protection robuste.<\/p>\n<p>Le bo\u00eetier est en plastique moul\u00e9 par injection et la gaine est en PVC, avec un diam\u00e8tre ext\u00e9rieur de 7,3\u00b10,2 mm.<\/p>\n<p>Il est \u00e9galement conforme aux normes RoHS et REACH, ce qui atteste de sa s\u00e9curit\u00e9 et de ses normes de qualit\u00e9.<\/p>\n<p>En r\u00e9sum\u00e9, choisissez ce c\u00e2ble de carte graphique pour une exp\u00e9rience num\u00e9rique am\u00e9lior\u00e9e et en haute r\u00e9solution.<\/p>\n<h2>T\u00e9l\u00e9charger :<\/h2>\n<ul>\n<li>Fiche technique de DMS-59 Y Spliter Graphics Card Monitor Cable<\/li>\n<\/ul>\n<h2>Informations sur la commande :<\/h2>\n<ul>\n<li>FS12601 : DMS-59 vers c\u00e2ble double DisplayPort femelle, 0.25M<\/li>\n<li>FS12602 : C\u00e2ble s\u00e9parateur DMS-59 vers double HDMI femelle, 0.25M<\/li>\n<li>FS12603 : C\u00e2ble s\u00e9parateur DMS-59 vers DVI-I double lien femelle, 0.25M<\/li>\n<li>FS12604 : DMS-59 vers double c\u00e2ble s\u00e9parateur VGA femelle, 0.25M<\/li>\n<li>FS12605 : C\u00e2ble s\u00e9parateur DMS-59 vers DVI femelle + VGA femelle, 0.25M<\/li>\n<\/ul>","protected":false},"excerpt":{"rendered":"<p>Am\u00e9liorez votre exp\u00e9rience num\u00e9rique avec le c\u00e2ble de carte graphique LFH59 (DMS-59) de haute qualit\u00e9 vers double VGA femelle r\u00e9partiteur en Y de FARSINCE.<\/p>","protected":false},"featured_media":16441,"template":"","meta":{"_acf_changed":false,"_seopress_robots_primary_cat":"","_seopress_titles_title":"Y Splitter Monitor Graphics Card Cable - Farsince","_seopress_titles_desc":"","_seopress_robots_index":"","site-sidebar-layout":"default","site-content-layout":"default","ast-site-content-layout":"default","site-content-style":"default","site-sidebar-style":"default","ast-global-header-display":"","ast-banner-title-visibility":"","ast-main-header-display":"","ast-hfb-above-header-display":"","ast-hfb-below-header-display":"","ast-hfb-mobile-header-display":"","site-post-title":"","ast-breadcrumbs-content":"","ast-featured-img":"","footer-sml-layout":"","ast-disable-related-posts":"","theme-transparent-header-meta":"default","adv-header-id-meta":"","stick-header-meta":"","header-above-stick-meta":"","header-main-stick-meta":"","header-below-stick-meta":"","astra-migrate-meta-layouts":"default","ast-page-background-enabled":"default","ast-page-background-meta":{"desktop":{"background-color":"","background-image":"","background-repeat":"repeat","background-position":"center center","background-size":"auto","background-attachment":"scroll","background-type":"","background-media":"","overlay-type":"","overlay-color":"","overlay-opacity":"","overlay-gradient":""},"tablet":{"background-color":"","background-image":"","background-repeat":"repeat","background-position":"center center","background-size":"auto","background-attachment":"scroll","background-type":"","background-media":"","overlay-type":"","overlay-color":"","overlay-opacity":"","overlay-gradient":""},"mobile":{"background-color":"","background-image":"","background-repeat":"repeat","background-position":"center center","background-size":"auto","background-attachment":"scroll","background-type":"","background-media":"","overlay-type":"","overlay-color":"","overlay-opacity":"","overlay-gradient":""}},"ast-content-background-meta":{"desktop":{"background-color":"var(--ast-global-color-5)","background-image":"","background-repeat":"repeat","background-position":"center center","background-size":"auto","background-attachment":"scroll","background-type":"","background-media":"","overlay-type":"","overlay-color":"","overlay-opacity":"","overlay-gradient":""},"tablet":{"background-color":"var(--ast-global-color-5)","background-image":"","background-repeat":"repeat","background-position":"center center","background-size":"auto","background-attachment":"scroll","background-type":"","background-media":"","overlay-type":"","overlay-color":"","overlay-opacity":"","overlay-gradient":""},"mobile":{"background-color":"var(--ast-global-color-5)","background-image":"","background-repeat":"repeat","background-position":"center center","background-size":"auto","background-attachment":"scroll","background-type":"","background-media":"","overlay-type":"","overlay-color":"","overlay-opacity":"","overlay-gradient":""}},"iawp_total_views":24},"product_brand":[],"product_cat":[212],"product_tag":[],"class_list":{"0":"post-16428","1":"product","2":"type-product","3":"status-publish","4":"has-post-thumbnail","6":"product_cat-displayport","7":"desktop-align-left","8":"tablet-align-left","9":"mobile-align-left","11":"first","12":"instock","13":"shipping-taxable","14":"purchasable","15":"product-type-simple"},"acf":[],"_links":{"self":[{"href":"https:\/\/www.fjpremium.com\/fr\/wp-json\/wp\/v2\/product\/16428","targetHints":{"allow":["GET"]}}],"collection":[{"href":"https:\/\/www.fjpremium.com\/fr\/wp-json\/wp\/v2\/product"}],"about":[{"href":"https:\/\/www.fjpremium.com\/fr\/wp-json\/wp\/v2\/types\/product"}],"wp:featuredmedia":[{"embeddable":true,"href":"https:\/\/www.fjpremium.com\/fr\/wp-json\/wp\/v2\/media\/16441"}],"wp:attachment":[{"href":"https:\/\/www.fjpremium.com\/fr\/wp-json\/wp\/v2\/media?parent=16428"}],"wp:term":[{"taxonomy":"product_brand","embeddable":true,"href":"https:\/\/www.fjpremium.com\/fr\/wp-json\/wp\/v2\/product_brand?post=16428"},{"taxonomy":"product_cat","embeddable":true,"href":"https:\/\/www.fjpremium.com\/fr\/wp-json\/wp\/v2\/product_cat?post=16428"},{"taxonomy":"product_tag","embeddable":true,"href":"https:\/\/www.fjpremium.com\/fr\/wp-json\/wp\/v2\/product_tag?post=16428"}],"curies":[{"name":"wp","href":"https:\/\/api.w.org\/{rel}","templated":true}]}}