{"id":16427,"date":"2020-09-09T16:13:33","date_gmt":"2020-09-09T08:13:33","guid":{"rendered":"https:\/\/www.fjpremium.com\/?post_type=product&#038;p=16427"},"modified":"2023-10-07T13:54:53","modified_gmt":"2023-10-07T05:54:53","slug":"high-quality-lfh59-dms-59-to-dual-dvi-i-dual-link-female-y-splitter-graphics-card-monitor-cable","status":"publish","type":"product","link":"https:\/\/www.fjpremium.com\/fr\/product\/high-quality-lfh59-dms-59-to-dual-dvi-i-dual-link-female-y-splitter-graphics-card-monitor-cable\/","title":{"rendered":"C\u00e2ble moniteur pour carte graphique LFH59 (DMS-59) vers DVI-I double liaison femelle Y Splitter de haute qualit\u00e9"},"content":{"rendered":"<p>Parfaitement con\u00e7u pour connecter deux moniteurs DisplayPort \u00e0 votre carte graphique \u00e9quip\u00e9e d'un DMS\/LFH, ce c\u00e2ble offre des r\u00e9solutions 4K x 2K (3840 x 2160) stup\u00e9fiantes et prend en charge une bande passante HBR2 maximale de 21,6 Gbps.<\/p>\n<p>Compatible avec la plupart des cartes vid\u00e9o DMS-59, y compris Matrox, NVIDIA, PNY, ATI et HP, il ouvre les portes de l'affichage ultra-haute d\u00e9finition.<\/p>\n<p>Nous r\u00e9pondons \u00e0 divers besoins en proposant des c\u00e2bles s\u00e9parateurs DMS59 vers HDMI double, DVI, VGA et DVI+VGA.<\/p>\n<p>De plus, les connecteurs moul\u00e9s de qualit\u00e9 sup\u00e9rieure, les contacts plaqu\u00e9s or et la construction moul\u00e9e robuste de notre c\u00e2ble de moniteur de carte graphique garantissent une long\u00e9vit\u00e9 et des performances constantes.<\/p>\n<p>Ses caract\u00e9ristiques :<\/p>\n<ul>\n<li>Conducteur du c\u00e2ble : Cuivre nu<\/li>\n<li>Isolation : PE SKIN\/HDPE mouss\u00e9<\/li>\n<li>Calibre du fil : 28AWG<\/li>\n<li>Triple blindage : paire torsad\u00e9e de feuilles d'aluminium, feuilles d'aluminium globales, tresse.<\/li>\n<li>Bo\u00eetier : Moulage par injection de plastique<\/li>\n<li>Gaine : PVC<\/li>\n<li>Diam\u00e8tre ext\u00e9rieur : 7,3\u00b10,2 mm<\/li>\n<li>Conformit\u00e9 : RoHS, REACH<\/li>\n<\/ul>\n<p>En conclusion, contactez-nous d\u00e8s aujourd'hui et investissez dans ce syst\u00e8me pour d\u00e9couvrir la v\u00e9ritable puissance de l'imagerie de haute qualit\u00e9.<\/p>\n<p>&nbsp;<\/p>","protected":false},"excerpt":{"rendered":"<p>Lib\u00e9rez des performances graphiques sup\u00e9rieures avec le c\u00e2ble de moniteur de carte graphique r\u00e9partiteur en Y de FARSINCE, prenant en charge les visuels haute d\u00e9finition jusqu&#039;\u00e0 une r\u00e9solution 4K x 2K.<\/p>","protected":false},"featured_media":16440,"template":"","meta":{"_acf_changed":false,"_seopress_robots_primary_cat":"","_seopress_titles_title":"Y Splitter Graphics Card Monitor Cable - Farsince","_seopress_titles_desc":"","_seopress_robots_index":"","site-sidebar-layout":"default","site-content-layout":"default","ast-site-content-layout":"default","site-content-style":"default","site-sidebar-style":"default","ast-global-header-display":"","ast-banner-title-visibility":"","ast-main-header-display":"","ast-hfb-above-header-display":"","ast-hfb-below-header-display":"","ast-hfb-mobile-header-display":"","site-post-title":"","ast-breadcrumbs-content":"","ast-featured-img":"","footer-sml-layout":"","ast-disable-related-posts":"","theme-transparent-header-meta":"default","adv-header-id-meta":"","stick-header-meta":"","header-above-stick-meta":"","header-main-stick-meta":"","header-below-stick-meta":"","astra-migrate-meta-layouts":"set","ast-page-background-enabled":"default","ast-page-background-meta":{"desktop":{"background-color":"","background-image":"","background-repeat":"repeat","background-position":"center center","background-size":"auto","background-attachment":"scroll","background-type":"","background-media":"","overlay-type":"","overlay-color":"","overlay-opacity":"","overlay-gradient":""},"tablet":{"background-color":"","background-image":"","background-repeat":"repeat","background-position":"center center","background-size":"auto","background-attachment":"scroll","background-type":"","background-media":"","overlay-type":"","overlay-color":"","overlay-opacity":"","overlay-gradient":""},"mobile":{"background-color":"","background-image":"","background-repeat":"repeat","background-position":"center center","background-size":"auto","background-attachment":"scroll","background-type":"","background-media":"","overlay-type":"","overlay-color":"","overlay-opacity":"","overlay-gradient":""}},"ast-content-background-meta":{"desktop":{"background-color":"var(--ast-global-color-5)","background-image":"","background-repeat":"repeat","background-position":"center center","background-size":"auto","background-attachment":"scroll","background-type":"","background-media":"","overlay-type":"","overlay-color":"","overlay-opacity":"","overlay-gradient":""},"tablet":{"background-color":"var(--ast-global-color-5)","background-image":"","background-repeat":"repeat","background-position":"center center","background-size":"auto","background-attachment":"scroll","background-type":"","background-media":"","overlay-type":"","overlay-color":"","overlay-opacity":"","overlay-gradient":""},"mobile":{"background-color":"var(--ast-global-color-5)","background-image":"","background-repeat":"repeat","background-position":"center center","background-size":"auto","background-attachment":"scroll","background-type":"","background-media":"","overlay-type":"","overlay-color":"","overlay-opacity":"","overlay-gradient":""}},"iawp_total_views":8},"product_brand":[],"product_cat":[212],"product_tag":[],"class_list":{"0":"post-16427","1":"product","2":"type-product","3":"status-publish","4":"has-post-thumbnail","6":"product_cat-displayport","7":"desktop-align-left","8":"tablet-align-left","9":"mobile-align-left","11":"first","12":"instock","13":"shipping-taxable","14":"purchasable","15":"product-type-simple"},"acf":[],"_links":{"self":[{"href":"https:\/\/www.fjpremium.com\/fr\/wp-json\/wp\/v2\/product\/16427","targetHints":{"allow":["GET"]}}],"collection":[{"href":"https:\/\/www.fjpremium.com\/fr\/wp-json\/wp\/v2\/product"}],"about":[{"href":"https:\/\/www.fjpremium.com\/fr\/wp-json\/wp\/v2\/types\/product"}],"wp:featuredmedia":[{"embeddable":true,"href":"https:\/\/www.fjpremium.com\/fr\/wp-json\/wp\/v2\/media\/16440"}],"wp:attachment":[{"href":"https:\/\/www.fjpremium.com\/fr\/wp-json\/wp\/v2\/media?parent=16427"}],"wp:term":[{"taxonomy":"product_brand","embeddable":true,"href":"https:\/\/www.fjpremium.com\/fr\/wp-json\/wp\/v2\/product_brand?post=16427"},{"taxonomy":"product_cat","embeddable":true,"href":"https:\/\/www.fjpremium.com\/fr\/wp-json\/wp\/v2\/product_cat?post=16427"},{"taxonomy":"product_tag","embeddable":true,"href":"https:\/\/www.fjpremium.com\/fr\/wp-json\/wp\/v2\/product_tag?post=16427"}],"curies":[{"name":"wp","href":"https:\/\/api.w.org\/{rel}","templated":true}]}}