{"id":16426,"date":"2020-09-09T16:13:32","date_gmt":"2020-09-09T08:13:32","guid":{"rendered":"https:\/\/www.fjpremium.com\/?post_type=product&#038;p=16426"},"modified":"2023-10-07T14:13:15","modified_gmt":"2023-10-07T06:13:15","slug":"high-quality-lfh59-dms-59-to-hdmi-female-y-splitter-graphics-card-monitor-cable","status":"publish","type":"product","link":"https:\/\/www.fjpremium.com\/fr\/product\/high-quality-lfh59-dms-59-to-hdmi-female-y-splitter-graphics-card-monitor-cable\/","title":{"rendered":"C\u00e2ble moniteur LFH59 (DMS-59) vers HDMI femelle Y Splitter de haute qualit\u00e9"},"content":{"rendered":"<p>Fabriqu\u00e9 avec pr\u00e9cision et finesse, notre c\u00e2ble est dot\u00e9 de connecteurs moul\u00e9s de qualit\u00e9 sup\u00e9rieure, garantissant des performances durables. Sa construction robuste et ses contacts plaqu\u00e9s or garantissent sa fiabilit\u00e9.<\/p>\n<p>Ce c\u00e2ble moniteur s\u00e9parateur en Y se distingue par sa prise en charge de r\u00e9solutions \u00e9lev\u00e9es allant jusqu'\u00e0 4k x 2k (3840 x 2160), offrant une clart\u00e9 \u00e9poustouflante et des images qui laissent un impact durable.<\/p>\n<p>Avec une bande passante HBR2 maximale de 21,6 Gbps, il est \u00e9quip\u00e9 pour g\u00e9rer les t\u00e2ches les plus exigeantes.<\/p>\n<p>Ses caract\u00e9ristiques<\/p>\n<ul>\n<li>Conducteur du c\u00e2ble : Cuivre nu<\/li>\n<li>Isolation : PE SKIN\/HDPE mouss\u00e9<\/li>\n<li>Calibre du fil : 28AWG<\/li>\n<li>Triple blindage : paire torsad\u00e9e de feuilles d'aluminium, feuilles d'aluminium globales, tresse.<\/li>\n<li>Bo\u00eetier : Moulage par injection de plastique<\/li>\n<li>Gaine : PVC<\/li>\n<li>Diam\u00e8tre ext\u00e9rieur : 7,3\u00b10,2 mm<\/li>\n<li>Conformit\u00e9 : RoHS, REACH<\/li>\n<\/ul>\n<p>En outre, compatible avec les cartes graphiques DMS\/LFH 59 ou DMS\/LFH 60, y compris des marques renomm\u00e9es comme Matrox, NVIDIA, PNY, ATI et HP, il garantit une int\u00e9gration transparente dans votre configuration existante.<\/p>\n<p>Dans l'ensemble, contactez-nous d\u00e8s aujourd'hui et am\u00e9liorez votre collection de gros avec ce c\u00e2ble de qualit\u00e9 sup\u00e9rieure.<\/p>","protected":false},"excerpt":{"rendered":"<p>Exploitez tout le potentiel de la carte graphique \u00e9quip\u00e9e de DMS\/LFH avec le c\u00e2ble de moniteur s\u00e9parateur en Y, qui permet de connecter en toute transparence deux moniteurs DisplayPort \u00e0 votre syst\u00e8me.<\/p>","protected":false},"featured_media":16439,"template":"","meta":{"_acf_changed":false,"_seopress_robots_primary_cat":"","_seopress_titles_title":"LFH59 (DMS-59) to HDMI female Y Splitter Monitor Cable - Farsince","_seopress_titles_desc":"","_seopress_robots_index":"","site-sidebar-layout":"default","site-content-layout":"default","ast-site-content-layout":"default","site-content-style":"default","site-sidebar-style":"default","ast-global-header-display":"","ast-banner-title-visibility":"","ast-main-header-display":"","ast-hfb-above-header-display":"","ast-hfb-below-header-display":"","ast-hfb-mobile-header-display":"","site-post-title":"","ast-breadcrumbs-content":"","ast-featured-img":"","footer-sml-layout":"","ast-disable-related-posts":"","theme-transparent-header-meta":"default","adv-header-id-meta":"","stick-header-meta":"","header-above-stick-meta":"","header-main-stick-meta":"","header-below-stick-meta":"","astra-migrate-meta-layouts":"set","ast-page-background-enabled":"default","ast-page-background-meta":{"desktop":{"background-color":"","background-image":"","background-repeat":"repeat","background-position":"center center","background-size":"auto","background-attachment":"scroll","background-type":"","background-media":"","overlay-type":"","overlay-color":"","overlay-opacity":"","overlay-gradient":""},"tablet":{"background-color":"","background-image":"","background-repeat":"repeat","background-position":"center center","background-size":"auto","background-attachment":"scroll","background-type":"","background-media":"","overlay-type":"","overlay-color":"","overlay-opacity":"","overlay-gradient":""},"mobile":{"background-color":"","background-image":"","background-repeat":"repeat","background-position":"center center","background-size":"auto","background-attachment":"scroll","background-type":"","background-media":"","overlay-type":"","overlay-color":"","overlay-opacity":"","overlay-gradient":""}},"ast-content-background-meta":{"desktop":{"background-color":"var(--ast-global-color-5)","background-image":"","background-repeat":"repeat","background-position":"center center","background-size":"auto","background-attachment":"scroll","background-type":"","background-media":"","overlay-type":"","overlay-color":"","overlay-opacity":"","overlay-gradient":""},"tablet":{"background-color":"var(--ast-global-color-5)","background-image":"","background-repeat":"repeat","background-position":"center center","background-size":"auto","background-attachment":"scroll","background-type":"","background-media":"","overlay-type":"","overlay-color":"","overlay-opacity":"","overlay-gradient":""},"mobile":{"background-color":"var(--ast-global-color-5)","background-image":"","background-repeat":"repeat","background-position":"center center","background-size":"auto","background-attachment":"scroll","background-type":"","background-media":"","overlay-type":"","overlay-color":"","overlay-opacity":"","overlay-gradient":""}},"iawp_total_views":11},"product_brand":[],"product_cat":[212],"product_tag":[],"class_list":{"0":"post-16426","1":"product","2":"type-product","3":"status-publish","4":"has-post-thumbnail","6":"product_cat-displayport","7":"desktop-align-left","8":"tablet-align-left","9":"mobile-align-left","11":"first","12":"instock","13":"shipping-taxable","14":"purchasable","15":"product-type-simple"},"acf":[],"_links":{"self":[{"href":"https:\/\/www.fjpremium.com\/fr\/wp-json\/wp\/v2\/product\/16426","targetHints":{"allow":["GET"]}}],"collection":[{"href":"https:\/\/www.fjpremium.com\/fr\/wp-json\/wp\/v2\/product"}],"about":[{"href":"https:\/\/www.fjpremium.com\/fr\/wp-json\/wp\/v2\/types\/product"}],"wp:featuredmedia":[{"embeddable":true,"href":"https:\/\/www.fjpremium.com\/fr\/wp-json\/wp\/v2\/media\/16439"}],"wp:attachment":[{"href":"https:\/\/www.fjpremium.com\/fr\/wp-json\/wp\/v2\/media?parent=16426"}],"wp:term":[{"taxonomy":"product_brand","embeddable":true,"href":"https:\/\/www.fjpremium.com\/fr\/wp-json\/wp\/v2\/product_brand?post=16426"},{"taxonomy":"product_cat","embeddable":true,"href":"https:\/\/www.fjpremium.com\/fr\/wp-json\/wp\/v2\/product_cat?post=16426"},{"taxonomy":"product_tag","embeddable":true,"href":"https:\/\/www.fjpremium.com\/fr\/wp-json\/wp\/v2\/product_tag?post=16426"}],"curies":[{"name":"wp","href":"https:\/\/api.w.org\/{rel}","templated":true}]}}