{"id":16425,"date":"2020-09-09T16:13:31","date_gmt":"2020-09-09T08:13:31","guid":{"rendered":"https:\/\/www.fjpremium.com\/?post_type=product&#038;p=16425"},"modified":"2023-10-07T17:19:27","modified_gmt":"2023-10-07T09:19:27","slug":"high-quality-lfh59-dms-59-to-dual-displayport-female-y-splitter-graphics-card-monitor-cable","status":"publish","type":"product","link":"https:\/\/www.fjpremium.com\/fr\/product\/high-quality-lfh59-dms-59-to-dual-displayport-female-y-splitter-graphics-card-monitor-cable\/","title":{"rendered":"LFH59 (DMS-59) vers Double DisplayPort femelle Y Splitter Cables for Monitors"},"content":{"rendered":"<p>Con\u00e7us pour connecter en toute transparence deux moniteurs DisplayPort \u00e0 des cartes graphiques \u00e9quip\u00e9es de DMS\/LFH, ces c\u00e2bles pour moniteurs vous permettent d'exploiter la v\u00e9ritable puissance des images de qualit\u00e9 sup\u00e9rieure.<\/p>\n<p>Capables de prendre en charge des r\u00e9solutions \u00e9poustouflantes allant jusqu'\u00e0 4k x 2k (3840 x 2160), ils garantissent une exp\u00e9rience visuelle immersive gr\u00e2ce \u00e0 une bande passante HBR2 robuste de 21,6 Gbps.<\/p>\n<p>De plus, la compatibilit\u00e9 est vaste, allant de marques de cartes graphiques renomm\u00e9es comme Matrox \u00e0 NVIDIA et ATI.<\/p>\n<p>La long\u00e9vit\u00e9 et la fiabilit\u00e9 de ces c\u00e2bles, qui se distinguent par des contacts plaqu\u00e9s or et une construction moul\u00e9e robuste, ne sont pas compromises.<\/p>\n<p>Ses caract\u00e9ristiques :<\/p>\n<ul>\n<li>Conducteur du c\u00e2ble : Cuivre nu<\/li>\n<li>Isolation : PE SKIN\/HDPE mouss\u00e9<\/li>\n<li>Calibre du fil : 28AWG<\/li>\n<li>Triple blindage : paire torsad\u00e9e de feuilles d'aluminium, feuilles d'aluminium globales, tresse.<\/li>\n<li>Bo\u00eetier : Moulage par injection de plastique<\/li>\n<li>Gaine : PVC<\/li>\n<li>Diam\u00e8tre ext\u00e9rieur : 7,3\u00b10,2 mm<\/li>\n<li>Conformit\u00e9 : RoHS, REACH<\/li>\n<\/ul>\n<p>\u00c9tendez vos capacit\u00e9s d'affichage avec des options suppl\u00e9mentaires, car nous proposons \u00e9galement des variantes de c\u00e2bles s\u00e9parateurs doubles HDMI, DVI, VGA et DVI+VGA. N'h\u00e9sitez donc pas \u00e0 nous contacter d\u00e8s aujourd'hui pour les commander.<\/p>","protected":false},"excerpt":{"rendered":"<p>Exploitez la puissance des c\u00e2bles r\u00e9partiteurs DisplayPort vers LFH59 de haute qualit\u00e9 de FARSINCE pour moniteurs, garantissant ainsi la compatibilit\u00e9 avec les principales marques de cartes graphiques.<\/p>","protected":false},"featured_media":16429,"template":"","meta":{"_acf_changed":false,"_seopress_robots_primary_cat":"","_seopress_titles_title":"Best Y Splitter Cables for Monitors - Farsince","_seopress_titles_desc":"","_seopress_robots_index":"","site-sidebar-layout":"default","site-content-layout":"default","ast-site-content-layout":"default","site-content-style":"default","site-sidebar-style":"default","ast-global-header-display":"","ast-banner-title-visibility":"","ast-main-header-display":"","ast-hfb-above-header-display":"","ast-hfb-below-header-display":"","ast-hfb-mobile-header-display":"","site-post-title":"","ast-breadcrumbs-content":"","ast-featured-img":"","footer-sml-layout":"","ast-disable-related-posts":"","theme-transparent-header-meta":"default","adv-header-id-meta":"","stick-header-meta":"","header-above-stick-meta":"","header-main-stick-meta":"","header-below-stick-meta":"","astra-migrate-meta-layouts":"set","ast-page-background-enabled":"default","ast-page-background-meta":{"desktop":{"background-color":"","background-image":"","background-repeat":"repeat","background-position":"center center","background-size":"auto","background-attachment":"scroll","background-type":"","background-media":"","overlay-type":"","overlay-color":"","overlay-opacity":"","overlay-gradient":""},"tablet":{"background-color":"","background-image":"","background-repeat":"repeat","background-position":"center center","background-size":"auto","background-attachment":"scroll","background-type":"","background-media":"","overlay-type":"","overlay-color":"","overlay-opacity":"","overlay-gradient":""},"mobile":{"background-color":"","background-image":"","background-repeat":"repeat","background-position":"center center","background-size":"auto","background-attachment":"scroll","background-type":"","background-media":"","overlay-type":"","overlay-color":"","overlay-opacity":"","overlay-gradient":""}},"ast-content-background-meta":{"desktop":{"background-color":"var(--ast-global-color-5)","background-image":"","background-repeat":"repeat","background-position":"center center","background-size":"auto","background-attachment":"scroll","background-type":"","background-media":"","overlay-type":"","overlay-color":"","overlay-opacity":"","overlay-gradient":""},"tablet":{"background-color":"var(--ast-global-color-5)","background-image":"","background-repeat":"repeat","background-position":"center center","background-size":"auto","background-attachment":"scroll","background-type":"","background-media":"","overlay-type":"","overlay-color":"","overlay-opacity":"","overlay-gradient":""},"mobile":{"background-color":"var(--ast-global-color-5)","background-image":"","background-repeat":"repeat","background-position":"center center","background-size":"auto","background-attachment":"scroll","background-type":"","background-media":"","overlay-type":"","overlay-color":"","overlay-opacity":"","overlay-gradient":""}},"iawp_total_views":7},"product_brand":[],"product_cat":[212],"product_tag":[],"class_list":{"0":"post-16425","1":"product","2":"type-product","3":"status-publish","4":"has-post-thumbnail","6":"product_cat-displayport","7":"desktop-align-left","8":"tablet-align-left","9":"mobile-align-left","11":"first","12":"instock","13":"shipping-taxable","14":"purchasable","15":"product-type-simple"},"acf":[],"_links":{"self":[{"href":"https:\/\/www.fjpremium.com\/fr\/wp-json\/wp\/v2\/product\/16425","targetHints":{"allow":["GET"]}}],"collection":[{"href":"https:\/\/www.fjpremium.com\/fr\/wp-json\/wp\/v2\/product"}],"about":[{"href":"https:\/\/www.fjpremium.com\/fr\/wp-json\/wp\/v2\/types\/product"}],"wp:featuredmedia":[{"embeddable":true,"href":"https:\/\/www.fjpremium.com\/fr\/wp-json\/wp\/v2\/media\/16429"}],"wp:attachment":[{"href":"https:\/\/www.fjpremium.com\/fr\/wp-json\/wp\/v2\/media?parent=16425"}],"wp:term":[{"taxonomy":"product_brand","embeddable":true,"href":"https:\/\/www.fjpremium.com\/fr\/wp-json\/wp\/v2\/product_brand?post=16425"},{"taxonomy":"product_cat","embeddable":true,"href":"https:\/\/www.fjpremium.com\/fr\/wp-json\/wp\/v2\/product_cat?post=16425"},{"taxonomy":"product_tag","embeddable":true,"href":"https:\/\/www.fjpremium.com\/fr\/wp-json\/wp\/v2\/product_tag?post=16425"}],"curies":[{"name":"wp","href":"https:\/\/api.w.org\/{rel}","templated":true}]}}