{"id":16412,"date":"2020-09-09T16:09:46","date_gmt":"2020-09-09T08:09:46","guid":{"rendered":"https:\/\/www.fjpremium.com\/?post_type=product&#038;p=16412"},"modified":"2023-10-07T14:16:31","modified_gmt":"2023-10-07T06:16:31","slug":"mini-displayport-1-2-thunderbolt-2-to-vga-coupler-mini-dp-to-vga-adapter-1080p","status":"publish","type":"product","link":"https:\/\/www.fjpremium.com\/fr\/product\/mini-displayport-1-2-thunderbolt-2-to-vga-coupler-mini-dp-to-vga-adapter-1080p\/","title":{"rendered":"Coupleur Mini DisplayPort 1.2 (Thunderbolt 2) vers VGA Adaptateur Mini DisplayPort vers VGA 1080p"},"content":{"rendered":"<p>Cet adaptateur de haute qualit\u00e9 connecte sans effort votre ordinateur portable ou de bureau \u00e9quip\u00e9 d'un mini DisplayPort (Thunderbolt 2) \u00e0 toute une s\u00e9rie d'appareils, y compris les t\u00e9l\u00e9viseurs HD, les moniteurs, les projecteurs, les \u00e9crans plats et les \u00e9crans num\u00e9riques \u00e0 tube cathodique avec entr\u00e9e VGA.<\/p>\n<p>Il permet un affichage vid\u00e9o d'une grande clart\u00e9 avec la prise en charge des r\u00e9solutions Full HD jusqu'\u00e0 1920\u00d71080@60Hz, tout en garantissant une transmission audio sans faille pour les canaux num\u00e9riques non compress\u00e9s 7.1, 5.1 ou 2, offrant ainsi une exp\u00e9rience multim\u00e9dia captivante.<\/p>\n<p>Fabriqu\u00e9 avec des mat\u00e9riaux de premi\u00e8re qualit\u00e9 et une construction de pr\u00e9cision, cet adaptateur mini DisplayPort vers VGA garantit des performances fiables pendant toute une vie.<\/p>\n<p>Ses caract\u00e9ristiques :<\/p>\n<ul>\n<li>Bo\u00eetier : Coque en ABS<\/li>\n<li>Chipset : ANX9833<\/li>\n<li>Conformit\u00e9 : RoHS, REACH<\/li>\n<\/ul>\n<p>De plus, ses conducteurs enti\u00e8rement blind\u00e9s offrent une immunit\u00e9 totale aux interf\u00e9rences EMI\/RFI, et les connecteurs plaqu\u00e9s or 24K assurent un transfert de signal sup\u00e9rieur. N'h\u00e9sitez donc pas \u00e0 nous contacter d\u00e8s aujourd'hui pour le commander.<\/p>","protected":false},"excerpt":{"rendered":"<p>Profitez d'une connectivit\u00e9 transparente avec le coupleur adaptateur mini DisplayPort vers VGA de FARSINCE, id\u00e9al pour les applications de home cin\u00e9ma et de bureau.<\/p>","protected":false},"featured_media":16419,"template":"","meta":{"_acf_changed":false,"_seopress_robots_primary_cat":"","_seopress_titles_title":"Mini DisplayPort to VGA Adapter 1080p - Farsince","_seopress_titles_desc":"","_seopress_robots_index":"","site-sidebar-layout":"default","site-content-layout":"default","ast-site-content-layout":"default","site-content-style":"default","site-sidebar-style":"default","ast-global-header-display":"","ast-banner-title-visibility":"","ast-main-header-display":"","ast-hfb-above-header-display":"","ast-hfb-below-header-display":"","ast-hfb-mobile-header-display":"","site-post-title":"","ast-breadcrumbs-content":"","ast-featured-img":"","footer-sml-layout":"","ast-disable-related-posts":"","theme-transparent-header-meta":"default","adv-header-id-meta":"","stick-header-meta":"","header-above-stick-meta":"","header-main-stick-meta":"","header-below-stick-meta":"","astra-migrate-meta-layouts":"set","ast-page-background-enabled":"default","ast-page-background-meta":{"desktop":{"background-color":"","background-image":"","background-repeat":"repeat","background-position":"center center","background-size":"auto","background-attachment":"scroll","background-type":"","background-media":"","overlay-type":"","overlay-color":"","overlay-opacity":"","overlay-gradient":""},"tablet":{"background-color":"","background-image":"","background-repeat":"repeat","background-position":"center center","background-size":"auto","background-attachment":"scroll","background-type":"","background-media":"","overlay-type":"","overlay-color":"","overlay-opacity":"","overlay-gradient":""},"mobile":{"background-color":"","background-image":"","background-repeat":"repeat","background-position":"center center","background-size":"auto","background-attachment":"scroll","background-type":"","background-media":"","overlay-type":"","overlay-color":"","overlay-opacity":"","overlay-gradient":""}},"ast-content-background-meta":{"desktop":{"background-color":"var(--ast-global-color-5)","background-image":"","background-repeat":"repeat","background-position":"center center","background-size":"auto","background-attachment":"scroll","background-type":"","background-media":"","overlay-type":"","overlay-color":"","overlay-opacity":"","overlay-gradient":""},"tablet":{"background-color":"var(--ast-global-color-5)","background-image":"","background-repeat":"repeat","background-position":"center center","background-size":"auto","background-attachment":"scroll","background-type":"","background-media":"","overlay-type":"","overlay-color":"","overlay-opacity":"","overlay-gradient":""},"mobile":{"background-color":"var(--ast-global-color-5)","background-image":"","background-repeat":"repeat","background-position":"center center","background-size":"auto","background-attachment":"scroll","background-type":"","background-media":"","overlay-type":"","overlay-color":"","overlay-opacity":"","overlay-gradient":""}},"iawp_total_views":4},"product_brand":[],"product_cat":[212],"product_tag":[],"class_list":{"0":"post-16412","1":"product","2":"type-product","3":"status-publish","4":"has-post-thumbnail","6":"product_cat-displayport","7":"desktop-align-left","8":"tablet-align-left","9":"mobile-align-left","11":"first","12":"instock","13":"shipping-taxable","14":"purchasable","15":"product-type-simple"},"acf":[],"_links":{"self":[{"href":"https:\/\/www.fjpremium.com\/fr\/wp-json\/wp\/v2\/product\/16412","targetHints":{"allow":["GET"]}}],"collection":[{"href":"https:\/\/www.fjpremium.com\/fr\/wp-json\/wp\/v2\/product"}],"about":[{"href":"https:\/\/www.fjpremium.com\/fr\/wp-json\/wp\/v2\/types\/product"}],"wp:featuredmedia":[{"embeddable":true,"href":"https:\/\/www.fjpremium.com\/fr\/wp-json\/wp\/v2\/media\/16419"}],"wp:attachment":[{"href":"https:\/\/www.fjpremium.com\/fr\/wp-json\/wp\/v2\/media?parent=16412"}],"wp:term":[{"taxonomy":"product_brand","embeddable":true,"href":"https:\/\/www.fjpremium.com\/fr\/wp-json\/wp\/v2\/product_brand?post=16412"},{"taxonomy":"product_cat","embeddable":true,"href":"https:\/\/www.fjpremium.com\/fr\/wp-json\/wp\/v2\/product_cat?post=16412"},{"taxonomy":"product_tag","embeddable":true,"href":"https:\/\/www.fjpremium.com\/fr\/wp-json\/wp\/v2\/product_tag?post=16412"}],"curies":[{"name":"wp","href":"https:\/\/api.w.org\/{rel}","templated":true}]}}