{"id":16411,"date":"2020-09-09T16:09:45","date_gmt":"2020-09-09T08:09:45","guid":{"rendered":"https:\/\/www.fjpremium.com\/?post_type=product&#038;p=16411"},"modified":"2023-10-07T17:22:22","modified_gmt":"2023-10-07T09:22:22","slug":"mini-displayport-1-2-thunderbolt-2-to-displayport-coupler-mini-dp-to-dp-adapter-4k-60hz","status":"publish","type":"product","link":"https:\/\/www.fjpremium.com\/fr\/product\/mini-displayport-1-2-thunderbolt-2-to-displayport-coupler-mini-dp-to-dp-adapter-4k-60hz\/","title":{"rendered":"Adaptateur Mini DisplayPort 1.2 (Thunderbolt 2) vers DisplayPort Mini DP 4K 60hz"},"content":{"rendered":"<p>Con\u00e7u de mani\u00e8re experte, le coupleur adaptateur facilite la connexion vid\u00e9o d'un Chromebook ou d'un ordinateur portable \u00e9quip\u00e9 d'un mini DisplayPort directement vers des \u00e9crans dot\u00e9s d'entr\u00e9es DisplayPort.<\/p>\n<p>Il offre des images in\u00e9gal\u00e9es avec la prise en charge de r\u00e9solutions aussi \u00e9lev\u00e9es que 4K@30 (3840\u00d72160, Ultra HD) et 1080P (Full HD). Et vous pouvez vous immerger dans un son sans perte, du format 7.1 au format 2 canaux.<\/p>\n<p>Con\u00e7u pour r\u00e9pondre aux normes DisplayPort 1.2, notre adaptateur mini DP garantit des performances optimales pour les applications haut de gamme. Il s'agit notamment d'un adaptateur unidirectionnel con\u00e7u uniquement pour les conversions Mini DisplayPort vers HDMI.<\/p>\n<p>Pour une int\u00e9grit\u00e9 du signal sans faille, il est dot\u00e9 de conducteurs enti\u00e8rement blind\u00e9s r\u00e9sistants aux EMI\/RFI et de connecteurs plaqu\u00e9s or 24K.<\/p>\n<p>Ses caract\u00e9ristiques :<\/p>\n<ul>\n<li>Contact plaqu\u00e9 or ; coque plaqu\u00e9e or<\/li>\n<li>Bo\u00eetier : Coque en ABS<\/li>\n<li>Jeu de puces : aucun<\/li>\n<li>Gaine : PVC<\/li>\n<li>Conformit\u00e9 : RoHS, REACH<\/li>\n<\/ul>\n<p>De plus, il b\u00e9n\u00e9ficie d'une garantie Farsince de 5 ans. Contactez-nous d\u00e8s aujourd'hui pour ajouter cet adaptateur \u00e0 votre inventaire.<\/p>","protected":false},"excerpt":{"rendered":"<p>Faites l&#039;exp\u00e9rience d&#039;une connectivit\u00e9 sup\u00e9rieure avec le coupleur adaptateur mini DP de FARSINCE, prenant en charge jusqu&#039;\u00e0 4K@30, garantissant une vid\u00e9o et un audio impeccables.<\/p>","protected":false},"featured_media":16413,"template":"","meta":{"_acf_changed":false,"_seopress_robots_primary_cat":"","_seopress_titles_title":"Best Mini DP Adapter 4K 60hz - Farsince","_seopress_titles_desc":"","_seopress_robots_index":"","site-sidebar-layout":"default","site-content-layout":"default","ast-site-content-layout":"default","site-content-style":"default","site-sidebar-style":"default","ast-global-header-display":"","ast-banner-title-visibility":"","ast-main-header-display":"","ast-hfb-above-header-display":"","ast-hfb-below-header-display":"","ast-hfb-mobile-header-display":"","site-post-title":"","ast-breadcrumbs-content":"","ast-featured-img":"","footer-sml-layout":"","ast-disable-related-posts":"","theme-transparent-header-meta":"default","adv-header-id-meta":"","stick-header-meta":"","header-above-stick-meta":"","header-main-stick-meta":"","header-below-stick-meta":"","astra-migrate-meta-layouts":"set","ast-page-background-enabled":"default","ast-page-background-meta":{"desktop":{"background-color":"","background-image":"","background-repeat":"repeat","background-position":"center center","background-size":"auto","background-attachment":"scroll","background-type":"","background-media":"","overlay-type":"","overlay-color":"","overlay-opacity":"","overlay-gradient":""},"tablet":{"background-color":"","background-image":"","background-repeat":"repeat","background-position":"center center","background-size":"auto","background-attachment":"scroll","background-type":"","background-media":"","overlay-type":"","overlay-color":"","overlay-opacity":"","overlay-gradient":""},"mobile":{"background-color":"","background-image":"","background-repeat":"repeat","background-position":"center center","background-size":"auto","background-attachment":"scroll","background-type":"","background-media":"","overlay-type":"","overlay-color":"","overlay-opacity":"","overlay-gradient":""}},"ast-content-background-meta":{"desktop":{"background-color":"var(--ast-global-color-5)","background-image":"","background-repeat":"repeat","background-position":"center center","background-size":"auto","background-attachment":"scroll","background-type":"","background-media":"","overlay-type":"","overlay-color":"","overlay-opacity":"","overlay-gradient":""},"tablet":{"background-color":"var(--ast-global-color-5)","background-image":"","background-repeat":"repeat","background-position":"center center","background-size":"auto","background-attachment":"scroll","background-type":"","background-media":"","overlay-type":"","overlay-color":"","overlay-opacity":"","overlay-gradient":""},"mobile":{"background-color":"var(--ast-global-color-5)","background-image":"","background-repeat":"repeat","background-position":"center center","background-size":"auto","background-attachment":"scroll","background-type":"","background-media":"","overlay-type":"","overlay-color":"","overlay-opacity":"","overlay-gradient":""}},"iawp_total_views":4},"product_brand":[],"product_cat":[212],"product_tag":[],"class_list":{"0":"post-16411","1":"product","2":"type-product","3":"status-publish","4":"has-post-thumbnail","6":"product_cat-displayport","7":"desktop-align-left","8":"tablet-align-left","9":"mobile-align-left","11":"first","12":"instock","13":"shipping-taxable","14":"purchasable","15":"product-type-simple"},"acf":[],"_links":{"self":[{"href":"https:\/\/www.fjpremium.com\/fr\/wp-json\/wp\/v2\/product\/16411","targetHints":{"allow":["GET"]}}],"collection":[{"href":"https:\/\/www.fjpremium.com\/fr\/wp-json\/wp\/v2\/product"}],"about":[{"href":"https:\/\/www.fjpremium.com\/fr\/wp-json\/wp\/v2\/types\/product"}],"wp:featuredmedia":[{"embeddable":true,"href":"https:\/\/www.fjpremium.com\/fr\/wp-json\/wp\/v2\/media\/16413"}],"wp:attachment":[{"href":"https:\/\/www.fjpremium.com\/fr\/wp-json\/wp\/v2\/media?parent=16411"}],"wp:term":[{"taxonomy":"product_brand","embeddable":true,"href":"https:\/\/www.fjpremium.com\/fr\/wp-json\/wp\/v2\/product_brand?post=16411"},{"taxonomy":"product_cat","embeddable":true,"href":"https:\/\/www.fjpremium.com\/fr\/wp-json\/wp\/v2\/product_cat?post=16411"},{"taxonomy":"product_tag","embeddable":true,"href":"https:\/\/www.fjpremium.com\/fr\/wp-json\/wp\/v2\/product_tag?post=16411"}],"curies":[{"name":"wp","href":"https:\/\/api.w.org\/{rel}","templated":true}]}}