{"id":16402,"date":"2020-09-09T16:07:25","date_gmt":"2020-09-09T08:07:25","guid":{"rendered":"https:\/\/www.fjpremium.com\/?post_type=product&#038;p=16402"},"modified":"2023-10-07T17:23:48","modified_gmt":"2023-10-07T09:23:48","slug":"mini-displayport-mini-dp-thunderbolt-2-to-4k-hdmi-2-0-coupler-hdmi-out-to-displayport-in-adapter-up-to-4k-60hz","status":"publish","type":"product","link":"https:\/\/www.fjpremium.com\/fr\/product\/mini-displayport-mini-dp-thunderbolt-2-to-4k-hdmi-2-0-coupler-hdmi-out-to-displayport-in-adapter-up-to-4k-60hz\/","title":{"rendered":"Adaptateur Mini DisplayPort Mini DP (Thunderbolt 2) vers 4K HDMI 2.0 Adaptateur Displayport vers HDMI 4k 60hz"},"content":{"rendered":"<p>Notre adaptateur de haute qualit\u00e9 est con\u00e7u avec pr\u00e9cision pour connecter de mani\u00e8re transparente votre Chromebook ou ordinateur portable \u00e9quip\u00e9 d'un mini DisplayPort \u00e0 des \u00e9crans HDMI.<\/p>\n<p>Il transforme sans effort les signaux vid\u00e9o num\u00e9riques Mini DisplayPort en HDMI, permettant des visuels ultra clairs jusqu'\u00e0 4K@30 (3840\u00d72160, Ultra HD) et 1080P (Full HD). Il garantit \u00e9galement une exp\u00e9rience audio irr\u00e9prochable, compatible avec les canaux num\u00e9riques 7.1, 5.1 ou 2.<\/p>\n<p>Cet adaptateur, con\u00e7u en conformit\u00e9 avec les normes DisplayPort 1.2, r\u00e9pond aux exigences des applications de haute performance.<\/p>\n<p>De construction robuste, il promet des performances durables. Les interf\u00e9rences EMI\/RFI sont tenues \u00e0 distance gr\u00e2ce aux conducteurs enti\u00e8rement blind\u00e9s, tandis que les connecteurs plaqu\u00e9s or 24K garantissent une int\u00e9grit\u00e9 optimale du signal.<\/p>\n<p>Ses caract\u00e9ristiques :<\/p>\n<ul>\n<li>Bo\u00eetier : Coque en ABS<\/li>\n<li>Chipset : PS8121E<\/li>\n<li>Gaine : PVC<\/li>\n<li>Conformit\u00e9 : RoHS, REACH<\/li>\n<\/ul>\n<p>De plus, il est prot\u00e9g\u00e9 par la garantie de 2 ans de FARSINCE. Par cons\u00e9quent, contactez-nous d\u00e8s aujourd'hui et investissez dans l'adaptateur Displayport vers HDMI 4k 60hz.<\/p>","protected":false},"excerpt":{"rendered":"<p>FARSINCE d\u00e9voile son adaptateur Displayport vers HDMI 4k 60hz, con\u00e7u avec pr\u00e9cision pour l'excellence et prot\u00e9g\u00e9 par une garantie de 2 ans.<\/p>","protected":false},"featured_media":16403,"template":"","meta":{"_acf_changed":false,"_seopress_robots_primary_cat":"","_seopress_titles_title":"Best Displayport to HDMI Adapter 4k 60hz - Farsince","_seopress_titles_desc":"","_seopress_robots_index":"","site-sidebar-layout":"default","site-content-layout":"default","ast-site-content-layout":"default","site-content-style":"default","site-sidebar-style":"default","ast-global-header-display":"","ast-banner-title-visibility":"","ast-main-header-display":"","ast-hfb-above-header-display":"","ast-hfb-below-header-display":"","ast-hfb-mobile-header-display":"","site-post-title":"","ast-breadcrumbs-content":"","ast-featured-img":"","footer-sml-layout":"","ast-disable-related-posts":"","theme-transparent-header-meta":"default","adv-header-id-meta":"","stick-header-meta":"","header-above-stick-meta":"","header-main-stick-meta":"","header-below-stick-meta":"","astra-migrate-meta-layouts":"set","ast-page-background-enabled":"default","ast-page-background-meta":{"desktop":{"background-color":"","background-image":"","background-repeat":"repeat","background-position":"center center","background-size":"auto","background-attachment":"scroll","background-type":"","background-media":"","overlay-type":"","overlay-color":"","overlay-opacity":"","overlay-gradient":""},"tablet":{"background-color":"","background-image":"","background-repeat":"repeat","background-position":"center center","background-size":"auto","background-attachment":"scroll","background-type":"","background-media":"","overlay-type":"","overlay-color":"","overlay-opacity":"","overlay-gradient":""},"mobile":{"background-color":"","background-image":"","background-repeat":"repeat","background-position":"center center","background-size":"auto","background-attachment":"scroll","background-type":"","background-media":"","overlay-type":"","overlay-color":"","overlay-opacity":"","overlay-gradient":""}},"ast-content-background-meta":{"desktop":{"background-color":"var(--ast-global-color-5)","background-image":"","background-repeat":"repeat","background-position":"center center","background-size":"auto","background-attachment":"scroll","background-type":"","background-media":"","overlay-type":"","overlay-color":"","overlay-opacity":"","overlay-gradient":""},"tablet":{"background-color":"var(--ast-global-color-5)","background-image":"","background-repeat":"repeat","background-position":"center center","background-size":"auto","background-attachment":"scroll","background-type":"","background-media":"","overlay-type":"","overlay-color":"","overlay-opacity":"","overlay-gradient":""},"mobile":{"background-color":"var(--ast-global-color-5)","background-image":"","background-repeat":"repeat","background-position":"center center","background-size":"auto","background-attachment":"scroll","background-type":"","background-media":"","overlay-type":"","overlay-color":"","overlay-opacity":"","overlay-gradient":""}},"iawp_total_views":5},"product_brand":[],"product_cat":[212],"product_tag":[],"class_list":{"0":"post-16402","1":"product","2":"type-product","3":"status-publish","4":"has-post-thumbnail","6":"product_cat-displayport","7":"desktop-align-left","8":"tablet-align-left","9":"mobile-align-left","11":"first","12":"instock","13":"shipping-taxable","14":"purchasable","15":"product-type-simple"},"acf":[],"_links":{"self":[{"href":"https:\/\/www.fjpremium.com\/fr\/wp-json\/wp\/v2\/product\/16402","targetHints":{"allow":["GET"]}}],"collection":[{"href":"https:\/\/www.fjpremium.com\/fr\/wp-json\/wp\/v2\/product"}],"about":[{"href":"https:\/\/www.fjpremium.com\/fr\/wp-json\/wp\/v2\/types\/product"}],"wp:featuredmedia":[{"embeddable":true,"href":"https:\/\/www.fjpremium.com\/fr\/wp-json\/wp\/v2\/media\/16403"}],"wp:attachment":[{"href":"https:\/\/www.fjpremium.com\/fr\/wp-json\/wp\/v2\/media?parent=16402"}],"wp:term":[{"taxonomy":"product_brand","embeddable":true,"href":"https:\/\/www.fjpremium.com\/fr\/wp-json\/wp\/v2\/product_brand?post=16402"},{"taxonomy":"product_cat","embeddable":true,"href":"https:\/\/www.fjpremium.com\/fr\/wp-json\/wp\/v2\/product_cat?post=16402"},{"taxonomy":"product_tag","embeddable":true,"href":"https:\/\/www.fjpremium.com\/fr\/wp-json\/wp\/v2\/product_tag?post=16402"}],"curies":[{"name":"wp","href":"https:\/\/api.w.org\/{rel}","templated":true}]}}