{"id":16392,"date":"2020-09-09T16:02:39","date_gmt":"2020-09-09T08:02:39","guid":{"rendered":"https:\/\/www.fjpremium.com\/?post_type=product&#038;p=16392"},"modified":"2023-10-07T14:50:45","modified_gmt":"2023-10-07T06:50:45","slug":"mini-displayport-to-mini-displayport-cable-mini-dp-male-to-mini-dp-male-cable-4k-resolution","status":"publish","type":"product","link":"https:\/\/www.fjpremium.com\/fr\/product\/mini-displayport-to-mini-displayport-cable-mini-dp-male-to-mini-dp-male-cable-4k-resolution\/","title":{"rendered":"C\u00e2ble Mini DisplayPort vers Mini DisplayPort C\u00e2ble DP m\u00e2le vers DP m\u00e2le R\u00e9solution 4K"},"content":{"rendered":"<p>Ce c\u00e2ble polyvalent connecte sans effort les appareils \u00e9quip\u00e9s de mini DisplayPort ou Thunderbolt 2, tels que les MacBooks, les ordinateurs portables ou les ordinateurs de bureau, aux t\u00e9l\u00e9viseurs HD, aux moniteurs, aux projecteurs et \u00e0 d'autres appareils dot\u00e9s d'une entr\u00e9e Mini DisplayPort ou Thunderbolt 2.<\/p>\n<p>Il garantit des images \u00e9poustouflantes en prenant en charge des r\u00e9solutions allant jusqu'\u00e0 4K*2K (3840\u00d72160, Ultra HD) et 1080P (Full HD). Vous profiterez ainsi d'une transmission sans faille des signaux vid\u00e9o et audio pour un streaming vid\u00e9o et des jeux immersifs.<\/p>\n<p>Le c\u00e2ble DP m\u00e2le vers DP m\u00e2le est conforme aux normes DisplayPort 1.2 et offre une compatibilit\u00e9 de haute performance.<\/p>\n<p>Ses caract\u00e9ristiques :<\/p>\n<ul>\n<li>Conducteur du c\u00e2ble : Cuivre \u00e9tam\u00e9<\/li>\n<li>Isolation : PE SKIN\/HDPE mouss\u00e9<\/li>\n<li>Calibre des fils : 32AWG<\/li>\n<li>Triple blindage : paire torsad\u00e9e de feuilles d'aluminium, feuilles d'aluminium globales, tresse.<\/li>\n<li>Bo\u00eetier : Coquille en ABS ou moulage par injection<\/li>\n<li>Gaine : PVC<\/li>\n<li>Diam\u00e8tre ext\u00e9rieur : 4,8\u00b10,2 mm<\/li>\n<li>Conformit\u00e9 : RoHS, REACH<\/li>\n<\/ul>\n<p>En outre, ses conducteurs enti\u00e8rement blind\u00e9s offrent une immunit\u00e9 aux interf\u00e9rences EMI\/RFI, et les connecteurs plaqu\u00e9s or assurent un transfert de signal sup\u00e9rieur.<\/p>\n<p>Par cons\u00e9quent, contactez-nous d\u00e8s aujourd'hui et ajoutez-la \u00e0 votre inventaire pour b\u00e9n\u00e9ficier d'une performance fiable et \u00e0 large bande passante.<\/p>","protected":false},"excerpt":{"rendered":"<p>B\u00e9n\u00e9ficiez d'une connectivit\u00e9 audio-vid\u00e9o transparente gr\u00e2ce au c\u00e2ble DP m\u00e2le \u00e0 DP m\u00e2le de FARSINCE, la solution id\u00e9ale pour am\u00e9liorer les applications de home cin\u00e9ma et de bureau.<\/p>","protected":false},"featured_media":16393,"template":"","meta":{"_acf_changed":false,"_seopress_robots_primary_cat":"","_seopress_titles_title":"Best DP Male to DP Male Cable 4K Resolution - Farsince","_seopress_titles_desc":"","_seopress_robots_index":"","site-sidebar-layout":"default","site-content-layout":"default","ast-site-content-layout":"default","site-content-style":"default","site-sidebar-style":"default","ast-global-header-display":"","ast-banner-title-visibility":"","ast-main-header-display":"","ast-hfb-above-header-display":"","ast-hfb-below-header-display":"","ast-hfb-mobile-header-display":"","site-post-title":"","ast-breadcrumbs-content":"","ast-featured-img":"","footer-sml-layout":"","ast-disable-related-posts":"","theme-transparent-header-meta":"default","adv-header-id-meta":"","stick-header-meta":"","header-above-stick-meta":"","header-main-stick-meta":"","header-below-stick-meta":"","astra-migrate-meta-layouts":"set","ast-page-background-enabled":"default","ast-page-background-meta":{"desktop":{"background-color":"","background-image":"","background-repeat":"repeat","background-position":"center center","background-size":"auto","background-attachment":"scroll","background-type":"","background-media":"","overlay-type":"","overlay-color":"","overlay-opacity":"","overlay-gradient":""},"tablet":{"background-color":"","background-image":"","background-repeat":"repeat","background-position":"center center","background-size":"auto","background-attachment":"scroll","background-type":"","background-media":"","overlay-type":"","overlay-color":"","overlay-opacity":"","overlay-gradient":""},"mobile":{"background-color":"","background-image":"","background-repeat":"repeat","background-position":"center center","background-size":"auto","background-attachment":"scroll","background-type":"","background-media":"","overlay-type":"","overlay-color":"","overlay-opacity":"","overlay-gradient":""}},"ast-content-background-meta":{"desktop":{"background-color":"var(--ast-global-color-5)","background-image":"","background-repeat":"repeat","background-position":"center center","background-size":"auto","background-attachment":"scroll","background-type":"","background-media":"","overlay-type":"","overlay-color":"","overlay-opacity":"","overlay-gradient":""},"tablet":{"background-color":"var(--ast-global-color-5)","background-image":"","background-repeat":"repeat","background-position":"center center","background-size":"auto","background-attachment":"scroll","background-type":"","background-media":"","overlay-type":"","overlay-color":"","overlay-opacity":"","overlay-gradient":""},"mobile":{"background-color":"var(--ast-global-color-5)","background-image":"","background-repeat":"repeat","background-position":"center center","background-size":"auto","background-attachment":"scroll","background-type":"","background-media":"","overlay-type":"","overlay-color":"","overlay-opacity":"","overlay-gradient":""}},"iawp_total_views":5},"product_brand":[],"product_cat":[460,212],"product_tag":[],"class_list":{"0":"post-16392","1":"product","2":"type-product","3":"status-publish","4":"has-post-thumbnail","6":"product_cat-featured-products","7":"product_cat-displayport","8":"desktop-align-left","9":"tablet-align-left","10":"mobile-align-left","12":"first","13":"instock","14":"shipping-taxable","15":"purchasable","16":"product-type-simple"},"acf":[],"_links":{"self":[{"href":"https:\/\/www.fjpremium.com\/fr\/wp-json\/wp\/v2\/product\/16392","targetHints":{"allow":["GET"]}}],"collection":[{"href":"https:\/\/www.fjpremium.com\/fr\/wp-json\/wp\/v2\/product"}],"about":[{"href":"https:\/\/www.fjpremium.com\/fr\/wp-json\/wp\/v2\/types\/product"}],"wp:featuredmedia":[{"embeddable":true,"href":"https:\/\/www.fjpremium.com\/fr\/wp-json\/wp\/v2\/media\/16393"}],"wp:attachment":[{"href":"https:\/\/www.fjpremium.com\/fr\/wp-json\/wp\/v2\/media?parent=16392"}],"wp:term":[{"taxonomy":"product_brand","embeddable":true,"href":"https:\/\/www.fjpremium.com\/fr\/wp-json\/wp\/v2\/product_brand?post=16392"},{"taxonomy":"product_cat","embeddable":true,"href":"https:\/\/www.fjpremium.com\/fr\/wp-json\/wp\/v2\/product_cat?post=16392"},{"taxonomy":"product_tag","embeddable":true,"href":"https:\/\/www.fjpremium.com\/fr\/wp-json\/wp\/v2\/product_tag?post=16392"}],"curies":[{"name":"wp","href":"https:\/\/api.w.org\/{rel}","templated":true}]}}