{"id":16356,"date":"2020-09-09T15:54:06","date_gmt":"2020-09-09T07:54:06","guid":{"rendered":"https:\/\/www.fjpremium.com\/?post_type=product&#038;p=16356"},"modified":"2023-10-07T14:17:42","modified_gmt":"2023-10-07T06:17:42","slug":"displayport-female-to-displayport-female-dp-to-dp-extension-coupler-adapter-up-to-4k","status":"publish","type":"product","link":"https:\/\/www.fjpremium.com\/fr\/product\/displayport-female-to-displayport-female-dp-to-dp-extension-coupler-adapter-up-to-4k\/","title":{"rendered":"Adaptateur DisplayPort femelle vers DisplayPort femelle DP vers DP jusqu'\u00e0 4K"},"content":{"rendered":"<p>Cet accessoire essentiel est con\u00e7u pour connecter de mani\u00e8re transparente deux c\u00e2bles DisplayPort avec des extr\u00e9mit\u00e9s m\u00e2les, ce qui permet d'\u00e9tendre efficacement la longueur de votre c\u00e2ble sans compromettre la qualit\u00e9 vid\u00e9o.<\/p>\n<p>Prenant en charge la HD int\u00e9grale jusqu'\u00e0 4K@60Hz, il garantit un affichage ultra-haute d\u00e9finition.<\/p>\n<p>En outre, il emp\u00eache toute d\u00e9connexion accidentelle et constitue une solution parfaite pour prolonger un c\u00e2ble DisplayPort vers un hub DisplayPort MST ou un ordinateur dot\u00e9 d'un port de sortie DP, DP++ ou DisplayPort++.<\/p>\n<p>Avec son bo\u00eetier robuste et ses connecteurs plaqu\u00e9s or, notre adaptateur DP vers DP assure une perte de signal minimale, garantissant des performances et une durabilit\u00e9 exceptionnelles.<\/p>\n<p>Ses caract\u00e9ristiques :<\/p>\n<ul>\n<li>Connecteur 1 : DisplayPort 1.2v 20 Pin femelle<\/li>\n<li>Connecteur 2 : DisplayPort 1.2v 20 Pin femelle<\/li>\n<li>Bo\u00eetier : Moulage par injection<\/li>\n<li>Conformit\u00e9 : RoHS, REACH<\/li>\n<\/ul>\n<p>Et vous profiterez de la commodit\u00e9 de la technologie plug-and-play. Contactez-nous d\u00e8s aujourd'hui pour l'ajouter \u00e0 votre inventaire.<\/p>","protected":false},"excerpt":{"rendered":"<p>Optimisez la sortie vid\u00e9o avec le coupleur adaptateur DP \u00e0 DP de FARSINCE, prenant en charge la 4K@60Hz pour un affichage HD, id\u00e9al pour \u00e9tendre la longueur du c\u00e2ble.<\/p>","protected":false},"featured_media":16378,"template":"","meta":{"_acf_changed":false,"_seopress_robots_primary_cat":"","_seopress_titles_title":"Best DP to DP Adapter up to 4K - Farsince","_seopress_titles_desc":"","_seopress_robots_index":"","site-sidebar-layout":"default","site-content-layout":"default","ast-site-content-layout":"default","site-content-style":"default","site-sidebar-style":"default","ast-global-header-display":"","ast-banner-title-visibility":"","ast-main-header-display":"","ast-hfb-above-header-display":"","ast-hfb-below-header-display":"","ast-hfb-mobile-header-display":"","site-post-title":"","ast-breadcrumbs-content":"","ast-featured-img":"","footer-sml-layout":"","ast-disable-related-posts":"","theme-transparent-header-meta":"default","adv-header-id-meta":"","stick-header-meta":"","header-above-stick-meta":"","header-main-stick-meta":"","header-below-stick-meta":"","astra-migrate-meta-layouts":"set","ast-page-background-enabled":"default","ast-page-background-meta":{"desktop":{"background-color":"","background-image":"","background-repeat":"repeat","background-position":"center center","background-size":"auto","background-attachment":"scroll","background-type":"","background-media":"","overlay-type":"","overlay-color":"","overlay-opacity":"","overlay-gradient":""},"tablet":{"background-color":"","background-image":"","background-repeat":"repeat","background-position":"center center","background-size":"auto","background-attachment":"scroll","background-type":"","background-media":"","overlay-type":"","overlay-color":"","overlay-opacity":"","overlay-gradient":""},"mobile":{"background-color":"","background-image":"","background-repeat":"repeat","background-position":"center center","background-size":"auto","background-attachment":"scroll","background-type":"","background-media":"","overlay-type":"","overlay-color":"","overlay-opacity":"","overlay-gradient":""}},"ast-content-background-meta":{"desktop":{"background-color":"var(--ast-global-color-5)","background-image":"","background-repeat":"repeat","background-position":"center center","background-size":"auto","background-attachment":"scroll","background-type":"","background-media":"","overlay-type":"","overlay-color":"","overlay-opacity":"","overlay-gradient":""},"tablet":{"background-color":"var(--ast-global-color-5)","background-image":"","background-repeat":"repeat","background-position":"center center","background-size":"auto","background-attachment":"scroll","background-type":"","background-media":"","overlay-type":"","overlay-color":"","overlay-opacity":"","overlay-gradient":""},"mobile":{"background-color":"var(--ast-global-color-5)","background-image":"","background-repeat":"repeat","background-position":"center center","background-size":"auto","background-attachment":"scroll","background-type":"","background-media":"","overlay-type":"","overlay-color":"","overlay-opacity":"","overlay-gradient":""}},"iawp_total_views":12},"product_brand":[],"product_cat":[212],"product_tag":[],"class_list":{"0":"post-16356","1":"product","2":"type-product","3":"status-publish","4":"has-post-thumbnail","6":"product_cat-displayport","7":"desktop-align-left","8":"tablet-align-left","9":"mobile-align-left","11":"first","12":"instock","13":"shipping-taxable","14":"purchasable","15":"product-type-simple"},"acf":[],"_links":{"self":[{"href":"https:\/\/www.fjpremium.com\/fr\/wp-json\/wp\/v2\/product\/16356","targetHints":{"allow":["GET"]}}],"collection":[{"href":"https:\/\/www.fjpremium.com\/fr\/wp-json\/wp\/v2\/product"}],"about":[{"href":"https:\/\/www.fjpremium.com\/fr\/wp-json\/wp\/v2\/types\/product"}],"wp:featuredmedia":[{"embeddable":true,"href":"https:\/\/www.fjpremium.com\/fr\/wp-json\/wp\/v2\/media\/16378"}],"wp:attachment":[{"href":"https:\/\/www.fjpremium.com\/fr\/wp-json\/wp\/v2\/media?parent=16356"}],"wp:term":[{"taxonomy":"product_brand","embeddable":true,"href":"https:\/\/www.fjpremium.com\/fr\/wp-json\/wp\/v2\/product_brand?post=16356"},{"taxonomy":"product_cat","embeddable":true,"href":"https:\/\/www.fjpremium.com\/fr\/wp-json\/wp\/v2\/product_cat?post=16356"},{"taxonomy":"product_tag","embeddable":true,"href":"https:\/\/www.fjpremium.com\/fr\/wp-json\/wp\/v2\/product_tag?post=16356"}],"curies":[{"name":"wp","href":"https:\/\/api.w.org\/{rel}","templated":true}]}}