{"id":16355,"date":"2020-09-09T15:54:05","date_gmt":"2020-09-09T07:54:05","guid":{"rendered":"https:\/\/www.fjpremium.com\/?post_type=product&#038;p=16355"},"modified":"2023-10-07T17:26:39","modified_gmt":"2023-10-07T09:26:39","slug":"displayport-male-to-mini-displayport-female-dp-to-mini-dp-extension-coupler-adapter-4k-60hz","status":"publish","type":"product","link":"https:\/\/www.fjpremium.com\/fr\/product\/displayport-male-to-mini-displayport-female-dp-to-mini-dp-extension-coupler-adapter-4k-60hz\/","title":{"rendered":"Adaptateur DisplayPort m\u00e2le vers Mini DisplayPort femelle DP vers Mini DP 4K 60hz"},"content":{"rendered":"<p>Con\u00e7u pour de hautes performances, l'adaptateur convertit sans effort un c\u00e2ble DisplayPort en interface avec des appareils mini DisplayPort.<\/p>\n<p>Fabriqu\u00e9 \u00e0 partir de mat\u00e9riaux de premi\u00e8re qualit\u00e9, il vous permet de vous connecter aux c\u00e2bles DisplayPort existants pour vous synchroniser avec les appareils dot\u00e9s d'une interface mini DisplayPort.<\/p>\n<p>En outre, la connexion de votre ordinateur compatible DisplayPort \u00e0 un t\u00e9l\u00e9viseur HD, un moniteur ou un projecteur dot\u00e9 d'une entr\u00e9e mini DP garantit une qualit\u00e9 irr\u00e9prochable jusqu'\u00e0 une r\u00e9solution de 4K@60Hz.<\/p>\n<p>Ses caract\u00e9ristiques :<\/p>\n<ul>\n<li>Connecteur 1 : DisplayPort 1.2v 20 Pin m\u00e2le<\/li>\n<li>Connecteur 2 : Mini DisplayPort femelle<\/li>\n<li>Contact plaqu\u00e9 or ; coque plaqu\u00e9e or<\/li>\n<li>Bo\u00eetier : Coque en ABS<\/li>\n<li>Conformit\u00e9 : RoHS, REACH<\/li>\n<\/ul>\n<p>Vous ferez l'exp\u00e9rience d'une installation sans probl\u00e8me, que ce soit pour un affichage de bureau \u00e9tendu ou un \u00e9cran miroir. En bref, contactez-nous d\u00e8s aujourd'hui et ajoutez notre adaptateur DP vers mini DP \u00e0 votre inventaire.<\/p>","protected":false},"excerpt":{"rendered":"<p>Optimisez la compatibilit\u00e9 de vos appareils avec l'adaptateur DP vers mini DP de FARSINCE, durable, conforme et con\u00e7u pour l'excellence, afin d'obtenir des images 4K@60Hz d'une qualit\u00e9 irr\u00e9prochable.<\/p>","protected":false},"featured_media":16370,"template":"","meta":{"_acf_changed":false,"_seopress_robots_primary_cat":"","_seopress_titles_title":"Best DP to Mini DP Adapter 4K 60hz - Farsince","_seopress_titles_desc":"","_seopress_robots_index":"","site-sidebar-layout":"default","site-content-layout":"default","ast-site-content-layout":"default","site-content-style":"default","site-sidebar-style":"default","ast-global-header-display":"","ast-banner-title-visibility":"","ast-main-header-display":"","ast-hfb-above-header-display":"","ast-hfb-below-header-display":"","ast-hfb-mobile-header-display":"","site-post-title":"","ast-breadcrumbs-content":"","ast-featured-img":"","footer-sml-layout":"","ast-disable-related-posts":"","theme-transparent-header-meta":"default","adv-header-id-meta":"","stick-header-meta":"","header-above-stick-meta":"","header-main-stick-meta":"","header-below-stick-meta":"","astra-migrate-meta-layouts":"set","ast-page-background-enabled":"default","ast-page-background-meta":{"desktop":{"background-color":"","background-image":"","background-repeat":"repeat","background-position":"center center","background-size":"auto","background-attachment":"scroll","background-type":"","background-media":"","overlay-type":"","overlay-color":"","overlay-opacity":"","overlay-gradient":""},"tablet":{"background-color":"","background-image":"","background-repeat":"repeat","background-position":"center center","background-size":"auto","background-attachment":"scroll","background-type":"","background-media":"","overlay-type":"","overlay-color":"","overlay-opacity":"","overlay-gradient":""},"mobile":{"background-color":"","background-image":"","background-repeat":"repeat","background-position":"center center","background-size":"auto","background-attachment":"scroll","background-type":"","background-media":"","overlay-type":"","overlay-color":"","overlay-opacity":"","overlay-gradient":""}},"ast-content-background-meta":{"desktop":{"background-color":"var(--ast-global-color-5)","background-image":"","background-repeat":"repeat","background-position":"center center","background-size":"auto","background-attachment":"scroll","background-type":"","background-media":"","overlay-type":"","overlay-color":"","overlay-opacity":"","overlay-gradient":""},"tablet":{"background-color":"var(--ast-global-color-5)","background-image":"","background-repeat":"repeat","background-position":"center center","background-size":"auto","background-attachment":"scroll","background-type":"","background-media":"","overlay-type":"","overlay-color":"","overlay-opacity":"","overlay-gradient":""},"mobile":{"background-color":"var(--ast-global-color-5)","background-image":"","background-repeat":"repeat","background-position":"center center","background-size":"auto","background-attachment":"scroll","background-type":"","background-media":"","overlay-type":"","overlay-color":"","overlay-opacity":"","overlay-gradient":""}},"iawp_total_views":4},"product_brand":[],"product_cat":[212],"product_tag":[],"class_list":{"0":"post-16355","1":"product","2":"type-product","3":"status-publish","4":"has-post-thumbnail","6":"product_cat-displayport","7":"desktop-align-left","8":"tablet-align-left","9":"mobile-align-left","11":"first","12":"instock","13":"shipping-taxable","14":"purchasable","15":"product-type-simple"},"acf":[],"_links":{"self":[{"href":"https:\/\/www.fjpremium.com\/fr\/wp-json\/wp\/v2\/product\/16355","targetHints":{"allow":["GET"]}}],"collection":[{"href":"https:\/\/www.fjpremium.com\/fr\/wp-json\/wp\/v2\/product"}],"about":[{"href":"https:\/\/www.fjpremium.com\/fr\/wp-json\/wp\/v2\/types\/product"}],"wp:featuredmedia":[{"embeddable":true,"href":"https:\/\/www.fjpremium.com\/fr\/wp-json\/wp\/v2\/media\/16370"}],"wp:attachment":[{"href":"https:\/\/www.fjpremium.com\/fr\/wp-json\/wp\/v2\/media?parent=16355"}],"wp:term":[{"taxonomy":"product_brand","embeddable":true,"href":"https:\/\/www.fjpremium.com\/fr\/wp-json\/wp\/v2\/product_brand?post=16355"},{"taxonomy":"product_cat","embeddable":true,"href":"https:\/\/www.fjpremium.com\/fr\/wp-json\/wp\/v2\/product_cat?post=16355"},{"taxonomy":"product_tag","embeddable":true,"href":"https:\/\/www.fjpremium.com\/fr\/wp-json\/wp\/v2\/product_tag?post=16355"}],"curies":[{"name":"wp","href":"https:\/\/api.w.org\/{rel}","templated":true}]}}