{"id":16354,"date":"2020-09-09T15:54:04","date_gmt":"2020-09-09T07:54:04","guid":{"rendered":"https:\/\/www.fjpremium.com\/?post_type=product&#038;p=16354"},"modified":"2023-10-07T17:28:53","modified_gmt":"2023-10-07T09:28:53","slug":"displayport-1-2-1-4-to-vga-converter-coupler-dp-to-vga-adapter-1080p","status":"publish","type":"product","link":"https:\/\/www.fjpremium.com\/fr\/product\/displayport-1-2-1-4-to-vga-converter-coupler-dp-to-vga-adapter-1080p\/","title":{"rendered":"Adaptateur DisplayPort 1.2 vers VGA Adaptateur coupleur DP vers VGA 1080p"},"content":{"rendered":"<p>Notre convertisseur de pointe permet de connecter des ordinateurs portables ou des ordinateurs de bureau \u00e9quip\u00e9s de DisplayPort \u00e0 des appareils dot\u00e9s d'une entr\u00e9e VGA, tels que des t\u00e9l\u00e9viseurs HD, des moniteurs, des projecteurs ou des \u00e9crans num\u00e9riques \u00e0 tube cathodique.<\/p>\n<p>Il convertit efficacement les signaux num\u00e9riques en images, offrant des r\u00e9solutions haute d\u00e9finition jusqu'\u00e0 1080P \u00e0 60Hz. Con\u00e7u pour exceller, il b\u00e9n\u00e9ficie d'une qualit\u00e9 de mat\u00e9riau in\u00e9gal\u00e9e et offre des performances constantes tout au long de sa dur\u00e9e de vie.<\/p>\n<p>Gr\u00e2ce \u00e0 un blindage complet contre les interf\u00e9rences EMI\/RFI et \u00e0 des connecteurs plaqu\u00e9s or 24K, le transfert des signaux reste immacul\u00e9.<\/p>\n<p>Ses caract\u00e9ristiques :<\/p>\n<ul>\n<li>Bo\u00eetier : Coque en ABS<\/li>\n<li>Chipset : ANX9833<\/li>\n<li>Gaine : PVC<\/li>\n<li>Diam\u00e8tre ext\u00e9rieur : 4,8\u00b10,2 mm<\/li>\n<li>Conformit\u00e9 : RoHS, REACH, CE, UL<\/li>\n<\/ul>\n<p>En outre, cet adaptateur DisplayPort 1.2 vers VGA garantit le respect des normes industrielles et offre une garantie de 2 ans pour plus d'assurance. En r\u00e9sum\u00e9, contactez-nous d\u00e8s aujourd'hui et investissez dans cet adaptateur.<\/p>","protected":false},"excerpt":{"rendered":"<p>Lib\u00e9rez le potentiel des appareils avec l&#039;adaptateur DisplayPort 1.2 vers VGA de FARSINCE, offrant un visuel net 1080P @ 60 Hz, offrant une garantie de 2 ans.<\/p>","protected":false},"featured_media":16364,"template":"","meta":{"_acf_changed":false,"_seopress_robots_primary_cat":"","_seopress_titles_title":"Best DisplayPort 1.2 to VGA Adapter - Farsince","_seopress_titles_desc":"","_seopress_robots_index":"","site-sidebar-layout":"default","site-content-layout":"default","ast-site-content-layout":"default","site-content-style":"default","site-sidebar-style":"default","ast-global-header-display":"","ast-banner-title-visibility":"","ast-main-header-display":"","ast-hfb-above-header-display":"","ast-hfb-below-header-display":"","ast-hfb-mobile-header-display":"","site-post-title":"","ast-breadcrumbs-content":"","ast-featured-img":"","footer-sml-layout":"","ast-disable-related-posts":"","theme-transparent-header-meta":"default","adv-header-id-meta":"","stick-header-meta":"","header-above-stick-meta":"","header-main-stick-meta":"","header-below-stick-meta":"","astra-migrate-meta-layouts":"set","ast-page-background-enabled":"default","ast-page-background-meta":{"desktop":{"background-color":"","background-image":"","background-repeat":"repeat","background-position":"center center","background-size":"auto","background-attachment":"scroll","background-type":"","background-media":"","overlay-type":"","overlay-color":"","overlay-opacity":"","overlay-gradient":""},"tablet":{"background-color":"","background-image":"","background-repeat":"repeat","background-position":"center center","background-size":"auto","background-attachment":"scroll","background-type":"","background-media":"","overlay-type":"","overlay-color":"","overlay-opacity":"","overlay-gradient":""},"mobile":{"background-color":"","background-image":"","background-repeat":"repeat","background-position":"center center","background-size":"auto","background-attachment":"scroll","background-type":"","background-media":"","overlay-type":"","overlay-color":"","overlay-opacity":"","overlay-gradient":""}},"ast-content-background-meta":{"desktop":{"background-color":"var(--ast-global-color-5)","background-image":"","background-repeat":"repeat","background-position":"center center","background-size":"auto","background-attachment":"scroll","background-type":"","background-media":"","overlay-type":"","overlay-color":"","overlay-opacity":"","overlay-gradient":""},"tablet":{"background-color":"var(--ast-global-color-5)","background-image":"","background-repeat":"repeat","background-position":"center center","background-size":"auto","background-attachment":"scroll","background-type":"","background-media":"","overlay-type":"","overlay-color":"","overlay-opacity":"","overlay-gradient":""},"mobile":{"background-color":"var(--ast-global-color-5)","background-image":"","background-repeat":"repeat","background-position":"center center","background-size":"auto","background-attachment":"scroll","background-type":"","background-media":"","overlay-type":"","overlay-color":"","overlay-opacity":"","overlay-gradient":""}},"iawp_total_views":4},"product_brand":[],"product_cat":[212],"product_tag":[],"class_list":{"0":"post-16354","1":"product","2":"type-product","3":"status-publish","4":"has-post-thumbnail","6":"product_cat-displayport","7":"desktop-align-left","8":"tablet-align-left","9":"mobile-align-left","11":"first","12":"instock","13":"shipping-taxable","14":"purchasable","15":"product-type-simple"},"acf":[],"_links":{"self":[{"href":"https:\/\/www.fjpremium.com\/fr\/wp-json\/wp\/v2\/product\/16354","targetHints":{"allow":["GET"]}}],"collection":[{"href":"https:\/\/www.fjpremium.com\/fr\/wp-json\/wp\/v2\/product"}],"about":[{"href":"https:\/\/www.fjpremium.com\/fr\/wp-json\/wp\/v2\/types\/product"}],"wp:featuredmedia":[{"embeddable":true,"href":"https:\/\/www.fjpremium.com\/fr\/wp-json\/wp\/v2\/media\/16364"}],"wp:attachment":[{"href":"https:\/\/www.fjpremium.com\/fr\/wp-json\/wp\/v2\/media?parent=16354"}],"wp:term":[{"taxonomy":"product_brand","embeddable":true,"href":"https:\/\/www.fjpremium.com\/fr\/wp-json\/wp\/v2\/product_brand?post=16354"},{"taxonomy":"product_cat","embeddable":true,"href":"https:\/\/www.fjpremium.com\/fr\/wp-json\/wp\/v2\/product_cat?post=16354"},{"taxonomy":"product_tag","embeddable":true,"href":"https:\/\/www.fjpremium.com\/fr\/wp-json\/wp\/v2\/product_tag?post=16354"}],"curies":[{"name":"wp","href":"https:\/\/api.w.org\/{rel}","templated":true}]}}