{"id":16353,"date":"2020-09-09T15:54:03","date_gmt":"2020-09-09T07:54:03","guid":{"rendered":"https:\/\/www.fjpremium.com\/?post_type=product&#038;p=16353"},"modified":"2023-10-07T17:30:44","modified_gmt":"2023-10-07T09:30:44","slug":"displayport-1-2-1-4-to-dvi-adapter-coupler-dp-to-dvi-converter-1080p","status":"publish","type":"product","link":"https:\/\/www.fjpremium.com\/fr\/product\/displayport-1-2-1-4-to-dvi-adapter-coupler-dp-to-dvi-converter-1080p\/","title":{"rendered":"Adaptateur DisplayPort 1.2 1.4 vers DVI Coupleur DP vers DVI Convertisseur 1080p"},"content":{"rendered":"<p>Con\u00e7u pour diverses applications, qu'il s'agisse d'un home cin\u00e9ma ou d'un ordinateur de bureau, cet adaptateur relie de mani\u00e8re transparente les appareils \u00e9quip\u00e9s de DisplayPort (y compris DP, DP++ et DisplayPort++), tels que les ordinateurs portables et de bureau, aux t\u00e9l\u00e9viseurs HD, aux moniteurs, aux projecteurs ou \u00e0 tout autre \u00e9quipement compatible DVI.<\/p>\n<p>Offrant des transmissions audio et vid\u00e9o, il est id\u00e9al pour une diffusion vid\u00e9o immersive ou des sessions de jeu passionnantes. De plus, attendez-vous \u00e0 des images d'une grande clart\u00e9, car il prend en charge des r\u00e9solutions allant jusqu'\u00e0 1080P (Full HD).<\/p>\n<p>L'int\u00e9grit\u00e9 du convertisseur DP vers DVI est maintenue gr\u00e2ce \u00e0 des mat\u00e9riaux de premi\u00e8re qualit\u00e9, avec une immunit\u00e9 accrue contre les perturbations EMI\/RFI gr\u00e2ce \u00e0 ses conducteurs enti\u00e8rement blind\u00e9s.<\/p>\n<p>L'excellence du signal est garantie par les connecteurs plaqu\u00e9s or 24K.<\/p>\n<p>Ses caract\u00e9ristiques :<\/p>\n<ul>\n<li>Conducteur du c\u00e2ble : Cuivre \u00e9tam\u00e9<\/li>\n<li>Bo\u00eetier : Coque en ABS<\/li>\n<li>Chipset : PS8121E<\/li>\n<li>Gaine : PVC<\/li>\n<li>Conformit\u00e9 : RoHS, REACH<\/li>\n<\/ul>\n<p>Et gr\u00e2ce \u00e0 notre engagement en mati\u00e8re de qualit\u00e9, il r\u00e9siste \u00e0 l'\u00e9preuve du temps et aux r\u00e9f\u00e9rences de l'industrie, renforc\u00e9 par une garantie de 2 ans. En r\u00e9sum\u00e9, contactez-nous d\u00e8s aujourd'hui et commandez notre produit.<\/p>","protected":false},"excerpt":{"rendered":"<p>Faites l&#039;exp\u00e9rience d&#039;une connectivit\u00e9 audiovisuelle in\u00e9gal\u00e9e avec le convertisseur DP vers DVI de Farsince, offrant des visuels impeccables jusqu&#039;\u00e0 1080P \u00e0 60 Hz et un relais audio impeccable.<\/p>","protected":false},"featured_media":16358,"template":"","meta":{"_acf_changed":false,"_seopress_robots_primary_cat":"","_seopress_titles_title":"DP to DVI Converter 1080p - Farsince","_seopress_titles_desc":"","_seopress_robots_index":"","site-sidebar-layout":"default","site-content-layout":"default","ast-site-content-layout":"default","site-content-style":"default","site-sidebar-style":"default","ast-global-header-display":"","ast-banner-title-visibility":"","ast-main-header-display":"","ast-hfb-above-header-display":"","ast-hfb-below-header-display":"","ast-hfb-mobile-header-display":"","site-post-title":"","ast-breadcrumbs-content":"","ast-featured-img":"","footer-sml-layout":"","ast-disable-related-posts":"","theme-transparent-header-meta":"default","adv-header-id-meta":"","stick-header-meta":"","header-above-stick-meta":"","header-main-stick-meta":"","header-below-stick-meta":"","astra-migrate-meta-layouts":"set","ast-page-background-enabled":"default","ast-page-background-meta":{"desktop":{"background-color":"","background-image":"","background-repeat":"repeat","background-position":"center center","background-size":"auto","background-attachment":"scroll","background-type":"","background-media":"","overlay-type":"","overlay-color":"","overlay-opacity":"","overlay-gradient":""},"tablet":{"background-color":"","background-image":"","background-repeat":"repeat","background-position":"center center","background-size":"auto","background-attachment":"scroll","background-type":"","background-media":"","overlay-type":"","overlay-color":"","overlay-opacity":"","overlay-gradient":""},"mobile":{"background-color":"","background-image":"","background-repeat":"repeat","background-position":"center center","background-size":"auto","background-attachment":"scroll","background-type":"","background-media":"","overlay-type":"","overlay-color":"","overlay-opacity":"","overlay-gradient":""}},"ast-content-background-meta":{"desktop":{"background-color":"var(--ast-global-color-5)","background-image":"","background-repeat":"repeat","background-position":"center center","background-size":"auto","background-attachment":"scroll","background-type":"","background-media":"","overlay-type":"","overlay-color":"","overlay-opacity":"","overlay-gradient":""},"tablet":{"background-color":"var(--ast-global-color-5)","background-image":"","background-repeat":"repeat","background-position":"center center","background-size":"auto","background-attachment":"scroll","background-type":"","background-media":"","overlay-type":"","overlay-color":"","overlay-opacity":"","overlay-gradient":""},"mobile":{"background-color":"var(--ast-global-color-5)","background-image":"","background-repeat":"repeat","background-position":"center center","background-size":"auto","background-attachment":"scroll","background-type":"","background-media":"","overlay-type":"","overlay-color":"","overlay-opacity":"","overlay-gradient":""}},"iawp_total_views":28},"product_brand":[],"product_cat":[212],"product_tag":[],"class_list":{"0":"post-16353","1":"product","2":"type-product","3":"status-publish","4":"has-post-thumbnail","6":"product_cat-displayport","7":"desktop-align-left","8":"tablet-align-left","9":"mobile-align-left","11":"first","12":"instock","13":"shipping-taxable","14":"purchasable","15":"product-type-simple"},"acf":[],"_links":{"self":[{"href":"https:\/\/www.fjpremium.com\/fr\/wp-json\/wp\/v2\/product\/16353","targetHints":{"allow":["GET"]}}],"collection":[{"href":"https:\/\/www.fjpremium.com\/fr\/wp-json\/wp\/v2\/product"}],"about":[{"href":"https:\/\/www.fjpremium.com\/fr\/wp-json\/wp\/v2\/types\/product"}],"wp:featuredmedia":[{"embeddable":true,"href":"https:\/\/www.fjpremium.com\/fr\/wp-json\/wp\/v2\/media\/16358"}],"wp:attachment":[{"href":"https:\/\/www.fjpremium.com\/fr\/wp-json\/wp\/v2\/media?parent=16353"}],"wp:term":[{"taxonomy":"product_brand","embeddable":true,"href":"https:\/\/www.fjpremium.com\/fr\/wp-json\/wp\/v2\/product_brand?post=16353"},{"taxonomy":"product_cat","embeddable":true,"href":"https:\/\/www.fjpremium.com\/fr\/wp-json\/wp\/v2\/product_cat?post=16353"},{"taxonomy":"product_tag","embeddable":true,"href":"https:\/\/www.fjpremium.com\/fr\/wp-json\/wp\/v2\/product_tag?post=16353"}],"curies":[{"name":"wp","href":"https:\/\/api.w.org\/{rel}","templated":true}]}}