{"id":16330,"date":"2020-09-09T15:41:21","date_gmt":"2020-09-09T07:41:21","guid":{"rendered":"https:\/\/www.fjpremium.com\/?post_type=product&#038;p=16330"},"modified":"2023-10-10T09:31:30","modified_gmt":"2023-10-10T01:31:30","slug":"displayport-dp-to-hdmi-vga-dvi-3-in-1-adapter-converter","status":"publish","type":"product","link":"https:\/\/www.fjpremium.com\/fr\/product\/displayport-dp-to-hdmi-vga-dvi-3-in-1-adapter-converter\/","title":{"rendered":"Adaptateur 3 en 1 DisplayPort vers HDMI VGA DVI"},"content":{"rendered":"<p>Cet adaptateur relie sans effort vos appareils compatibles DisplayPort, qu'il s'agisse d'ordinateurs, d'ordinateurs portables ou de d\u00e9codeurs, \u00e0 une vaste gamme de t\u00e9l\u00e9viseurs HD, de moniteurs ou de projecteurs utilisant des ports HDMI, DVI ou VGA.<\/p>\n<p>Vous pouvez vous d\u00e9lecter de visuels irr\u00e9prochables, la sortie HDMI prenant en charge une r\u00e9solution somptueuse de 4K*2K@30Hz et les sorties DVI et VGA n'\u00e9tant pas loin derri\u00e8re avec 1080P@60Hz.<\/p>\n<p>Dot\u00e9 de contacts et d'une coque plaqu\u00e9s or et renforc\u00e9 par une structure \u00e0 triple blindage, l'adaptateur plug-and-play promet long\u00e9vit\u00e9 et durabilit\u00e9.<\/p>\n<p>Qu'il s'agisse d'une mise en miroir ou d'une extension d'\u00e9cran, il permet une utilisation transparente et est fi\u00e8rement conforme aux normes RoHS et REACH.<\/p>\n<p>Ses caract\u00e9ristiques :<\/p>\n<ul>\n<li>Isolation : PE SKIN\/HDPE mouss\u00e9<\/li>\n<li>Calibre des fils : 32AWG<\/li>\n<li>Bo\u00eetier : Coque en ABS<\/li>\n<li>Gaine : PVC<\/li>\n<li>Diam\u00e8tre ext\u00e9rieur : 4,8\u00b10,2 mm<\/li>\n<\/ul>\n<p>De plus, n'oubliez pas qu'il ne prend en charge qu'une seule sortie d'affichage \u00e0 la fois, et qu'un c\u00e2ble HDMI\/VGA est vendu s\u00e9par\u00e9ment. Contactez-nous d\u00e8s aujourd'hui pour commander notre adaptateur DisplayPort vers HDMI VGA DVI.<\/p>","protected":false},"excerpt":{"rendered":"<p>FARSINCE d\u00e9voile l'adaptateur DisplayPort 3 en 1 vers HDMI VGA DVI, qui prend en charge une r\u00e9solution allant jusqu'\u00e0 4K*2K@30Hz et permet une connexion transparente \u00e0 un t\u00e9l\u00e9viseur HD, \u00e0 un moniteur ou \u00e0 un projecteur.<\/p>","protected":false},"featured_media":16336,"template":"","meta":{"_acf_changed":false,"_seopress_robots_primary_cat":"","_seopress_titles_title":"Best 3 in 1 DisplayPort to HDMI VGA DVI Adapter - FARSINCE","_seopress_titles_desc":"","_seopress_robots_index":"","site-sidebar-layout":"default","site-content-layout":"default","ast-site-content-layout":"default","site-content-style":"default","site-sidebar-style":"default","ast-global-header-display":"","ast-banner-title-visibility":"","ast-main-header-display":"","ast-hfb-above-header-display":"","ast-hfb-below-header-display":"","ast-hfb-mobile-header-display":"","site-post-title":"","ast-breadcrumbs-content":"","ast-featured-img":"","footer-sml-layout":"","ast-disable-related-posts":"","theme-transparent-header-meta":"default","adv-header-id-meta":"","stick-header-meta":"","header-above-stick-meta":"","header-main-stick-meta":"","header-below-stick-meta":"","astra-migrate-meta-layouts":"set","ast-page-background-enabled":"default","ast-page-background-meta":{"desktop":{"background-color":"","background-image":"","background-repeat":"repeat","background-position":"center center","background-size":"auto","background-attachment":"scroll","background-type":"","background-media":"","overlay-type":"","overlay-color":"","overlay-opacity":"","overlay-gradient":""},"tablet":{"background-color":"","background-image":"","background-repeat":"repeat","background-position":"center center","background-size":"auto","background-attachment":"scroll","background-type":"","background-media":"","overlay-type":"","overlay-color":"","overlay-opacity":"","overlay-gradient":""},"mobile":{"background-color":"","background-image":"","background-repeat":"repeat","background-position":"center center","background-size":"auto","background-attachment":"scroll","background-type":"","background-media":"","overlay-type":"","overlay-color":"","overlay-opacity":"","overlay-gradient":""}},"ast-content-background-meta":{"desktop":{"background-color":"var(--ast-global-color-5)","background-image":"","background-repeat":"repeat","background-position":"center center","background-size":"auto","background-attachment":"scroll","background-type":"","background-media":"","overlay-type":"","overlay-color":"","overlay-opacity":"","overlay-gradient":""},"tablet":{"background-color":"var(--ast-global-color-5)","background-image":"","background-repeat":"repeat","background-position":"center center","background-size":"auto","background-attachment":"scroll","background-type":"","background-media":"","overlay-type":"","overlay-color":"","overlay-opacity":"","overlay-gradient":""},"mobile":{"background-color":"var(--ast-global-color-5)","background-image":"","background-repeat":"repeat","background-position":"center center","background-size":"auto","background-attachment":"scroll","background-type":"","background-media":"","overlay-type":"","overlay-color":"","overlay-opacity":"","overlay-gradient":""}},"iawp_total_views":10},"product_brand":[],"product_cat":[212],"product_tag":[],"class_list":{"0":"post-16330","1":"product","2":"type-product","3":"status-publish","4":"has-post-thumbnail","6":"product_cat-displayport","7":"desktop-align-left","8":"tablet-align-left","9":"mobile-align-left","11":"first","12":"instock","13":"shipping-taxable","14":"purchasable","15":"product-type-simple"},"acf":[],"_links":{"self":[{"href":"https:\/\/www.fjpremium.com\/fr\/wp-json\/wp\/v2\/product\/16330","targetHints":{"allow":["GET"]}}],"collection":[{"href":"https:\/\/www.fjpremium.com\/fr\/wp-json\/wp\/v2\/product"}],"about":[{"href":"https:\/\/www.fjpremium.com\/fr\/wp-json\/wp\/v2\/types\/product"}],"wp:featuredmedia":[{"embeddable":true,"href":"https:\/\/www.fjpremium.com\/fr\/wp-json\/wp\/v2\/media\/16336"}],"wp:attachment":[{"href":"https:\/\/www.fjpremium.com\/fr\/wp-json\/wp\/v2\/media?parent=16330"}],"wp:term":[{"taxonomy":"product_brand","embeddable":true,"href":"https:\/\/www.fjpremium.com\/fr\/wp-json\/wp\/v2\/product_brand?post=16330"},{"taxonomy":"product_cat","embeddable":true,"href":"https:\/\/www.fjpremium.com\/fr\/wp-json\/wp\/v2\/product_cat?post=16330"},{"taxonomy":"product_tag","embeddable":true,"href":"https:\/\/www.fjpremium.com\/fr\/wp-json\/wp\/v2\/product_tag?post=16330"}],"curies":[{"name":"wp","href":"https:\/\/api.w.org\/{rel}","templated":true}]}}