{"id":16329,"date":"2020-09-09T15:41:20","date_gmt":"2020-09-09T07:41:20","guid":{"rendered":"https:\/\/www.fjpremium.com\/?post_type=product&#038;p=16329"},"modified":"2023-10-10T09:30:12","modified_gmt":"2023-10-10T01:30:12","slug":"displayport-dp-to-hdmi-to-vga-2-in-1-adapter-converter-4k-1080p","status":"publish","type":"product","link":"https:\/\/www.fjpremium.com\/fr\/product\/displayport-dp-to-hdmi-to-vga-2-in-1-adapter-converter-4k-1080p\/","title":{"rendered":"Adaptateur 2 en 1 DisplayPort vers HDMI VGA Convertisseur 4K 1080P"},"content":{"rendered":"<p>Notre adaptateur DisplayPort vers HDMI VGA vous permet de connecter des appareils compatibles DisplayPort tels que des ordinateurs, des ordinateurs portables ou des d\u00e9codeurs directement \u00e0 des t\u00e9l\u00e9viseurs HD, des moniteurs ou des projecteurs dot\u00e9s de ports HDMI ou VGA.<\/p>\n<p>HDMI peut fournir des images jusqu'\u00e0 4K*2K@30Hz, et VGA peut fournir jusqu'\u00e0 1080P@60Hz. Cependant, n'oubliez pas que, bien qu'il soit dot\u00e9 d'une interface HDMI et d'une interface VGA, il ne peut en utiliser qu'une seule \u00e0 la fois.<\/p>\n<p>Il prend \u00e9galement en charge des modes d'affichage polyvalents, vous permettant de choisir entre les modes double miroir et double extension pour une exp\u00e9rience visuelle sur mesure.<\/p>\n<p>Cet adaptateur offre une fonction de configuration st\u00e9r\u00e9o. Si vous utilisez Windows 10, vous pouvez facilement g\u00e9rer la sortie audio en s\u00e9lectionnant le p\u00e9riph\u00e9rique appropri\u00e9 dans les param\u00e8tres sonores.<\/p>\n<p>Il est dot\u00e9 de connecteurs plaqu\u00e9s or et de conducteurs en cuivre \u00e9tam\u00e9, triplement blind\u00e9s avec une feuille d'aluminium pour paires torsad\u00e9es.<\/p>\n<p>La coque en ABS garantit la durabilit\u00e9 et la gaine en PVC ajoute une couche de protection suppl\u00e9mentaire.<\/p>\n<p>Ses caract\u00e9ristiques :<\/p>\n<ul>\n<li>Isolation : PE SKIN\/HDPE mouss\u00e9<\/li>\n<li>Calibre des fils : 32AWG<\/li>\n<li>Diam\u00e8tre ext\u00e9rieur : 4,8\u00b10,2 mm<\/li>\n<\/ul>\n<p>En outre, il est conforme aux normes RoHS et REACH, ce qui garantit la s\u00e9curit\u00e9 et la fiabilit\u00e9. Dans l'ensemble, contactez-nous d\u00e8s aujourd'hui et investissez dans l'adaptateur.<\/p>","protected":false},"excerpt":{"rendered":"<p>D\u00e9couvrez l&#039;adaptateur avanc\u00e9 2-en-1 DisplayPort vers HDMI VGA de FARSINCE, une solution plug-and-play sans tracas mettant \u00e0 niveau la connexion num\u00e9rique sans effort.<\/p>","protected":false},"featured_media":16331,"template":"","meta":{"_acf_changed":false,"_seopress_robots_primary_cat":"","_seopress_titles_title":"Best 2 in 1 DisplayPort to HDMI VGA Adapter %%sep%% %%sitetitle%%","_seopress_titles_desc":"","_seopress_robots_index":"","site-sidebar-layout":"default","site-content-layout":"default","ast-site-content-layout":"default","site-content-style":"default","site-sidebar-style":"default","ast-global-header-display":"","ast-banner-title-visibility":"","ast-main-header-display":"","ast-hfb-above-header-display":"","ast-hfb-below-header-display":"","ast-hfb-mobile-header-display":"","site-post-title":"","ast-breadcrumbs-content":"","ast-featured-img":"","footer-sml-layout":"","ast-disable-related-posts":"","theme-transparent-header-meta":"default","adv-header-id-meta":"","stick-header-meta":"","header-above-stick-meta":"","header-main-stick-meta":"","header-below-stick-meta":"","astra-migrate-meta-layouts":"set","ast-page-background-enabled":"default","ast-page-background-meta":{"desktop":{"background-color":"","background-image":"","background-repeat":"repeat","background-position":"center center","background-size":"auto","background-attachment":"scroll","background-type":"","background-media":"","overlay-type":"","overlay-color":"","overlay-opacity":"","overlay-gradient":""},"tablet":{"background-color":"","background-image":"","background-repeat":"repeat","background-position":"center center","background-size":"auto","background-attachment":"scroll","background-type":"","background-media":"","overlay-type":"","overlay-color":"","overlay-opacity":"","overlay-gradient":""},"mobile":{"background-color":"","background-image":"","background-repeat":"repeat","background-position":"center center","background-size":"auto","background-attachment":"scroll","background-type":"","background-media":"","overlay-type":"","overlay-color":"","overlay-opacity":"","overlay-gradient":""}},"ast-content-background-meta":{"desktop":{"background-color":"var(--ast-global-color-5)","background-image":"","background-repeat":"repeat","background-position":"center center","background-size":"auto","background-attachment":"scroll","background-type":"","background-media":"","overlay-type":"","overlay-color":"","overlay-opacity":"","overlay-gradient":""},"tablet":{"background-color":"var(--ast-global-color-5)","background-image":"","background-repeat":"repeat","background-position":"center center","background-size":"auto","background-attachment":"scroll","background-type":"","background-media":"","overlay-type":"","overlay-color":"","overlay-opacity":"","overlay-gradient":""},"mobile":{"background-color":"var(--ast-global-color-5)","background-image":"","background-repeat":"repeat","background-position":"center center","background-size":"auto","background-attachment":"scroll","background-type":"","background-media":"","overlay-type":"","overlay-color":"","overlay-opacity":"","overlay-gradient":""}},"iawp_total_views":61},"product_brand":[],"product_cat":[212],"product_tag":[],"class_list":{"0":"post-16329","1":"product","2":"type-product","3":"status-publish","4":"has-post-thumbnail","6":"product_cat-displayport","7":"desktop-align-left","8":"tablet-align-left","9":"mobile-align-left","11":"first","12":"instock","13":"shipping-taxable","14":"purchasable","15":"product-type-simple"},"acf":[],"_links":{"self":[{"href":"https:\/\/www.fjpremium.com\/fr\/wp-json\/wp\/v2\/product\/16329","targetHints":{"allow":["GET"]}}],"collection":[{"href":"https:\/\/www.fjpremium.com\/fr\/wp-json\/wp\/v2\/product"}],"about":[{"href":"https:\/\/www.fjpremium.com\/fr\/wp-json\/wp\/v2\/types\/product"}],"wp:featuredmedia":[{"embeddable":true,"href":"https:\/\/www.fjpremium.com\/fr\/wp-json\/wp\/v2\/media\/16331"}],"wp:attachment":[{"href":"https:\/\/www.fjpremium.com\/fr\/wp-json\/wp\/v2\/media?parent=16329"}],"wp:term":[{"taxonomy":"product_brand","embeddable":true,"href":"https:\/\/www.fjpremium.com\/fr\/wp-json\/wp\/v2\/product_brand?post=16329"},{"taxonomy":"product_cat","embeddable":true,"href":"https:\/\/www.fjpremium.com\/fr\/wp-json\/wp\/v2\/product_cat?post=16329"},{"taxonomy":"product_tag","embeddable":true,"href":"https:\/\/www.fjpremium.com\/fr\/wp-json\/wp\/v2\/product_tag?post=16329"}],"curies":[{"name":"wp","href":"https:\/\/api.w.org\/{rel}","templated":true}]}}