{"id":16320,"date":"2020-09-09T15:35:07","date_gmt":"2020-09-09T07:35:07","guid":{"rendered":"https:\/\/www.fjpremium.com\/?post_type=product&#038;p=16320"},"modified":"2023-10-10T09:32:51","modified_gmt":"2023-10-10T01:32:51","slug":"metal-mini-displayport-thunderbolt-2-mini-dp-to-hdmi-to-vga-2-in-1-adapter-converter-4k-1080p","status":"publish","type":"product","link":"https:\/\/www.fjpremium.com\/fr\/product\/metal-mini-displayport-thunderbolt-2-mini-dp-to-hdmi-to-vga-2-in-1-adapter-converter-4k-1080p\/","title":{"rendered":"Adaptateur mini DP \u00e0 HDMI en m\u00e9tal Adaptateur DP \u00e0 HDMI \u00e0 VGA 2 en 1 Convertisseur 4K 1080P"},"content":{"rendered":"<p>L'adaptateur fusionne de mani\u00e8re transparente les sorties vid\u00e9o des appareils \u00e9quip\u00e9s d'un mini DisplayPort, tels que les Chromebooks et les ordinateurs portables, avec des \u00e9crans HDMI ou VGA.<\/p>\n<p>Elle offre des r\u00e9solutions HDMI qui atteignent le niveau \u00e9poustouflant de 4K@30 (3840\u00d72160, Ultra HD) et des r\u00e9solutions VGA qui ne sont pas en reste avec une nettet\u00e9 de 1080P (1920\u00d71080, Full HD).<\/p>\n<p>Construit conform\u00e9ment aux normes DisplayPort 1.2, notre adaptateur mini DP vers HDMI est performant et promet d'\u00eatre durable.<\/p>\n<p>Gr\u00e2ce au triple blindage, les interf\u00e9rences EMI\/RFI ne sont plus qu'un lointain souvenir, tandis que les connecteurs plaqu\u00e9s or 24 carats garantissent une int\u00e9grit\u00e9 impeccable du signal.<\/p>\n<p>Ses caract\u00e9ristiques :<\/p>\n<ul>\n<li>Conducteur du c\u00e2ble : Cuivre \u00e9tam\u00e9<\/li>\n<li>Isolation : PE SKIN\/HDPE mouss\u00e9<\/li>\n<li>Calibre des fils : 32AWG<\/li>\n<li>Bo\u00eetier : Coque en ABS<\/li>\n<li>Chipset : PS8339+ANX9833<\/li>\n<li>Gaine : PVC<\/li>\n<li>Diam\u00e8tre ext\u00e9rieur : 4,8\u00b10,2 mm<\/li>\n<li>Conformit\u00e9 : RoHS, REACH, CE, UL<\/li>\n<\/ul>\n<p>De plus, il est couvert par la garantie de 2 ans de FARSINCE. Veuillez noter qu'il est unidirectionnel, convertissant uniquement du mini DisplayPort vers HDMI ou VGA. N'h\u00e9sitez donc pas \u00e0 nous contacter d\u00e8s aujourd'hui pour commander ce produit.<\/p>","protected":false},"excerpt":{"rendered":"<p>D\u00e9couvrez une connexion in\u00e9gal\u00e9e avec l&#039;adaptateur mini DP vers HDMI de FARSINCE, offrant des visuels 4K 1080P, une pr\u00e9cision plaqu\u00e9e or et une qualit\u00e9 in\u00e9branlable.<\/p>","protected":false},"featured_media":16321,"template":"","meta":{"_acf_changed":false,"_seopress_robots_primary_cat":"","_seopress_titles_title":"Metal Mini DP to HDMI Adapter %%sep%% %%sitetitle%%","_seopress_titles_desc":"","_seopress_robots_index":"","site-sidebar-layout":"default","site-content-layout":"default","ast-site-content-layout":"default","site-content-style":"default","site-sidebar-style":"default","ast-global-header-display":"","ast-banner-title-visibility":"","ast-main-header-display":"","ast-hfb-above-header-display":"","ast-hfb-below-header-display":"","ast-hfb-mobile-header-display":"","site-post-title":"","ast-breadcrumbs-content":"","ast-featured-img":"","footer-sml-layout":"","ast-disable-related-posts":"","theme-transparent-header-meta":"default","adv-header-id-meta":"","stick-header-meta":"","header-above-stick-meta":"","header-main-stick-meta":"","header-below-stick-meta":"","astra-migrate-meta-layouts":"set","ast-page-background-enabled":"default","ast-page-background-meta":{"desktop":{"background-color":"","background-image":"","background-repeat":"repeat","background-position":"center center","background-size":"auto","background-attachment":"scroll","background-type":"","background-media":"","overlay-type":"","overlay-color":"","overlay-opacity":"","overlay-gradient":""},"tablet":{"background-color":"","background-image":"","background-repeat":"repeat","background-position":"center center","background-size":"auto","background-attachment":"scroll","background-type":"","background-media":"","overlay-type":"","overlay-color":"","overlay-opacity":"","overlay-gradient":""},"mobile":{"background-color":"","background-image":"","background-repeat":"repeat","background-position":"center center","background-size":"auto","background-attachment":"scroll","background-type":"","background-media":"","overlay-type":"","overlay-color":"","overlay-opacity":"","overlay-gradient":""}},"ast-content-background-meta":{"desktop":{"background-color":"var(--ast-global-color-5)","background-image":"","background-repeat":"repeat","background-position":"center center","background-size":"auto","background-attachment":"scroll","background-type":"","background-media":"","overlay-type":"","overlay-color":"","overlay-opacity":"","overlay-gradient":""},"tablet":{"background-color":"var(--ast-global-color-5)","background-image":"","background-repeat":"repeat","background-position":"center center","background-size":"auto","background-attachment":"scroll","background-type":"","background-media":"","overlay-type":"","overlay-color":"","overlay-opacity":"","overlay-gradient":""},"mobile":{"background-color":"var(--ast-global-color-5)","background-image":"","background-repeat":"repeat","background-position":"center center","background-size":"auto","background-attachment":"scroll","background-type":"","background-media":"","overlay-type":"","overlay-color":"","overlay-opacity":"","overlay-gradient":""}},"iawp_total_views":5},"product_brand":[],"product_cat":[212],"product_tag":[],"class_list":{"0":"post-16320","1":"product","2":"type-product","3":"status-publish","4":"has-post-thumbnail","6":"product_cat-displayport","7":"desktop-align-left","8":"tablet-align-left","9":"mobile-align-left","11":"first","12":"instock","13":"shipping-taxable","14":"purchasable","15":"product-type-simple"},"acf":[],"_links":{"self":[{"href":"https:\/\/www.fjpremium.com\/fr\/wp-json\/wp\/v2\/product\/16320","targetHints":{"allow":["GET"]}}],"collection":[{"href":"https:\/\/www.fjpremium.com\/fr\/wp-json\/wp\/v2\/product"}],"about":[{"href":"https:\/\/www.fjpremium.com\/fr\/wp-json\/wp\/v2\/types\/product"}],"wp:featuredmedia":[{"embeddable":true,"href":"https:\/\/www.fjpremium.com\/fr\/wp-json\/wp\/v2\/media\/16321"}],"wp:attachment":[{"href":"https:\/\/www.fjpremium.com\/fr\/wp-json\/wp\/v2\/media?parent=16320"}],"wp:term":[{"taxonomy":"product_brand","embeddable":true,"href":"https:\/\/www.fjpremium.com\/fr\/wp-json\/wp\/v2\/product_brand?post=16320"},{"taxonomy":"product_cat","embeddable":true,"href":"https:\/\/www.fjpremium.com\/fr\/wp-json\/wp\/v2\/product_cat?post=16320"},{"taxonomy":"product_tag","embeddable":true,"href":"https:\/\/www.fjpremium.com\/fr\/wp-json\/wp\/v2\/product_tag?post=16320"}],"curies":[{"name":"wp","href":"https:\/\/api.w.org\/{rel}","templated":true}]}}