{"id":16305,"date":"2020-09-09T15:24:36","date_gmt":"2020-09-09T07:24:36","guid":{"rendered":"https:\/\/www.fjpremium.com\/?post_type=product&#038;p=16305"},"modified":"2023-10-10T09:44:37","modified_gmt":"2023-10-10T01:44:37","slug":"displayport-dp-1-4-8k-cable-for-144hz-monitor-support-8k60hz-4k120hz","status":"publish","type":"product","link":"https:\/\/www.fjpremium.com\/fr\/product\/displayport-dp-1-4-8k-cable-for-144hz-monitor-support-8k60hz-4k120hz\/","title":{"rendered":"C\u00e2ble DisplayPort DP 8K pour moniteur 144hz Support 8K@60hz, 4K@120hz"},"content":{"rendered":"<p>Notre c\u00e2ble est con\u00e7u pour repousser les limites, permettant des r\u00e9solutions vid\u00e9o stup\u00e9fiantes jusqu'\u00e0 8K (7680\u00d74320).<\/p>\n<p>Il n'est pas seulement 8K, mais aussi 5K (5120\u00d72880 @ 60Hz), 4K Ultra HD (3840\u00d72160 @ 60Hz) et 1080P (Full HD), ce qui garantit des exp\u00e9riences visuelles in\u00e9gal\u00e9es.<\/p>\n<p>Au-del\u00e0 des images, vous pouvez vous immerger dans un son captivant, qui passe sans effort par des canaux num\u00e9riques non compress\u00e9s, qu'il s'agisse de 7.1, 5.1 ou d'un simple 2.<\/p>\n<p>Dot\u00e9 de fonctions avanc\u00e9es telles que la bande passante \u00e9lev\u00e9e HBR3, la compression du flux d'affichage DSC 1.2 et la correction d'erreur directe FEC, ce c\u00e2ble DP 8K offre une bande passante riche de 32,4 Gbps et 32 canaux audio pour une exp\u00e9rience multim\u00e9dia de qualit\u00e9 sup\u00e9rieure.<\/p>\n<p>Ses caract\u00e9ristiques :<\/p>\n<ul>\n<li>Contact plaqu\u00e9 or ; coque plaqu\u00e9e or<\/li>\n<li>Conducteur du c\u00e2ble : Cuivre \u00e9tam\u00e9<\/li>\n<li>Isolation : PE SKIN\/HDPE mouss\u00e9<\/li>\n<li>Calibre du fil : 30AWG(1-3M), 28AWG(5M)<\/li>\n<li>Triple blindage : paire torsad\u00e9e de feuilles d'aluminium, ensemble de feuilles d'aluminium, tresse,<\/li>\n<li>Gaine : PVC<\/li>\n<\/ul>\n<p>De plus, con\u00e7u en conformit\u00e9 avec les normes RoHS et REACH et r\u00e9trocompatible avec DisplayPort 1.2, c'est un m\u00e9lange d'innovation et de compatibilit\u00e9. Par cons\u00e9quent, contactez-nous d\u00e8s aujourd'hui pour l'ajouter \u00e0 votre inventaire.<\/p>","protected":false},"excerpt":{"rendered":"<p>Entrez dans l&#039;avenir de la technologie d&#039;affichage avec le c\u00e2ble DP 8K r\u00e9volutionnaire de Farsince, offrant un son immersif et une connectivit\u00e9 impeccable.<\/p>","protected":false},"featured_media":16306,"template":"","meta":{"_acf_changed":false,"_seopress_robots_primary_cat":"","_seopress_titles_title":"Best DisplayPort DP 8K Cable for 144hz Monitor %%sep%% %%sitetitle%%","_seopress_titles_desc":"","_seopress_robots_index":"","site-sidebar-layout":"default","site-content-layout":"default","ast-site-content-layout":"default","site-content-style":"default","site-sidebar-style":"default","ast-global-header-display":"","ast-banner-title-visibility":"","ast-main-header-display":"","ast-hfb-above-header-display":"","ast-hfb-below-header-display":"","ast-hfb-mobile-header-display":"","site-post-title":"","ast-breadcrumbs-content":"","ast-featured-img":"","footer-sml-layout":"","ast-disable-related-posts":"","theme-transparent-header-meta":"default","adv-header-id-meta":"","stick-header-meta":"","header-above-stick-meta":"","header-main-stick-meta":"","header-below-stick-meta":"","astra-migrate-meta-layouts":"set","ast-page-background-enabled":"default","ast-page-background-meta":{"desktop":{"background-color":"","background-image":"","background-repeat":"repeat","background-position":"center center","background-size":"auto","background-attachment":"scroll","background-type":"","background-media":"","overlay-type":"","overlay-color":"","overlay-opacity":"","overlay-gradient":""},"tablet":{"background-color":"","background-image":"","background-repeat":"repeat","background-position":"center center","background-size":"auto","background-attachment":"scroll","background-type":"","background-media":"","overlay-type":"","overlay-color":"","overlay-opacity":"","overlay-gradient":""},"mobile":{"background-color":"","background-image":"","background-repeat":"repeat","background-position":"center center","background-size":"auto","background-attachment":"scroll","background-type":"","background-media":"","overlay-type":"","overlay-color":"","overlay-opacity":"","overlay-gradient":""}},"ast-content-background-meta":{"desktop":{"background-color":"var(--ast-global-color-5)","background-image":"","background-repeat":"repeat","background-position":"center center","background-size":"auto","background-attachment":"scroll","background-type":"","background-media":"","overlay-type":"","overlay-color":"","overlay-opacity":"","overlay-gradient":""},"tablet":{"background-color":"var(--ast-global-color-5)","background-image":"","background-repeat":"repeat","background-position":"center center","background-size":"auto","background-attachment":"scroll","background-type":"","background-media":"","overlay-type":"","overlay-color":"","overlay-opacity":"","overlay-gradient":""},"mobile":{"background-color":"var(--ast-global-color-5)","background-image":"","background-repeat":"repeat","background-position":"center center","background-size":"auto","background-attachment":"scroll","background-type":"","background-media":"","overlay-type":"","overlay-color":"","overlay-opacity":"","overlay-gradient":""}},"iawp_total_views":11},"product_brand":[],"product_cat":[212],"product_tag":[],"class_list":{"0":"post-16305","1":"product","2":"type-product","3":"status-publish","4":"has-post-thumbnail","6":"product_cat-displayport","7":"desktop-align-left","8":"tablet-align-left","9":"mobile-align-left","11":"first","12":"instock","13":"shipping-taxable","14":"purchasable","15":"product-type-simple"},"acf":[],"_links":{"self":[{"href":"https:\/\/www.fjpremium.com\/fr\/wp-json\/wp\/v2\/product\/16305","targetHints":{"allow":["GET"]}}],"collection":[{"href":"https:\/\/www.fjpremium.com\/fr\/wp-json\/wp\/v2\/product"}],"about":[{"href":"https:\/\/www.fjpremium.com\/fr\/wp-json\/wp\/v2\/types\/product"}],"wp:featuredmedia":[{"embeddable":true,"href":"https:\/\/www.fjpremium.com\/fr\/wp-json\/wp\/v2\/media\/16306"}],"wp:attachment":[{"href":"https:\/\/www.fjpremium.com\/fr\/wp-json\/wp\/v2\/media?parent=16305"}],"wp:term":[{"taxonomy":"product_brand","embeddable":true,"href":"https:\/\/www.fjpremium.com\/fr\/wp-json\/wp\/v2\/product_brand?post=16305"},{"taxonomy":"product_cat","embeddable":true,"href":"https:\/\/www.fjpremium.com\/fr\/wp-json\/wp\/v2\/product_cat?post=16305"},{"taxonomy":"product_tag","embeddable":true,"href":"https:\/\/www.fjpremium.com\/fr\/wp-json\/wp\/v2\/product_tag?post=16305"}],"curies":[{"name":"wp","href":"https:\/\/api.w.org\/{rel}","templated":true}]}}