{"id":16286,"date":"2020-09-09T13:32:42","date_gmt":"2020-09-09T05:32:42","guid":{"rendered":"https:\/\/www.fjpremium.com\/?post_type=product&#038;p=16286"},"modified":"2023-10-07T14:19:36","modified_gmt":"2023-10-07T06:19:36","slug":"right-left-up-down-angled-displayport-to-displayport-cable","status":"publish","type":"product","link":"https:\/\/www.fjpremium.com\/fr\/product\/right-left-up-down-angled-displayport-to-displayport-cable\/","title":{"rendered":"Adaptateur angulaire DisplayPort vers DisplayPort \u00e0 droite, \u00e0 gauche, en haut et en bas"},"content":{"rendered":"<p>Notre c\u00e2ble de conception unique est disponible en quatre directions : gauche, droite, haut et bas, ce qui vous donne la libert\u00e9 de connecter les appareils de la mani\u00e8re la plus appropri\u00e9e.<\/p>\n<p>Id\u00e9alement con\u00e7u pour la connexion d'appareils DVD ou Blu-ray \u00e0 des t\u00e9l\u00e9viseurs ou des moniteurs \u00e0 des PC ou des ordinateurs portables, le connecteur coud\u00e9 \u00e0 90 degr\u00e9s offre un acc\u00e8s pratique au port et r\u00e9duit la tension au point de connexion.<\/p>\n<p>De plus, cela permet de r\u00e9duire les risques d'endommagement du c\u00e2ble et des ports DisplayPort.<\/p>\n<p>Prenant en charge les r\u00e9solutions 4K Ultra HD (\u00e0 condition que vos appareils soient compatibles), cet adaptateur d'angle DisplayPort garantit une lecture audio et vid\u00e9o de qualit\u00e9 sup\u00e9rieure, tout en transportant les signaux num\u00e9riques de mani\u00e8re transparente.<\/p>\n<p>Ses caract\u00e9ristiques :<\/p>\n<ul>\n<li>Contact plaqu\u00e9 or, coque plaqu\u00e9e or<\/li>\n<li>Conducteur du c\u00e2ble : Cuivre nu<\/li>\n<li>Isolation : PE SKIN\/HDPE mouss\u00e9<\/li>\n<li>Calibre du fil : 30AWG (1-5M), 28AWG (5-10M)<\/li>\n<li>Triple blindage : paire torsad\u00e9e de feuilles d'aluminium, feuilles d'aluminium globales, tresse.<\/li>\n<li>Gaine : PVC<\/li>\n<\/ul>\n<p>Con\u00e7u selon les normes DisplayPort 1.2, il est conforme aux normes RoHS et REACH, ce qui t\u00e9moigne d'un engagement en faveur de la responsabilit\u00e9 environnementale. Par cons\u00e9quent, contactez-nous d\u00e8s aujourd'hui et investissez dans ce produit.<\/p>","protected":false},"excerpt":{"rendered":"<p>Optimisez la connexion DisplayPort avec l'adaptateur d'angle DisplayPort polyvalent de FARSINCE, qui prend en charge la 4K Ultra HD et le transfert rapide de donn\u00e9es.<\/p>","protected":false},"featured_media":16288,"template":"","meta":{"_acf_changed":false,"_seopress_robots_primary_cat":"","_seopress_titles_title":"Best DisplayPort to DisplayPort Angle Adapter - Farsince","_seopress_titles_desc":"","_seopress_robots_index":"","site-sidebar-layout":"default","site-content-layout":"default","ast-site-content-layout":"default","site-content-style":"default","site-sidebar-style":"default","ast-global-header-display":"","ast-banner-title-visibility":"","ast-main-header-display":"","ast-hfb-above-header-display":"","ast-hfb-below-header-display":"","ast-hfb-mobile-header-display":"","site-post-title":"","ast-breadcrumbs-content":"","ast-featured-img":"","footer-sml-layout":"","ast-disable-related-posts":"","theme-transparent-header-meta":"default","adv-header-id-meta":"","stick-header-meta":"","header-above-stick-meta":"","header-main-stick-meta":"","header-below-stick-meta":"","astra-migrate-meta-layouts":"set","ast-page-background-enabled":"default","ast-page-background-meta":{"desktop":{"background-color":"","background-image":"","background-repeat":"repeat","background-position":"center center","background-size":"auto","background-attachment":"scroll","background-type":"","background-media":"","overlay-type":"","overlay-color":"","overlay-opacity":"","overlay-gradient":""},"tablet":{"background-color":"","background-image":"","background-repeat":"repeat","background-position":"center center","background-size":"auto","background-attachment":"scroll","background-type":"","background-media":"","overlay-type":"","overlay-color":"","overlay-opacity":"","overlay-gradient":""},"mobile":{"background-color":"","background-image":"","background-repeat":"repeat","background-position":"center center","background-size":"auto","background-attachment":"scroll","background-type":"","background-media":"","overlay-type":"","overlay-color":"","overlay-opacity":"","overlay-gradient":""}},"ast-content-background-meta":{"desktop":{"background-color":"var(--ast-global-color-5)","background-image":"","background-repeat":"repeat","background-position":"center center","background-size":"auto","background-attachment":"scroll","background-type":"","background-media":"","overlay-type":"","overlay-color":"","overlay-opacity":"","overlay-gradient":""},"tablet":{"background-color":"var(--ast-global-color-5)","background-image":"","background-repeat":"repeat","background-position":"center center","background-size":"auto","background-attachment":"scroll","background-type":"","background-media":"","overlay-type":"","overlay-color":"","overlay-opacity":"","overlay-gradient":""},"mobile":{"background-color":"var(--ast-global-color-5)","background-image":"","background-repeat":"repeat","background-position":"center center","background-size":"auto","background-attachment":"scroll","background-type":"","background-media":"","overlay-type":"","overlay-color":"","overlay-opacity":"","overlay-gradient":""}},"iawp_total_views":28},"product_brand":[],"product_cat":[212],"product_tag":[],"class_list":{"0":"post-16286","1":"product","2":"type-product","3":"status-publish","4":"has-post-thumbnail","6":"product_cat-displayport","7":"desktop-align-left","8":"tablet-align-left","9":"mobile-align-left","11":"first","12":"instock","13":"shipping-taxable","14":"purchasable","15":"product-type-simple"},"acf":[],"_links":{"self":[{"href":"https:\/\/www.fjpremium.com\/fr\/wp-json\/wp\/v2\/product\/16286","targetHints":{"allow":["GET"]}}],"collection":[{"href":"https:\/\/www.fjpremium.com\/fr\/wp-json\/wp\/v2\/product"}],"about":[{"href":"https:\/\/www.fjpremium.com\/fr\/wp-json\/wp\/v2\/types\/product"}],"wp:featuredmedia":[{"embeddable":true,"href":"https:\/\/www.fjpremium.com\/fr\/wp-json\/wp\/v2\/media\/16288"}],"wp:attachment":[{"href":"https:\/\/www.fjpremium.com\/fr\/wp-json\/wp\/v2\/media?parent=16286"}],"wp:term":[{"taxonomy":"product_brand","embeddable":true,"href":"https:\/\/www.fjpremium.com\/fr\/wp-json\/wp\/v2\/product_brand?post=16286"},{"taxonomy":"product_cat","embeddable":true,"href":"https:\/\/www.fjpremium.com\/fr\/wp-json\/wp\/v2\/product_cat?post=16286"},{"taxonomy":"product_tag","embeddable":true,"href":"https:\/\/www.fjpremium.com\/fr\/wp-json\/wp\/v2\/product_tag?post=16286"}],"curies":[{"name":"wp","href":"https:\/\/api.w.org\/{rel}","templated":true}]}}