{"id":16277,"date":"2020-09-09T13:27:08","date_gmt":"2020-09-09T05:27:08","guid":{"rendered":"https:\/\/www.fjpremium.com\/?post_type=product&#038;p=16277"},"modified":"2023-10-10T09:49:50","modified_gmt":"2023-10-10T01:49:50","slug":"high-quality-lfh59-dms-59-to-dual-dvi-vga-female-y-splitter-graphics-card-monitor-cable","status":"publish","type":"product","link":"https:\/\/www.fjpremium.com\/fr\/product\/high-quality-lfh59-dms-59-to-dual-dvi-vga-female-y-splitter-graphics-card-monitor-cable\/","title":{"rendered":"C\u00e2ble s\u00e9parateur DMS 59 vers VGA double pour moniteur de haute qualit\u00e9"},"content":{"rendered":"<p>Con\u00e7u pour donner vie \u00e0 chaque pixel, ce c\u00e2ble divise sans effort la vid\u00e9o de votre carte graphique LFH, permettant une connexion transparente \u00e0 deux moniteurs DisplayPort.<\/p>\n<p>Supposons que vous utilisiez une carte graphique DMS \/ LFH 59 ou DMS \/ LFH 60 de marques renomm\u00e9es telles que Matrox, NVIDIA, PNY, ATI ou HP. Dans ce cas, il assure la compatibilit\u00e9 tout en offrant des r\u00e9solutions \u00e9lev\u00e9es qui atteignent les sommets \u00e9blouissants de 4k x 2k (3840 x 2160).<\/p>\n<p>Gr\u00e2ce \u00e0 sa construction moul\u00e9e robuste et \u00e0 ses contacts plaqu\u00e9s or, il est con\u00e7u pour durer, garantissant une utilisation \u00e0 long terme sans d\u00e9gradation du signal.<\/p>\n<p>Ses caract\u00e9ristiques :<\/p>\n<ul>\n<li>Conducteur du c\u00e2ble : Cuivre nu<\/li>\n<li>Isolation : PE SKIN\/HDPE mouss\u00e9<\/li>\n<li>Calibre du fil : 28AWG<\/li>\n<li>Triple blindage : paire torsad\u00e9e de feuilles d'aluminium, feuilles d'aluminium globales, tresse.<\/li>\n<li>Bo\u00eetier : Moulage par injection de plastique<\/li>\n<li>Gaine : PVC<\/li>\n<li>Diam\u00e8tre ext\u00e9rieur : 7,3\u00b10,2 mm<\/li>\n<li>Conformit\u00e9 : RoHS, REACH<\/li>\n<\/ul>\n<p>En outre, il ne se limite pas au DisplayPort. Nous proposons un large \u00e9ventail de possibilit\u00e9s de connexion, notamment des c\u00e2bles s\u00e9parateurs DMS59 vers double HDMI, double DVI, double VGA et DVI+VGA.<\/p>\n<p>En bref, contactez-nous d\u00e8s aujourd'hui et ajoutez notre c\u00e2ble r\u00e9partiteur DMS 59 vers double VGA \u00e0 votre inventaire.<\/p>","protected":false},"excerpt":{"rendered":"<p>Plongez dans un monde d&#039;une clart\u00e9 visuelle et d&#039;une polyvalence \u00e9poustouflantes avec le c\u00e2ble r\u00e9partiteur DMS 59 vers double VGA de haute qualit\u00e9 FARSINCE, le pont parfait pour les cartes graphiques et les moniteurs.<\/p>","protected":false},"featured_media":16278,"template":"","meta":{"_acf_changed":false,"_seopress_robots_primary_cat":"","_seopress_titles_title":"DMS 59 to Dual VGA Splitter Cable for Monitor %%sep%% %%sitetitle%%","_seopress_titles_desc":"Dive into a world of stunning visual clarity and versatility with our DMS 59 to dual VGA splitter cable, the perfect bridge for graphics cards and monitors.","_seopress_robots_index":"","site-sidebar-layout":"default","site-content-layout":"default","ast-site-content-layout":"default","site-content-style":"default","site-sidebar-style":"default","ast-global-header-display":"","ast-banner-title-visibility":"","ast-main-header-display":"","ast-hfb-above-header-display":"","ast-hfb-below-header-display":"","ast-hfb-mobile-header-display":"","site-post-title":"","ast-breadcrumbs-content":"","ast-featured-img":"","footer-sml-layout":"","ast-disable-related-posts":"","theme-transparent-header-meta":"default","adv-header-id-meta":"","stick-header-meta":"","header-above-stick-meta":"","header-main-stick-meta":"","header-below-stick-meta":"","astra-migrate-meta-layouts":"set","ast-page-background-enabled":"default","ast-page-background-meta":{"desktop":{"background-color":"","background-image":"","background-repeat":"repeat","background-position":"center center","background-size":"auto","background-attachment":"scroll","background-type":"","background-media":"","overlay-type":"","overlay-color":"","overlay-opacity":"","overlay-gradient":""},"tablet":{"background-color":"","background-image":"","background-repeat":"repeat","background-position":"center center","background-size":"auto","background-attachment":"scroll","background-type":"","background-media":"","overlay-type":"","overlay-color":"","overlay-opacity":"","overlay-gradient":""},"mobile":{"background-color":"","background-image":"","background-repeat":"repeat","background-position":"center center","background-size":"auto","background-attachment":"scroll","background-type":"","background-media":"","overlay-type":"","overlay-color":"","overlay-opacity":"","overlay-gradient":""}},"ast-content-background-meta":{"desktop":{"background-color":"var(--ast-global-color-5)","background-image":"","background-repeat":"repeat","background-position":"center center","background-size":"auto","background-attachment":"scroll","background-type":"","background-media":"","overlay-type":"","overlay-color":"","overlay-opacity":"","overlay-gradient":""},"tablet":{"background-color":"var(--ast-global-color-5)","background-image":"","background-repeat":"repeat","background-position":"center center","background-size":"auto","background-attachment":"scroll","background-type":"","background-media":"","overlay-type":"","overlay-color":"","overlay-opacity":"","overlay-gradient":""},"mobile":{"background-color":"var(--ast-global-color-5)","background-image":"","background-repeat":"repeat","background-position":"center center","background-size":"auto","background-attachment":"scroll","background-type":"","background-media":"","overlay-type":"","overlay-color":"","overlay-opacity":"","overlay-gradient":""}},"iawp_total_views":20},"product_brand":[],"product_cat":[212],"product_tag":[],"class_list":{"0":"post-16277","1":"product","2":"type-product","3":"status-publish","4":"has-post-thumbnail","6":"product_cat-displayport","7":"desktop-align-left","8":"tablet-align-left","9":"mobile-align-left","11":"first","12":"instock","13":"shipping-taxable","14":"purchasable","15":"product-type-simple"},"acf":[],"_links":{"self":[{"href":"https:\/\/www.fjpremium.com\/fr\/wp-json\/wp\/v2\/product\/16277","targetHints":{"allow":["GET"]}}],"collection":[{"href":"https:\/\/www.fjpremium.com\/fr\/wp-json\/wp\/v2\/product"}],"about":[{"href":"https:\/\/www.fjpremium.com\/fr\/wp-json\/wp\/v2\/types\/product"}],"wp:featuredmedia":[{"embeddable":true,"href":"https:\/\/www.fjpremium.com\/fr\/wp-json\/wp\/v2\/media\/16278"}],"wp:attachment":[{"href":"https:\/\/www.fjpremium.com\/fr\/wp-json\/wp\/v2\/media?parent=16277"}],"wp:term":[{"taxonomy":"product_brand","embeddable":true,"href":"https:\/\/www.fjpremium.com\/fr\/wp-json\/wp\/v2\/product_brand?post=16277"},{"taxonomy":"product_cat","embeddable":true,"href":"https:\/\/www.fjpremium.com\/fr\/wp-json\/wp\/v2\/product_cat?post=16277"},{"taxonomy":"product_tag","embeddable":true,"href":"https:\/\/www.fjpremium.com\/fr\/wp-json\/wp\/v2\/product_tag?post=16277"}],"curies":[{"name":"wp","href":"https:\/\/api.w.org\/{rel}","templated":true}]}}