{"id":16230,"date":"2020-09-09T09:03:30","date_gmt":"2020-09-09T01:03:30","guid":{"rendered":"https:\/\/www.fjpremium.com\/?post_type=product&#038;p=16230"},"modified":"2023-10-10T10:36:59","modified_gmt":"2023-10-10T02:36:59","slug":"vr-cable","status":"publish","type":"product","link":"https:\/\/www.fjpremium.com\/fr\/product\/vr-cable\/","title":{"rendered":"Gestionnaire de c\u00e2bles r\u00e9tractable Kiwi Silent VR pour PS4 HTC VR Box"},"content":{"rendered":"<p>Notre c\u00e2ble audio-vid\u00e9o VR personnalis\u00e9 promet des images in\u00e9gal\u00e9es en r\u00e9solution 4K Ultra HD. Des ar\u00e8nes de jeu aux univers cin\u00e9matographiques, vous p\u00e9n\u00e9trerez dans des r\u00e9alit\u00e9s vibrantes am\u00e9lior\u00e9es par la gamme dynamique \u00e9lev\u00e9e (HDR).<\/p>\n<p>Con\u00e7u avec pr\u00e9cision, son c\u00e2ble l\u00e9ger et flexible de 34AWG garantit une installation simple et sans probl\u00e8me.<\/p>\n<p>Les connecteurs plaqu\u00e9s or de ce c\u00e2ble de 3,5 m, forg\u00e9s \u00e0 partir de cuivre \u00e9tam\u00e9, garantissent des vitesses de transmission ininterrompues et de premier ordre pouvant atteindre 18 Gbps.<\/p>\n<p>Ses caract\u00e9ristiques :<\/p>\n<ul>\n<li>Gaine : PVC<\/li>\n<li>DIAM\u00c8TRE EXT\u00c9RIEUR : 4,0 MM<\/li>\n<li>R\u00e9solution : 4K@60Hz<\/li>\n<li>Conforme : RoHS<\/li>\n<li>Emballage : Sac \u00e0 fermeture \u00e9clair<\/li>\n<li>Garantie : 2 ans<\/li>\n<\/ul>\n<p>De plus, envelopp\u00e9 d'une \u00e9l\u00e9gante gaine noire, il n'est pas seulement fonctionnel, c'est un gage de qualit\u00e9. Dans l'ensemble, contactez-nous d\u00e8s aujourd'hui et investissez dans notre syst\u00e8me de gestion des c\u00e2bles r\u00e9tractables.<\/p>","protected":false},"excerpt":{"rendered":"<p>Am\u00e9liorez l&#039;exp\u00e9rience de r\u00e9alit\u00e9 virtuelle avec la gestion des c\u00e2bles r\u00e9tractables Kiwi Silent VR de FARSINCE, con\u00e7ue pour PS4 HTC VR Box, prenant en charge une vitesse de 18 Gbit\/s.<\/p>","protected":false},"featured_media":16269,"template":"","meta":{"_acf_changed":false,"_seopress_robots_primary_cat":"","_seopress_titles_title":"Retractable Cable Management for PS4 HTC VR Box %%sep%% %%sitetitle%%","_seopress_titles_desc":"","_seopress_robots_index":"","site-sidebar-layout":"default","site-content-layout":"default","ast-site-content-layout":"default","site-content-style":"default","site-sidebar-style":"default","ast-global-header-display":"","ast-banner-title-visibility":"","ast-main-header-display":"","ast-hfb-above-header-display":"","ast-hfb-below-header-display":"","ast-hfb-mobile-header-display":"","site-post-title":"","ast-breadcrumbs-content":"","ast-featured-img":"","footer-sml-layout":"","ast-disable-related-posts":"","theme-transparent-header-meta":"default","adv-header-id-meta":"","stick-header-meta":"","header-above-stick-meta":"","header-main-stick-meta":"","header-below-stick-meta":"","astra-migrate-meta-layouts":"set","ast-page-background-enabled":"default","ast-page-background-meta":{"desktop":{"background-color":"","background-image":"","background-repeat":"repeat","background-position":"center center","background-size":"auto","background-attachment":"scroll","background-type":"","background-media":"","overlay-type":"","overlay-color":"","overlay-opacity":"","overlay-gradient":""},"tablet":{"background-color":"","background-image":"","background-repeat":"repeat","background-position":"center center","background-size":"auto","background-attachment":"scroll","background-type":"","background-media":"","overlay-type":"","overlay-color":"","overlay-opacity":"","overlay-gradient":""},"mobile":{"background-color":"","background-image":"","background-repeat":"repeat","background-position":"center center","background-size":"auto","background-attachment":"scroll","background-type":"","background-media":"","overlay-type":"","overlay-color":"","overlay-opacity":"","overlay-gradient":""}},"ast-content-background-meta":{"desktop":{"background-color":"var(--ast-global-color-5)","background-image":"","background-repeat":"repeat","background-position":"center center","background-size":"auto","background-attachment":"scroll","background-type":"","background-media":"","overlay-type":"","overlay-color":"","overlay-opacity":"","overlay-gradient":""},"tablet":{"background-color":"var(--ast-global-color-5)","background-image":"","background-repeat":"repeat","background-position":"center center","background-size":"auto","background-attachment":"scroll","background-type":"","background-media":"","overlay-type":"","overlay-color":"","overlay-opacity":"","overlay-gradient":""},"mobile":{"background-color":"var(--ast-global-color-5)","background-image":"","background-repeat":"repeat","background-position":"center center","background-size":"auto","background-attachment":"scroll","background-type":"","background-media":"","overlay-type":"","overlay-color":"","overlay-opacity":"","overlay-gradient":""}},"iawp_total_views":14},"product_brand":[],"product_cat":[211],"product_tag":[],"class_list":{"0":"post-16230","1":"product","2":"type-product","3":"status-publish","4":"has-post-thumbnail","6":"product_cat-hdmi","7":"desktop-align-left","8":"tablet-align-left","9":"mobile-align-left","11":"first","12":"instock","13":"shipping-taxable","14":"purchasable","15":"product-type-simple"},"acf":[],"_links":{"self":[{"href":"https:\/\/www.fjpremium.com\/fr\/wp-json\/wp\/v2\/product\/16230","targetHints":{"allow":["GET"]}}],"collection":[{"href":"https:\/\/www.fjpremium.com\/fr\/wp-json\/wp\/v2\/product"}],"about":[{"href":"https:\/\/www.fjpremium.com\/fr\/wp-json\/wp\/v2\/types\/product"}],"wp:featuredmedia":[{"embeddable":true,"href":"https:\/\/www.fjpremium.com\/fr\/wp-json\/wp\/v2\/media\/16269"}],"wp:attachment":[{"href":"https:\/\/www.fjpremium.com\/fr\/wp-json\/wp\/v2\/media?parent=16230"}],"wp:term":[{"taxonomy":"product_brand","embeddable":true,"href":"https:\/\/www.fjpremium.com\/fr\/wp-json\/wp\/v2\/product_brand?post=16230"},{"taxonomy":"product_cat","embeddable":true,"href":"https:\/\/www.fjpremium.com\/fr\/wp-json\/wp\/v2\/product_cat?post=16230"},{"taxonomy":"product_tag","embeddable":true,"href":"https:\/\/www.fjpremium.com\/fr\/wp-json\/wp\/v2\/product_tag?post=16230"}],"curies":[{"name":"wp","href":"https:\/\/api.w.org\/{rel}","templated":true}]}}