{"id":16229,"date":"2020-09-09T11:03:29","date_gmt":"2020-09-09T03:03:29","guid":{"rendered":"https:\/\/www.fjpremium.com\/?post_type=product&#038;p=16229"},"modified":"2023-10-07T14:23:47","modified_gmt":"2023-10-07T06:23:47","slug":"hdmi-wall-plate","status":"publish","type":"product","link":"https:\/\/www.fjpremium.com\/fr\/product\/hdmi-wall-plate\/","title":{"rendered":"HDMI Wall Plate Panel Face Plate with Angle Side Keystone Female HDMI Adapter Cable"},"content":{"rendered":"<p>Con\u00e7u pour ranger vos c\u00e2bles HDMI derri\u00e8re le mur, ce c\u00e2ble garantit une installation plus nette, plus s\u00fbre et d'aspect professionnel, vous d\u00e9barrassant ainsi d'un encombrement de c\u00e2bles disgracieux.<\/p>\n<p>Disponible en format droit ou en forme de L, il r\u00e9siste \u00e0 l'\u00e9preuve du temps. De plus, l'emballage comprend des vis peintes, ce qui ajoute \u00e0 l'aspect poli de votre installation.<\/p>\n<p>La plaque murale du c\u00e2ble adaptateur HDMI est compatible avec les plaques murales standard et peut \u00eatre utilis\u00e9e avec un bo\u00eetier simple ou un support basse tension.<\/p>\n<p>Il prend en charge les r\u00e9solutions vid\u00e9o jusqu'\u00e0 4K (3840\u00d72160), y compris 2560\u00d71440, 1920\u00d71200 et 1080p en HD int\u00e9grale.<\/p>\n<p>De plus, gr\u00e2ce \u00e0 la prise en charge de Master Audio et de Dolby TrueHD, et \u00e0 la profondeur de couleur de 48 bits, il offre des vid\u00e9os \u00e9clatantes et un son immersif, am\u00e9liorant ainsi votre exp\u00e9rience visuelle.<\/p>\n<p>Par cons\u00e9quent, contactez-nous d\u00e8s aujourd'hui et commandez notre c\u00e2ble.<\/p>","protected":false},"excerpt":{"rendered":"<p>Am\u00e9liorez votre configuration avec le c\u00e2ble adaptateur HDMI 4K de FARSINCE, con\u00e7u pour \u00eatre facile \u00e0 installer et compatible avec les plaques murales standard.<\/p>","protected":false},"featured_media":16263,"template":"","meta":{"_acf_changed":false,"_seopress_robots_primary_cat":"","_seopress_titles_title":"Best HDMI Adapter Cable - Farsince","_seopress_titles_desc":"","_seopress_robots_index":"","site-sidebar-layout":"default","site-content-layout":"default","ast-site-content-layout":"default","site-content-style":"default","site-sidebar-style":"default","ast-global-header-display":"","ast-banner-title-visibility":"","ast-main-header-display":"","ast-hfb-above-header-display":"","ast-hfb-below-header-display":"","ast-hfb-mobile-header-display":"","site-post-title":"","ast-breadcrumbs-content":"","ast-featured-img":"","footer-sml-layout":"","ast-disable-related-posts":"","theme-transparent-header-meta":"default","adv-header-id-meta":"","stick-header-meta":"","header-above-stick-meta":"","header-main-stick-meta":"","header-below-stick-meta":"","astra-migrate-meta-layouts":"set","ast-page-background-enabled":"default","ast-page-background-meta":{"desktop":{"background-color":"","background-image":"","background-repeat":"repeat","background-position":"center center","background-size":"auto","background-attachment":"scroll","background-type":"","background-media":"","overlay-type":"","overlay-color":"","overlay-opacity":"","overlay-gradient":""},"tablet":{"background-color":"","background-image":"","background-repeat":"repeat","background-position":"center center","background-size":"auto","background-attachment":"scroll","background-type":"","background-media":"","overlay-type":"","overlay-color":"","overlay-opacity":"","overlay-gradient":""},"mobile":{"background-color":"","background-image":"","background-repeat":"repeat","background-position":"center center","background-size":"auto","background-attachment":"scroll","background-type":"","background-media":"","overlay-type":"","overlay-color":"","overlay-opacity":"","overlay-gradient":""}},"ast-content-background-meta":{"desktop":{"background-color":"var(--ast-global-color-5)","background-image":"","background-repeat":"repeat","background-position":"center center","background-size":"auto","background-attachment":"scroll","background-type":"","background-media":"","overlay-type":"","overlay-color":"","overlay-opacity":"","overlay-gradient":""},"tablet":{"background-color":"var(--ast-global-color-5)","background-image":"","background-repeat":"repeat","background-position":"center center","background-size":"auto","background-attachment":"scroll","background-type":"","background-media":"","overlay-type":"","overlay-color":"","overlay-opacity":"","overlay-gradient":""},"mobile":{"background-color":"var(--ast-global-color-5)","background-image":"","background-repeat":"repeat","background-position":"center center","background-size":"auto","background-attachment":"scroll","background-type":"","background-media":"","overlay-type":"","overlay-color":"","overlay-opacity":"","overlay-gradient":""}},"iawp_total_views":7},"product_brand":[],"product_cat":[211],"product_tag":[],"class_list":{"0":"post-16229","1":"product","2":"type-product","3":"status-publish","4":"has-post-thumbnail","6":"product_cat-hdmi","7":"desktop-align-left","8":"tablet-align-left","9":"mobile-align-left","11":"first","12":"instock","13":"shipping-taxable","14":"purchasable","15":"product-type-simple"},"acf":[],"_links":{"self":[{"href":"https:\/\/www.fjpremium.com\/fr\/wp-json\/wp\/v2\/product\/16229","targetHints":{"allow":["GET"]}}],"collection":[{"href":"https:\/\/www.fjpremium.com\/fr\/wp-json\/wp\/v2\/product"}],"about":[{"href":"https:\/\/www.fjpremium.com\/fr\/wp-json\/wp\/v2\/types\/product"}],"wp:featuredmedia":[{"embeddable":true,"href":"https:\/\/www.fjpremium.com\/fr\/wp-json\/wp\/v2\/media\/16263"}],"wp:attachment":[{"href":"https:\/\/www.fjpremium.com\/fr\/wp-json\/wp\/v2\/media?parent=16229"}],"wp:term":[{"taxonomy":"product_brand","embeddable":true,"href":"https:\/\/www.fjpremium.com\/fr\/wp-json\/wp\/v2\/product_brand?post=16229"},{"taxonomy":"product_cat","embeddable":true,"href":"https:\/\/www.fjpremium.com\/fr\/wp-json\/wp\/v2\/product_cat?post=16229"},{"taxonomy":"product_tag","embeddable":true,"href":"https:\/\/www.fjpremium.com\/fr\/wp-json\/wp\/v2\/product_tag?post=16229"}],"curies":[{"name":"wp","href":"https:\/\/api.w.org\/{rel}","templated":true}]}}