{"id":16228,"date":"2020-09-09T11:03:28","date_gmt":"2020-09-09T03:03:28","guid":{"rendered":"https:\/\/www.fjpremium.com\/?post_type=product&#038;p=16228"},"modified":"2023-12-22T16:22:35","modified_gmt":"2023-12-22T08:22:35","slug":"av-to-hdmi-converter","status":"publish","type":"product","link":"https:\/\/www.fjpremium.com\/fr\/product\/av-to-hdmi-converter\/","title":{"rendered":"Convertisseur AV Composite 3 RCA vers HDMI Adaptateur Vid\u00e9o Audio AV Mini Convertisseur avec Best Price"},"content":{"rendered":"<p>Cet appareil compatible 1080p (60HZ) donne une nouvelle vie \u00e0 votre contenu vid\u00e9o en transformant les entr\u00e9es composites analogiques en sorties HDMI nettes et \u00e9clatantes.<\/p>\n<p>Il est dot\u00e9 d'un \u00e9chantillonnage sup\u00e9rieur de 10 bits et d'un maximum de 162MSPS, ce qui permet d'am\u00e9liorer consid\u00e9rablement les niveaux de noir et de blanc, d'obtenir des transitions de couleurs \u00e9clatantes et d'\u00e9largir la plage dynamique pour des images HD in\u00e9gal\u00e9es.<\/p>\n<p>Gr\u00e2ce \u00e0 l'auto-d\u00e9tection et \u00e0 l'auto-conversion des signaux composites, la qualit\u00e9 visuelle est \u00e9galement tout \u00e0 fait spectaculaire.<\/p>\n<p>Gr\u00e2ce \u00e0 sa taille compacte, notre adaptateur 3 RCA vers HDMI est facile \u00e0 installer, il suffit de le brancher et de le faire fonctionner.<\/p>\n<p>Ses caract\u00e9ristiques :<\/p>\n<ul>\n<li>Port d'entr\u00e9e : 3xRCA (jaune, blanc, rouge) ;<\/li>\n<li>Ports de sortie : 1xHDMI ;<\/li>\n<li>Dimensions (mm) : 66(D) x55(L) x20(H) ;<\/li>\n<li>R\u00e9solution d'entr\u00e9e HDMI : PAL, NTSC3.58, NTSC4.43, SECAM, PAL\/M, PAL\/N ;<\/li>\n<\/ul>\n<p>En outre, il ne p\u00e8se que 40 g et prend en charge de nombreux formats de t\u00e9l\u00e9vision. En bref, contactez-nous d\u00e8s aujourd'hui et am\u00e9liorez votre offre avec cette technologie de pointe.<\/p>","protected":false},"excerpt":{"rendered":"<p>D\u00e9couvrez la puissance d&#039;une int\u00e9gration transparente avec l&#039;adaptateur 3 RCA vers HDMI de FARSINCE, offrant des couleurs, des d\u00e9tails et une r\u00e9solution HD 1080p am\u00e9lior\u00e9s.<\/p>","protected":false},"featured_media":16255,"template":"","meta":{"_acf_changed":false,"_seopress_robots_primary_cat":"","_seopress_titles_title":"Best Converter AV Composite 3 RCA to HDMI Adapter - Farsince","_seopress_titles_desc":"","_seopress_robots_index":"","site-sidebar-layout":"default","site-content-layout":"default","ast-site-content-layout":"default","site-content-style":"default","site-sidebar-style":"default","ast-global-header-display":"","ast-banner-title-visibility":"","ast-main-header-display":"","ast-hfb-above-header-display":"","ast-hfb-below-header-display":"","ast-hfb-mobile-header-display":"","site-post-title":"","ast-breadcrumbs-content":"","ast-featured-img":"","footer-sml-layout":"","ast-disable-related-posts":"","theme-transparent-header-meta":"default","adv-header-id-meta":"","stick-header-meta":"","header-above-stick-meta":"","header-main-stick-meta":"","header-below-stick-meta":"","astra-migrate-meta-layouts":"set","ast-page-background-enabled":"default","ast-page-background-meta":{"desktop":{"background-color":"","background-image":"","background-repeat":"repeat","background-position":"center center","background-size":"auto","background-attachment":"scroll","background-type":"","background-media":"","overlay-type":"","overlay-color":"","overlay-opacity":"","overlay-gradient":""},"tablet":{"background-color":"","background-image":"","background-repeat":"repeat","background-position":"center center","background-size":"auto","background-attachment":"scroll","background-type":"","background-media":"","overlay-type":"","overlay-color":"","overlay-opacity":"","overlay-gradient":""},"mobile":{"background-color":"","background-image":"","background-repeat":"repeat","background-position":"center center","background-size":"auto","background-attachment":"scroll","background-type":"","background-media":"","overlay-type":"","overlay-color":"","overlay-opacity":"","overlay-gradient":""}},"ast-content-background-meta":{"desktop":{"background-color":"var(--ast-global-color-5)","background-image":"","background-repeat":"repeat","background-position":"center center","background-size":"auto","background-attachment":"scroll","background-type":"","background-media":"","overlay-type":"","overlay-color":"","overlay-opacity":"","overlay-gradient":""},"tablet":{"background-color":"var(--ast-global-color-5)","background-image":"","background-repeat":"repeat","background-position":"center center","background-size":"auto","background-attachment":"scroll","background-type":"","background-media":"","overlay-type":"","overlay-color":"","overlay-opacity":"","overlay-gradient":""},"mobile":{"background-color":"var(--ast-global-color-5)","background-image":"","background-repeat":"repeat","background-position":"center center","background-size":"auto","background-attachment":"scroll","background-type":"","background-media":"","overlay-type":"","overlay-color":"","overlay-opacity":"","overlay-gradient":""}},"iawp_total_views":48},"product_brand":[],"product_cat":[211,673],"product_tag":[],"class_list":{"0":"post-16228","1":"product","2":"type-product","3":"status-publish","4":"has-post-thumbnail","6":"product_cat-hdmi","7":"product_cat-hdmi-devices","8":"desktop-align-left","9":"tablet-align-left","10":"mobile-align-left","12":"first","13":"instock","14":"shipping-taxable","15":"purchasable","16":"product-type-simple"},"acf":[],"_links":{"self":[{"href":"https:\/\/www.fjpremium.com\/fr\/wp-json\/wp\/v2\/product\/16228","targetHints":{"allow":["GET"]}}],"collection":[{"href":"https:\/\/www.fjpremium.com\/fr\/wp-json\/wp\/v2\/product"}],"about":[{"href":"https:\/\/www.fjpremium.com\/fr\/wp-json\/wp\/v2\/types\/product"}],"wp:featuredmedia":[{"embeddable":true,"href":"https:\/\/www.fjpremium.com\/fr\/wp-json\/wp\/v2\/media\/16255"}],"wp:attachment":[{"href":"https:\/\/www.fjpremium.com\/fr\/wp-json\/wp\/v2\/media?parent=16228"}],"wp:term":[{"taxonomy":"product_brand","embeddable":true,"href":"https:\/\/www.fjpremium.com\/fr\/wp-json\/wp\/v2\/product_brand?post=16228"},{"taxonomy":"product_cat","embeddable":true,"href":"https:\/\/www.fjpremium.com\/fr\/wp-json\/wp\/v2\/product_cat?post=16228"},{"taxonomy":"product_tag","embeddable":true,"href":"https:\/\/www.fjpremium.com\/fr\/wp-json\/wp\/v2\/product_tag?post=16228"}],"curies":[{"name":"wp","href":"https:\/\/api.w.org\/{rel}","templated":true}]}}