{"id":16227,"date":"2020-09-09T11:03:26","date_gmt":"2020-09-09T03:03:26","guid":{"rendered":"https:\/\/www.fjpremium.com\/?post_type=product&#038;p=16227"},"modified":"2023-12-22T16:24:54","modified_gmt":"2023-12-22T08:24:54","slug":"hdmi-to-av-converter","status":"publish","type":"product","link":"https:\/\/www.fjpremium.com\/fr\/product\/hdmi-to-av-converter\/","title":{"rendered":"C\u00e2ble HDMI vers 3 RCA Mini convertisseur vid\u00e9o audio AV \u00e0 un prix tr\u00e8s avantageux"},"content":{"rendered":"<p>Con\u00e7u avec soin pour faire le lien entre le moderne et le classique, notre convertisseur transforme sans effort les signaux vid\u00e9o ou audio HDMI de haute qualit\u00e9 en signaux vid\u00e9o composites AV (CVBS) et en signaux audio st\u00e9r\u00e9o FL\/FR.<\/p>\n<p>Gr\u00e2ce \u00e0 lui, vous profiterez de la clart\u00e9 cristalline des vid\u00e9os HDMI sur les plateformes traditionnelles, qu'il s'agisse de votre t\u00e9l\u00e9viseur, d'un magn\u00e9toscope VHS ou d'un enregistreur DVD. De plus, que vous soyez sur le spectre NTSC ou PAL, il assure une compatibilit\u00e9 sans faille.<\/p>\n<p>Ses caract\u00e9ristiques :<\/p>\n<ul>\n<li>Dimensions (mm) : 66(D) x55(L) x20(H) ;<\/li>\n<li>Wight (g) : 40 ;<\/li>\n<li>R\u00e9solution d'entr\u00e9e HDMI :<\/li>\n<\/ul>\n<p>640\u00d7480@60Hz,800\u00d7600@60Hz,<\/p>\n<p>1024\u00d7768@60Hz,1280\u00d7720@60Hz,<\/p>\n<p>1280\u00d71024@60Hz,1360\u00d7768@60Hz,<\/p>\n<p>1600\u00d71200@60Hz,1920\u00d71080@60Hz,<\/p>\n<p>480i\/60Hz, 480p\/60Hz, 576i\/60Hz, 576p\/60Hz,<\/p>\n<p>720p50\/60Hz,1080I50\/60Hz, 1080p50\/60Hz.<\/p>\n<p>Ce c\u00e2ble HDMI vers 3 RCA AV est compact, pratique et ne n\u00e9cessite pas d'alimentation externe, ce qui vous permet de profiter au mieux de la conversion sans vous ruiner. En r\u00e9sum\u00e9, contactez-nous d\u00e8s aujourd'hui et investissez dans ce c\u00e2ble.<\/p>","protected":false},"excerpt":{"rendered":"<p>Le c\u00e2ble HDMI vers 3 RCA AV de FARSINCE vous permet de b\u00e9n\u00e9ficier d'une connectivit\u00e9 transparente et d'apporter des visuels modernes aux plates-formes traditionnelles.<\/p>","protected":false},"featured_media":16247,"template":"","meta":{"_acf_changed":false,"_seopress_robots_primary_cat":"","_seopress_titles_title":"Best HDMI to 3 RCA AV Cable %%sep%% %%sitetitle%%","_seopress_titles_desc":"","_seopress_robots_index":"","site-sidebar-layout":"default","site-content-layout":"default","ast-site-content-layout":"default","site-content-style":"default","site-sidebar-style":"default","ast-global-header-display":"","ast-banner-title-visibility":"","ast-main-header-display":"","ast-hfb-above-header-display":"","ast-hfb-below-header-display":"","ast-hfb-mobile-header-display":"","site-post-title":"","ast-breadcrumbs-content":"","ast-featured-img":"","footer-sml-layout":"","ast-disable-related-posts":"","theme-transparent-header-meta":"default","adv-header-id-meta":"","stick-header-meta":"","header-above-stick-meta":"","header-main-stick-meta":"","header-below-stick-meta":"","astra-migrate-meta-layouts":"set","ast-page-background-enabled":"default","ast-page-background-meta":{"desktop":{"background-color":"","background-image":"","background-repeat":"repeat","background-position":"center center","background-size":"auto","background-attachment":"scroll","background-type":"","background-media":"","overlay-type":"","overlay-color":"","overlay-opacity":"","overlay-gradient":""},"tablet":{"background-color":"","background-image":"","background-repeat":"repeat","background-position":"center center","background-size":"auto","background-attachment":"scroll","background-type":"","background-media":"","overlay-type":"","overlay-color":"","overlay-opacity":"","overlay-gradient":""},"mobile":{"background-color":"","background-image":"","background-repeat":"repeat","background-position":"center center","background-size":"auto","background-attachment":"scroll","background-type":"","background-media":"","overlay-type":"","overlay-color":"","overlay-opacity":"","overlay-gradient":""}},"ast-content-background-meta":{"desktop":{"background-color":"var(--ast-global-color-5)","background-image":"","background-repeat":"repeat","background-position":"center center","background-size":"auto","background-attachment":"scroll","background-type":"","background-media":"","overlay-type":"","overlay-color":"","overlay-opacity":"","overlay-gradient":""},"tablet":{"background-color":"var(--ast-global-color-5)","background-image":"","background-repeat":"repeat","background-position":"center center","background-size":"auto","background-attachment":"scroll","background-type":"","background-media":"","overlay-type":"","overlay-color":"","overlay-opacity":"","overlay-gradient":""},"mobile":{"background-color":"var(--ast-global-color-5)","background-image":"","background-repeat":"repeat","background-position":"center center","background-size":"auto","background-attachment":"scroll","background-type":"","background-media":"","overlay-type":"","overlay-color":"","overlay-opacity":"","overlay-gradient":""}},"iawp_total_views":4},"product_brand":[],"product_cat":[211,673],"product_tag":[],"class_list":{"0":"post-16227","1":"product","2":"type-product","3":"status-publish","4":"has-post-thumbnail","6":"product_cat-hdmi","7":"product_cat-hdmi-devices","8":"desktop-align-left","9":"tablet-align-left","10":"mobile-align-left","12":"first","13":"instock","14":"shipping-taxable","15":"purchasable","16":"product-type-simple"},"acf":[],"_links":{"self":[{"href":"https:\/\/www.fjpremium.com\/fr\/wp-json\/wp\/v2\/product\/16227","targetHints":{"allow":["GET"]}}],"collection":[{"href":"https:\/\/www.fjpremium.com\/fr\/wp-json\/wp\/v2\/product"}],"about":[{"href":"https:\/\/www.fjpremium.com\/fr\/wp-json\/wp\/v2\/types\/product"}],"wp:featuredmedia":[{"embeddable":true,"href":"https:\/\/www.fjpremium.com\/fr\/wp-json\/wp\/v2\/media\/16247"}],"wp:attachment":[{"href":"https:\/\/www.fjpremium.com\/fr\/wp-json\/wp\/v2\/media?parent=16227"}],"wp:term":[{"taxonomy":"product_brand","embeddable":true,"href":"https:\/\/www.fjpremium.com\/fr\/wp-json\/wp\/v2\/product_brand?post=16227"},{"taxonomy":"product_cat","embeddable":true,"href":"https:\/\/www.fjpremium.com\/fr\/wp-json\/wp\/v2\/product_cat?post=16227"},{"taxonomy":"product_tag","embeddable":true,"href":"https:\/\/www.fjpremium.com\/fr\/wp-json\/wp\/v2\/product_tag?post=16227"}],"curies":[{"name":"wp","href":"https:\/\/api.w.org\/{rel}","templated":true}]}}