{"id":16225,"date":"2020-09-09T11:03:22","date_gmt":"2020-09-09T03:03:22","guid":{"rendered":"https:\/\/www.fjpremium.com\/?post_type=product&#038;p=16225"},"modified":"2023-12-22T16:25:59","modified_gmt":"2023-12-22T08:25:59","slug":"hdmi-3-in-1-switch","status":"publish","type":"product","link":"https:\/\/www.fjpremium.com\/fr\/product\/hdmi-3-in-1-switch\/","title":{"rendered":"3 in 1 Out HDMI Switch 4k UHD with Best price"},"content":{"rendered":"<p>Con\u00e7u pour connecter trois appareils HDMI, qu'il s'agisse d'un lecteur Blu-Ray, d'une console de jeu ou de tout autre appareil audio\/vid\u00e9o, \u00e0 un seul \u00e9cran HDMI, ce commutateur HDMI 4k UHD permet de commuter facilement les signaux HDMI de trois groupes.<\/p>\n<p>Gr\u00e2ce \u00e0 la t\u00e9l\u00e9commande qui l'accompagne, il n'est plus n\u00e9cessaire de le brancher et de le d\u00e9brancher en permanence.<\/p>\n<p>L'appareil pr\u00eat \u00e0 l'emploi prend en charge la 3D et les r\u00e9solutions vid\u00e9o jusqu'\u00e0 4Kx2K@30Hz, ce qui permet d'obtenir un affichage impressionnant \u00e0 chaque fois.<\/p>\n<p>Sa compatibilit\u00e9 avec le DVI \u00e0 l'aide d'un adaptateur HDMI vers DVI et son adh\u00e9sion au protocole HDCP en font un atout pour tout grossiste.<\/p>\n<p>En outre, il est enferm\u00e9 dans un bo\u00eetier m\u00e9tallique blind\u00e9, ce qui garantit l'int\u00e9grit\u00e9 du signal, et il est assorti d'une garantie de 2 ans de notre part. En conclusion, contactez-nous d\u00e8s aujourd'hui et investissez dans ce produit.<\/p>","protected":false},"excerpt":{"rendered":"<p>Lib\u00e9rez la connectivit\u00e9 avec le commutateur HDMI 4k UHD 3 entr\u00e9es et 1 sortie de FARSINCE, qui prend en charge les r\u00e9solutions 3D et 4K et permet de basculer facilement entre trois appareils HDMI.<\/p>","protected":false},"featured_media":16231,"template":"","meta":{"_acf_changed":false,"_seopress_robots_primary_cat":"","_seopress_titles_title":"3 in 1 Out HDMI Switch 4k UHD with Best price - FARSINCE","_seopress_titles_desc":"","_seopress_robots_index":"","site-sidebar-layout":"default","site-content-layout":"default","ast-site-content-layout":"default","site-content-style":"default","site-sidebar-style":"default","ast-global-header-display":"","ast-banner-title-visibility":"","ast-main-header-display":"","ast-hfb-above-header-display":"","ast-hfb-below-header-display":"","ast-hfb-mobile-header-display":"","site-post-title":"","ast-breadcrumbs-content":"","ast-featured-img":"","footer-sml-layout":"","ast-disable-related-posts":"","theme-transparent-header-meta":"default","adv-header-id-meta":"","stick-header-meta":"","header-above-stick-meta":"","header-main-stick-meta":"","header-below-stick-meta":"","astra-migrate-meta-layouts":"set","ast-page-background-enabled":"default","ast-page-background-meta":{"desktop":{"background-color":"","background-image":"","background-repeat":"repeat","background-position":"center center","background-size":"auto","background-attachment":"scroll","background-type":"","background-media":"","overlay-type":"","overlay-color":"","overlay-opacity":"","overlay-gradient":""},"tablet":{"background-color":"","background-image":"","background-repeat":"repeat","background-position":"center center","background-size":"auto","background-attachment":"scroll","background-type":"","background-media":"","overlay-type":"","overlay-color":"","overlay-opacity":"","overlay-gradient":""},"mobile":{"background-color":"","background-image":"","background-repeat":"repeat","background-position":"center center","background-size":"auto","background-attachment":"scroll","background-type":"","background-media":"","overlay-type":"","overlay-color":"","overlay-opacity":"","overlay-gradient":""}},"ast-content-background-meta":{"desktop":{"background-color":"var(--ast-global-color-5)","background-image":"","background-repeat":"repeat","background-position":"center center","background-size":"auto","background-attachment":"scroll","background-type":"","background-media":"","overlay-type":"","overlay-color":"","overlay-opacity":"","overlay-gradient":""},"tablet":{"background-color":"var(--ast-global-color-5)","background-image":"","background-repeat":"repeat","background-position":"center center","background-size":"auto","background-attachment":"scroll","background-type":"","background-media":"","overlay-type":"","overlay-color":"","overlay-opacity":"","overlay-gradient":""},"mobile":{"background-color":"var(--ast-global-color-5)","background-image":"","background-repeat":"repeat","background-position":"center center","background-size":"auto","background-attachment":"scroll","background-type":"","background-media":"","overlay-type":"","overlay-color":"","overlay-opacity":"","overlay-gradient":""}},"iawp_total_views":3},"product_brand":[],"product_cat":[211,673],"product_tag":[],"class_list":{"0":"post-16225","1":"product","2":"type-product","3":"status-publish","4":"has-post-thumbnail","6":"product_cat-hdmi","7":"product_cat-hdmi-devices","8":"desktop-align-left","9":"tablet-align-left","10":"mobile-align-left","12":"first","13":"instock","14":"shipping-taxable","15":"purchasable","16":"product-type-simple"},"acf":[],"_links":{"self":[{"href":"https:\/\/www.fjpremium.com\/fr\/wp-json\/wp\/v2\/product\/16225","targetHints":{"allow":["GET"]}}],"collection":[{"href":"https:\/\/www.fjpremium.com\/fr\/wp-json\/wp\/v2\/product"}],"about":[{"href":"https:\/\/www.fjpremium.com\/fr\/wp-json\/wp\/v2\/types\/product"}],"wp:featuredmedia":[{"embeddable":true,"href":"https:\/\/www.fjpremium.com\/fr\/wp-json\/wp\/v2\/media\/16231"}],"wp:attachment":[{"href":"https:\/\/www.fjpremium.com\/fr\/wp-json\/wp\/v2\/media?parent=16225"}],"wp:term":[{"taxonomy":"product_brand","embeddable":true,"href":"https:\/\/www.fjpremium.com\/fr\/wp-json\/wp\/v2\/product_brand?post=16225"},{"taxonomy":"product_cat","embeddable":true,"href":"https:\/\/www.fjpremium.com\/fr\/wp-json\/wp\/v2\/product_cat?post=16225"},{"taxonomy":"product_tag","embeddable":true,"href":"https:\/\/www.fjpremium.com\/fr\/wp-json\/wp\/v2\/product_tag?post=16225"}],"curies":[{"name":"wp","href":"https:\/\/api.w.org\/{rel}","templated":true}]}}