{"id":16206,"date":"2020-09-09T10:57:02","date_gmt":"2020-09-09T02:57:02","guid":{"rendered":"https:\/\/www.fjpremium.com\/?post_type=product&#038;p=16206"},"modified":"2023-10-07T14:46:56","modified_gmt":"2023-10-07T06:46:56","slug":"automotive-hdmi-a-to-type-e-cable-2","status":"publish","type":"product","link":"https:\/\/www.fjpremium.com\/fr\/product\/automotive-hdmi-a-to-type-e-cable-2\/","title":{"rendered":"C\u00e2ble HDMI Type E pour l'automobile"},"content":{"rendered":"<p>Con\u00e7u pour les solutions d'infodivertissement et de m\u00e9dias HD de nouvelle g\u00e9n\u00e9ration, notre c\u00e2ble relie les \u00e9crans au syst\u00e8me multim\u00e9dia de votre v\u00e9hicule de mani\u00e8re transparente.<\/p>\n<p>Avec une compatibilit\u00e9 HDMI 1.4 et un transfert de donn\u00e9es jusqu'\u00e0 10,2 Gbps, il offre des performances sup\u00e9rieures.<\/p>\n<p>Vous pouvez \u00e9galement profiter d'une r\u00e9solution \u00e9poustouflante de 3840 x 2160 \u00e0 30 Hz et vous immerger dans la prise en charge Dolby\u00ae TrueHD et DTS-HD Master Audio.<\/p>\n<p>Le m\u00e9canisme de verrouillage du connecteur HDMI-E garantit sa durabilit\u00e9 face aux fluctuations de temp\u00e9rature, aux vibrations et \u00e0 l'humidit\u00e9.<\/p>\n<p>Ses caract\u00e9ristiques :<\/p>\n<ul>\n<li>Conducteur du c\u00e2ble : Cuivre nu<\/li>\n<li>Calibre du fil : 30AWG<\/li>\n<li>Blindage : Feuille d'aluminium, tresse<\/li>\n<li>Gaine : PVC<\/li>\n<li>Conforme : RoHS, REACH<\/li>\n<\/ul>\n<p>De plus, ses contacts plaqu\u00e9s or garantissent une transmission fiable du signal. Alors, contactez-nous d\u00e8s aujourd'hui et am\u00e9liorez le divertissement automobile avec ce c\u00e2ble HDMI de type E.<\/p>","protected":false},"excerpt":{"rendered":"<p>Transformez le multim\u00e9dia du v\u00e9hicule avec le c\u00e2ble HDMI automobile de type E FARSINCE, prometteur de fiabilit\u00e9 et de robustesse.<\/p>","protected":false},"featured_media":16209,"template":"","meta":{"_acf_changed":false,"_seopress_robots_primary_cat":"","_seopress_titles_title":"Best Automotive HDMI Type E Cable - FARSINCE","_seopress_titles_desc":"","_seopress_robots_index":"","site-sidebar-layout":"default","site-content-layout":"default","ast-site-content-layout":"default","site-content-style":"default","site-sidebar-style":"default","ast-global-header-display":"","ast-banner-title-visibility":"","ast-main-header-display":"","ast-hfb-above-header-display":"","ast-hfb-below-header-display":"","ast-hfb-mobile-header-display":"","site-post-title":"","ast-breadcrumbs-content":"","ast-featured-img":"","footer-sml-layout":"","ast-disable-related-posts":"","theme-transparent-header-meta":"default","adv-header-id-meta":"","stick-header-meta":"","header-above-stick-meta":"","header-main-stick-meta":"","header-below-stick-meta":"","astra-migrate-meta-layouts":"set","ast-page-background-enabled":"default","ast-page-background-meta":{"desktop":{"background-color":"","background-image":"","background-repeat":"repeat","background-position":"center center","background-size":"auto","background-attachment":"scroll","background-type":"","background-media":"","overlay-type":"","overlay-color":"","overlay-opacity":"","overlay-gradient":""},"tablet":{"background-color":"","background-image":"","background-repeat":"repeat","background-position":"center center","background-size":"auto","background-attachment":"scroll","background-type":"","background-media":"","overlay-type":"","overlay-color":"","overlay-opacity":"","overlay-gradient":""},"mobile":{"background-color":"","background-image":"","background-repeat":"repeat","background-position":"center center","background-size":"auto","background-attachment":"scroll","background-type":"","background-media":"","overlay-type":"","overlay-color":"","overlay-opacity":"","overlay-gradient":""}},"ast-content-background-meta":{"desktop":{"background-color":"var(--ast-global-color-5)","background-image":"","background-repeat":"repeat","background-position":"center center","background-size":"auto","background-attachment":"scroll","background-type":"","background-media":"","overlay-type":"","overlay-color":"","overlay-opacity":"","overlay-gradient":""},"tablet":{"background-color":"var(--ast-global-color-5)","background-image":"","background-repeat":"repeat","background-position":"center center","background-size":"auto","background-attachment":"scroll","background-type":"","background-media":"","overlay-type":"","overlay-color":"","overlay-opacity":"","overlay-gradient":""},"mobile":{"background-color":"var(--ast-global-color-5)","background-image":"","background-repeat":"repeat","background-position":"center center","background-size":"auto","background-attachment":"scroll","background-type":"","background-media":"","overlay-type":"","overlay-color":"","overlay-opacity":"","overlay-gradient":""}},"iawp_total_views":13},"product_brand":[],"product_cat":[211],"product_tag":[],"class_list":{"0":"post-16206","1":"product","2":"type-product","3":"status-publish","4":"has-post-thumbnail","6":"product_cat-hdmi","7":"desktop-align-left","8":"tablet-align-left","9":"mobile-align-left","11":"first","12":"instock","13":"shipping-taxable","14":"purchasable","15":"product-type-simple"},"acf":[],"_links":{"self":[{"href":"https:\/\/www.fjpremium.com\/fr\/wp-json\/wp\/v2\/product\/16206","targetHints":{"allow":["GET"]}}],"collection":[{"href":"https:\/\/www.fjpremium.com\/fr\/wp-json\/wp\/v2\/product"}],"about":[{"href":"https:\/\/www.fjpremium.com\/fr\/wp-json\/wp\/v2\/types\/product"}],"wp:featuredmedia":[{"embeddable":true,"href":"https:\/\/www.fjpremium.com\/fr\/wp-json\/wp\/v2\/media\/16209"}],"wp:attachment":[{"href":"https:\/\/www.fjpremium.com\/fr\/wp-json\/wp\/v2\/media?parent=16206"}],"wp:term":[{"taxonomy":"product_brand","embeddable":true,"href":"https:\/\/www.fjpremium.com\/fr\/wp-json\/wp\/v2\/product_brand?post=16206"},{"taxonomy":"product_cat","embeddable":true,"href":"https:\/\/www.fjpremium.com\/fr\/wp-json\/wp\/v2\/product_cat?post=16206"},{"taxonomy":"product_tag","embeddable":true,"href":"https:\/\/www.fjpremium.com\/fr\/wp-json\/wp\/v2\/product_tag?post=16206"}],"curies":[{"name":"wp","href":"https:\/\/api.w.org\/{rel}","templated":true}]}}