{"id":16184,"date":"2020-09-09T10:51:56","date_gmt":"2020-09-09T02:51:56","guid":{"rendered":"https:\/\/www.fjpremium.com\/?post_type=product&#038;p=16184"},"modified":"2023-10-10T10:00:01","modified_gmt":"2023-10-10T02:00:01","slug":"hdmi-raw-cable-for-diy-application","status":"publish","type":"product","link":"https:\/\/www.fjpremium.com\/fr\/product\/hdmi-raw-cable-for-diy-application\/","title":{"rendered":"VW-1 PVC sans halog\u00e8ne HDMI 1.4v 2.0v Rouleau de c\u00e2ble pour installation DIY et syst\u00e8me de sertissage 28AWG 26AWG 24AWG"},"content":{"rendered":"<p>Ce rouleau de c\u00e2ble HDMI brut est sp\u00e9cialement con\u00e7u pour les bricoleurs et les professionnels qui souhaitent r\u00e9aliser des installations de pr\u00e9cision.<\/p>\n<p>Con\u00e7u \u00e0 la perfection, il adh\u00e8re non seulement aux normes de certification UL VW-1, mais adopte \u00e9galement les fonctions r\u00e9volutionnaires HDMI 2.0, promettant une exp\u00e9rience in\u00e9gal\u00e9e en 4K@60Hz, des visuels 3D, et bien plus encore.<\/p>\n<p>Ses caract\u00e9ristiques :<\/p>\n<ul>\n<li>Connecteur 1 : N\/M<\/li>\n<li>Connecteur 2 : N\/M<\/li>\n<li>Conducteur du c\u00e2ble : Cuivre nu<\/li>\n<li>Calibre des fils : 28AWG\/26AWG\/24AWG<\/li>\n<li>Blindage : Feuille d'aluminium, tresse<\/li>\n<li>Gaine : PVC, VW-1<\/li>\n<li>Conforme : RoHS, REACH<\/li>\n<\/ul>\n<p>Qu'il s'agisse d'installer un home cin\u00e9ma, de r\u00e9nover un syst\u00e8me audio-vid\u00e9o professionnel ou de se lancer dans un projet de bricolage, il garantit un m\u00e9lange de durabilit\u00e9, de qualit\u00e9 et de hautes performances, le tout r\u00e9uni en un seul produit.<\/p>\n<p>Alors, contactez-nous d\u00e8s aujourd'hui et commandez le produit.<\/p>","protected":false},"excerpt":{"rendered":"<p>\u00c9levez les projets de bricolage et d&#039;installation avec le rouleau de c\u00e2ble brut HDMI de FARSINCE, certifi\u00e9 UL VW-1 et dot\u00e9 de fonctionnalit\u00e9s HDMI 2.0 enrichies.<\/p>","protected":false},"featured_media":16198,"template":"","meta":{"_acf_changed":false,"_seopress_robots_primary_cat":"","_seopress_titles_title":"HDMI 1.4v 2.0v Cable Wire Roll for DIY Installation and Crimping System %%sep%% %%sitetitle%%","_seopress_titles_desc":"","_seopress_robots_index":"","site-sidebar-layout":"default","site-content-layout":"default","ast-site-content-layout":"default","site-content-style":"default","site-sidebar-style":"default","ast-global-header-display":"","ast-banner-title-visibility":"","ast-main-header-display":"","ast-hfb-above-header-display":"","ast-hfb-below-header-display":"","ast-hfb-mobile-header-display":"","site-post-title":"","ast-breadcrumbs-content":"","ast-featured-img":"","footer-sml-layout":"","ast-disable-related-posts":"","theme-transparent-header-meta":"default","adv-header-id-meta":"","stick-header-meta":"","header-above-stick-meta":"","header-main-stick-meta":"","header-below-stick-meta":"","astra-migrate-meta-layouts":"set","ast-page-background-enabled":"default","ast-page-background-meta":{"desktop":{"background-color":"","background-image":"","background-repeat":"repeat","background-position":"center center","background-size":"auto","background-attachment":"scroll","background-type":"","background-media":"","overlay-type":"","overlay-color":"","overlay-opacity":"","overlay-gradient":""},"tablet":{"background-color":"","background-image":"","background-repeat":"repeat","background-position":"center center","background-size":"auto","background-attachment":"scroll","background-type":"","background-media":"","overlay-type":"","overlay-color":"","overlay-opacity":"","overlay-gradient":""},"mobile":{"background-color":"","background-image":"","background-repeat":"repeat","background-position":"center center","background-size":"auto","background-attachment":"scroll","background-type":"","background-media":"","overlay-type":"","overlay-color":"","overlay-opacity":"","overlay-gradient":""}},"ast-content-background-meta":{"desktop":{"background-color":"var(--ast-global-color-5)","background-image":"","background-repeat":"repeat","background-position":"center center","background-size":"auto","background-attachment":"scroll","background-type":"","background-media":"","overlay-type":"","overlay-color":"","overlay-opacity":"","overlay-gradient":""},"tablet":{"background-color":"var(--ast-global-color-5)","background-image":"","background-repeat":"repeat","background-position":"center center","background-size":"auto","background-attachment":"scroll","background-type":"","background-media":"","overlay-type":"","overlay-color":"","overlay-opacity":"","overlay-gradient":""},"mobile":{"background-color":"var(--ast-global-color-5)","background-image":"","background-repeat":"repeat","background-position":"center center","background-size":"auto","background-attachment":"scroll","background-type":"","background-media":"","overlay-type":"","overlay-color":"","overlay-opacity":"","overlay-gradient":""}},"iawp_total_views":45},"product_brand":[],"product_cat":[211],"product_tag":[],"class_list":{"0":"post-16184","1":"product","2":"type-product","3":"status-publish","4":"has-post-thumbnail","6":"product_cat-hdmi","7":"desktop-align-left","8":"tablet-align-left","9":"mobile-align-left","11":"first","12":"instock","13":"shipping-taxable","14":"purchasable","15":"product-type-simple"},"acf":[],"_links":{"self":[{"href":"https:\/\/www.fjpremium.com\/fr\/wp-json\/wp\/v2\/product\/16184","targetHints":{"allow":["GET"]}}],"collection":[{"href":"https:\/\/www.fjpremium.com\/fr\/wp-json\/wp\/v2\/product"}],"about":[{"href":"https:\/\/www.fjpremium.com\/fr\/wp-json\/wp\/v2\/types\/product"}],"wp:featuredmedia":[{"embeddable":true,"href":"https:\/\/www.fjpremium.com\/fr\/wp-json\/wp\/v2\/media\/16198"}],"wp:attachment":[{"href":"https:\/\/www.fjpremium.com\/fr\/wp-json\/wp\/v2\/media?parent=16184"}],"wp:term":[{"taxonomy":"product_brand","embeddable":true,"href":"https:\/\/www.fjpremium.com\/fr\/wp-json\/wp\/v2\/product_brand?post=16184"},{"taxonomy":"product_cat","embeddable":true,"href":"https:\/\/www.fjpremium.com\/fr\/wp-json\/wp\/v2\/product_cat?post=16184"},{"taxonomy":"product_tag","embeddable":true,"href":"https:\/\/www.fjpremium.com\/fr\/wp-json\/wp\/v2\/product_tag?post=16184"}],"curies":[{"name":"wp","href":"https:\/\/api.w.org\/{rel}","templated":true}]}}