{"id":16183,"date":"2020-09-09T10:51:54","date_gmt":"2020-09-09T02:51:54","guid":{"rendered":"https:\/\/www.fjpremium.com\/?post_type=product&#038;p=16183"},"modified":"2024-05-14T17:15:29","modified_gmt":"2024-05-14T09:15:29","slug":"automotive-hdmi-a-to-type-e-cable","status":"publish","type":"product","link":"https:\/\/www.fjpremium.com\/fr\/product\/automotive-hdmi-a-to-type-e-cable\/","title":{"rendered":"C\u00e2ble adaptateur de connecteur HDMI de Type E m\u00e2le \u00e0 m\u00e2le de Type E pour automobile"},"content":{"rendered":"<p>Le c\u00e2ble adaptateur de connecteur HDMI de type E automobile HDMI A m\u00e2le vers E type m\u00e2le est un incontournable pour tout propri\u00e9taire de voiture qui souhaite profiter d&#039;un son et d&#039;une vid\u00e9o de haute qualit\u00e9 dans son v\u00e9hicule.<\/p>\n<p>Ce c\u00e2ble vous permet de connecter vos appareils compatibles HDMI, tels que les smartphones, les tablettes et les ordinateurs portables, au syst\u00e8me de divertissement de votre voiture, offrant ainsi une exp\u00e9rience de streaming transparente et pratique.<\/p>\n<p>Avec sa construction durable et ses mat\u00e9riaux de haute qualit\u00e9, ce c\u00e2ble est con\u00e7u pour r\u00e9sister aux rigueurs de l'utilisation en voiture.<\/p>\n<p>Il est disponible en longueurs de 0,5 m, 1 m, 1,5 m, 2 m et 3 m, ce qui permet de l'adapter \u00e0 diff\u00e9rentes tailles et configurations de voitures.<\/p>\n<p>Les options de couleur noire et blanche permettent de l'assortir facilement \u00e0 n'importe quelle d\u00e9coration d'int\u00e9rieur.<\/p>\n<p>De plus, gr\u00e2ce \u00e0 l'option de personnalisation, vous pouvez choisir la longueur, la couleur et m\u00eame l'emballage qui correspondent le mieux \u00e0 vos besoins.<\/p>\n<p>Faites passer votre divertissement en voiture au niveau sup\u00e9rieur avec le c\u00e2ble adaptateur de connecteur HDMI de type E m\u00e2le vers type E m\u00e2le pour automobile.<\/p>","protected":false},"excerpt":{"rendered":"<p>Am\u00e9liorez votre divertissement en voiture avec le c\u00e2ble adaptateur de connecteur HDMI de type E m\u00e2le vers type E m\u00e2le pour automobile. Connectez vos appareils au syst\u00e8me de divertissement de votre voiture pour une exp\u00e9rience de streaming fluide.<\/p>","protected":false},"featured_media":16191,"template":"","meta":{"_acf_changed":false,"_seopress_robots_primary_cat":"none","_seopress_titles_title":"HDMI Type E Connector Adapter Cable - Farsince","_seopress_titles_desc":"","_seopress_robots_index":"","site-sidebar-layout":"default","site-content-layout":"default","ast-site-content-layout":"default","site-content-style":"default","site-sidebar-style":"default","ast-global-header-display":"","ast-banner-title-visibility":"","ast-main-header-display":"","ast-hfb-above-header-display":"","ast-hfb-below-header-display":"","ast-hfb-mobile-header-display":"","site-post-title":"","ast-breadcrumbs-content":"","ast-featured-img":"","footer-sml-layout":"","ast-disable-related-posts":"","theme-transparent-header-meta":"default","adv-header-id-meta":"","stick-header-meta":"","header-above-stick-meta":"","header-main-stick-meta":"","header-below-stick-meta":"","astra-migrate-meta-layouts":"set","ast-page-background-enabled":"default","ast-page-background-meta":{"desktop":{"background-color":"","background-image":"","background-repeat":"repeat","background-position":"center center","background-size":"auto","background-attachment":"scroll","background-type":"","background-media":"","overlay-type":"","overlay-color":"","overlay-opacity":"","overlay-gradient":""},"tablet":{"background-color":"","background-image":"","background-repeat":"repeat","background-position":"center center","background-size":"auto","background-attachment":"scroll","background-type":"","background-media":"","overlay-type":"","overlay-color":"","overlay-opacity":"","overlay-gradient":""},"mobile":{"background-color":"","background-image":"","background-repeat":"repeat","background-position":"center center","background-size":"auto","background-attachment":"scroll","background-type":"","background-media":"","overlay-type":"","overlay-color":"","overlay-opacity":"","overlay-gradient":""}},"ast-content-background-meta":{"desktop":{"background-color":"var(--ast-global-color-5)","background-image":"","background-repeat":"repeat","background-position":"center center","background-size":"auto","background-attachment":"scroll","background-type":"","background-media":"","overlay-type":"","overlay-color":"","overlay-opacity":"","overlay-gradient":""},"tablet":{"background-color":"var(--ast-global-color-5)","background-image":"","background-repeat":"repeat","background-position":"center center","background-size":"auto","background-attachment":"scroll","background-type":"","background-media":"","overlay-type":"","overlay-color":"","overlay-opacity":"","overlay-gradient":""},"mobile":{"background-color":"var(--ast-global-color-5)","background-image":"","background-repeat":"repeat","background-position":"center center","background-size":"auto","background-attachment":"scroll","background-type":"","background-media":"","overlay-type":"","overlay-color":"","overlay-opacity":"","overlay-gradient":""}},"iawp_total_views":92},"product_brand":[],"product_cat":[211,638],"product_tag":[],"class_list":{"0":"post-16183","1":"product","2":"type-product","3":"status-publish","4":"has-post-thumbnail","6":"product_cat-hdmi","7":"product_cat-hdmi-cables","8":"desktop-align-left","9":"tablet-align-left","10":"mobile-align-left","12":"first","13":"instock","14":"shipping-taxable","15":"purchasable","16":"product-type-simple"},"acf":[],"_links":{"self":[{"href":"https:\/\/www.fjpremium.com\/fr\/wp-json\/wp\/v2\/product\/16183","targetHints":{"allow":["GET"]}}],"collection":[{"href":"https:\/\/www.fjpremium.com\/fr\/wp-json\/wp\/v2\/product"}],"about":[{"href":"https:\/\/www.fjpremium.com\/fr\/wp-json\/wp\/v2\/types\/product"}],"wp:featuredmedia":[{"embeddable":true,"href":"https:\/\/www.fjpremium.com\/fr\/wp-json\/wp\/v2\/media\/16191"}],"wp:attachment":[{"href":"https:\/\/www.fjpremium.com\/fr\/wp-json\/wp\/v2\/media?parent=16183"}],"wp:term":[{"taxonomy":"product_brand","embeddable":true,"href":"https:\/\/www.fjpremium.com\/fr\/wp-json\/wp\/v2\/product_brand?post=16183"},{"taxonomy":"product_cat","embeddable":true,"href":"https:\/\/www.fjpremium.com\/fr\/wp-json\/wp\/v2\/product_cat?post=16183"},{"taxonomy":"product_tag","embeddable":true,"href":"https:\/\/www.fjpremium.com\/fr\/wp-json\/wp\/v2\/product_tag?post=16183"}],"curies":[{"name":"wp","href":"https:\/\/api.w.org\/{rel}","templated":true}]}}