{"id":16129,"date":"2020-09-09T10:41:09","date_gmt":"2020-09-09T02:41:09","guid":{"rendered":"https:\/\/www.fjpremium.com\/?post_type=product&#038;p=16129"},"modified":"2023-12-14T13:45:51","modified_gmt":"2023-12-14T05:45:51","slug":"micro-hdmi-male-to-hdmi-female-coupler","status":"publish","type":"product","link":"https:\/\/www.fjpremium.com\/fr\/product\/micro-hdmi-male-to-hdmi-female-coupler\/","title":{"rendered":"Connecteur HDMI femelle vers connecteur micro HDMI m\u00e2le Adaptateur HDMI in out Coupler"},"content":{"rendered":"<p>Ce coupleur d'adaptateur d'entr\u00e9e et de sortie HDMI permet de fusionner sans probl\u00e8me un c\u00e2ble HDMI avec un port Micro HDMI. Il constitue la pierre angulaire de l'adaptabilit\u00e9 des appareils tels que les ordinateurs portables, les drones ou les reflex num\u00e9riques.<\/p>\n<p>Il transcende les limites de la taille de l'\u00e9cran en canalisant les images d'un appareil compact sur des \u00e9crans de grande taille.<\/p>\n<p>Avec la prise en charge de r\u00e9solutions allant jusqu'\u00e0 un remarquable 4Kx2K (UHD) et des fonctionnalit\u00e9s telles que l'audio True HD 7.1 et la vid\u00e9o 3D, chaque pixel chante une chanson de clart\u00e9.<\/p>\n<p>Ses caract\u00e9ristiques :<\/p>\n<ul>\n<li>Connecteur 1 : Micro HDMI m\u00e2le<\/li>\n<li>Connecteur 2 : HDMI femelle<\/li>\n<li>Bo\u00eetier : Moulage plastique<\/li>\n<\/ul>\n<p>En outre, l'architecture plaqu\u00e9e or garantit la long\u00e9vit\u00e9, tandis que les bandes de roulement donnent la priorit\u00e9 \u00e0 la convivialit\u00e9. N'h\u00e9sitez donc pas \u00e0 nous contacter d\u00e8s aujourd'hui pour commander le coupleur adaptateur.<\/p>","protected":false},"excerpt":{"rendered":"<p>Am\u00e9liorez la connectivit\u00e9 avec le coupleur adaptateur entr\u00e9e\/sortie HDMI de FARSINCE, aux accents dor\u00e9s, convivial et con\u00e7u pour une r\u00e9solution sup\u00e9rieure.<\/p>","protected":false},"featured_media":16149,"template":"","meta":{"_acf_changed":false,"_seopress_robots_primary_cat":"","_seopress_titles_title":"HDMI in out Adapter Coupler %%sep%% %%sitetitle%%","_seopress_titles_desc":"","_seopress_robots_index":"","site-sidebar-layout":"default","site-content-layout":"default","ast-site-content-layout":"default","site-content-style":"default","site-sidebar-style":"default","ast-global-header-display":"","ast-banner-title-visibility":"","ast-main-header-display":"","ast-hfb-above-header-display":"","ast-hfb-below-header-display":"","ast-hfb-mobile-header-display":"","site-post-title":"","ast-breadcrumbs-content":"","ast-featured-img":"","footer-sml-layout":"","ast-disable-related-posts":"","theme-transparent-header-meta":"default","adv-header-id-meta":"","stick-header-meta":"","header-above-stick-meta":"","header-main-stick-meta":"","header-below-stick-meta":"","astra-migrate-meta-layouts":"set","ast-page-background-enabled":"default","ast-page-background-meta":{"desktop":{"background-color":"","background-image":"","background-repeat":"repeat","background-position":"center center","background-size":"auto","background-attachment":"scroll","background-type":"","background-media":"","overlay-type":"","overlay-color":"","overlay-opacity":"","overlay-gradient":""},"tablet":{"background-color":"","background-image":"","background-repeat":"repeat","background-position":"center center","background-size":"auto","background-attachment":"scroll","background-type":"","background-media":"","overlay-type":"","overlay-color":"","overlay-opacity":"","overlay-gradient":""},"mobile":{"background-color":"","background-image":"","background-repeat":"repeat","background-position":"center center","background-size":"auto","background-attachment":"scroll","background-type":"","background-media":"","overlay-type":"","overlay-color":"","overlay-opacity":"","overlay-gradient":""}},"ast-content-background-meta":{"desktop":{"background-color":"var(--ast-global-color-5)","background-image":"","background-repeat":"repeat","background-position":"center center","background-size":"auto","background-attachment":"scroll","background-type":"","background-media":"","overlay-type":"","overlay-color":"","overlay-opacity":"","overlay-gradient":""},"tablet":{"background-color":"var(--ast-global-color-5)","background-image":"","background-repeat":"repeat","background-position":"center center","background-size":"auto","background-attachment":"scroll","background-type":"","background-media":"","overlay-type":"","overlay-color":"","overlay-opacity":"","overlay-gradient":""},"mobile":{"background-color":"var(--ast-global-color-5)","background-image":"","background-repeat":"repeat","background-position":"center center","background-size":"auto","background-attachment":"scroll","background-type":"","background-media":"","overlay-type":"","overlay-color":"","overlay-opacity":"","overlay-gradient":""}},"iawp_total_views":3},"product_brand":[],"product_cat":[211,642],"product_tag":[],"class_list":{"0":"post-16129","1":"product","2":"type-product","3":"status-publish","4":"has-post-thumbnail","6":"product_cat-hdmi","7":"product_cat-hdmi-adapters","8":"desktop-align-left","9":"tablet-align-left","10":"mobile-align-left","12":"first","13":"instock","14":"shipping-taxable","15":"purchasable","16":"product-type-simple"},"acf":[],"_links":{"self":[{"href":"https:\/\/www.fjpremium.com\/fr\/wp-json\/wp\/v2\/product\/16129","targetHints":{"allow":["GET"]}}],"collection":[{"href":"https:\/\/www.fjpremium.com\/fr\/wp-json\/wp\/v2\/product"}],"about":[{"href":"https:\/\/www.fjpremium.com\/fr\/wp-json\/wp\/v2\/types\/product"}],"wp:featuredmedia":[{"embeddable":true,"href":"https:\/\/www.fjpremium.com\/fr\/wp-json\/wp\/v2\/media\/16149"}],"wp:attachment":[{"href":"https:\/\/www.fjpremium.com\/fr\/wp-json\/wp\/v2\/media?parent=16129"}],"wp:term":[{"taxonomy":"product_brand","embeddable":true,"href":"https:\/\/www.fjpremium.com\/fr\/wp-json\/wp\/v2\/product_brand?post=16129"},{"taxonomy":"product_cat","embeddable":true,"href":"https:\/\/www.fjpremium.com\/fr\/wp-json\/wp\/v2\/product_cat?post=16129"},{"taxonomy":"product_tag","embeddable":true,"href":"https:\/\/www.fjpremium.com\/fr\/wp-json\/wp\/v2\/product_tag?post=16129"}],"curies":[{"name":"wp","href":"https:\/\/api.w.org\/{rel}","templated":true}]}}