{"id":16128,"date":"2020-09-09T10:41:07","date_gmt":"2020-09-09T02:41:07","guid":{"rendered":"https:\/\/www.fjpremium.com\/?post_type=product&#038;p=16128"},"modified":"2023-12-14T13:45:52","modified_gmt":"2023-12-14T05:45:52","slug":"mini-hdmi-male-to-hdmi-female-coupler","status":"publish","type":"product","link":"https:\/\/www.fjpremium.com\/fr\/product\/mini-hdmi-male-to-hdmi-female-coupler\/","title":{"rendered":"Coupleur femelle-m\u00e2le HDMI vers mini adaptateur HDMI"},"content":{"rendered":"<p>L'adaptateur relie sans effort le monde des c\u00e2bles HDMI standard aux appareils compacts \u00e0 port mini HDMI tels que les appareils photo, les tablettes, les drones et bien plus encore.<\/p>\n<p>Plus qu'un simple connecteur, c'est un ticket pour le royaume UHD, avec des r\u00e9solutions allant jusqu'\u00e0 4Kx2K. Vous vivrez une immersion sans pr\u00e9c\u00e9dent gr\u00e2ce \u00e0 la prise en charge de l'audio True HD 7.1 et de la vid\u00e9o 3D.<\/p>\n<p>Le canal de retour audio (ARC) et le canal Ethernet HDMI (HEC) de cet adaptateur s'int\u00e8grent parfaitement \u00e0 vos installations.<\/p>\n<p>Ses caract\u00e9ristiques :<\/p>\n<ul>\n<li>Connecteur 1 : Mini HDMI m\u00e2le<\/li>\n<li>Connecteur 2 : HDMI femelle<\/li>\n<li>Bo\u00eetier : Moulage plastique<\/li>\n<\/ul>\n<p>De plus, les connecteurs plaqu\u00e9s or garantissent une conductivit\u00e9 et une r\u00e9sistance \u00e0 la corrosion in\u00e9gal\u00e9es. Enfin, les bandes adh\u00e9sives ajout\u00e9es facilitent le branchement et le d\u00e9branchement.<\/p>\n<p>En bref, contactez-nous d\u00e8s aujourd'hui et ajoutez notre adaptateur HDMI vers mini HDMI \u00e0 votre inventaire.<\/p>","protected":false},"excerpt":{"rendered":"<p>Lib\u00e9rez des exp\u00e9riences 4K et True HD avec l&#039;adaptateur HDMI vers mini HDMI de FARSINCE, une connexion transparente pour les appareils photo, les tablettes et plus encore.<\/p>","protected":false},"featured_media":16141,"template":"","meta":{"_acf_changed":false,"_seopress_robots_primary_cat":"","_seopress_titles_title":"Female to Male HDMI to Mini HDMI Adapter Coupler %%sep%% %%sitetitle%%","_seopress_titles_desc":"","_seopress_robots_index":"","site-sidebar-layout":"default","site-content-layout":"default","ast-site-content-layout":"default","site-content-style":"default","site-sidebar-style":"default","ast-global-header-display":"","ast-banner-title-visibility":"","ast-main-header-display":"","ast-hfb-above-header-display":"","ast-hfb-below-header-display":"","ast-hfb-mobile-header-display":"","site-post-title":"","ast-breadcrumbs-content":"","ast-featured-img":"","footer-sml-layout":"","ast-disable-related-posts":"","theme-transparent-header-meta":"default","adv-header-id-meta":"","stick-header-meta":"","header-above-stick-meta":"","header-main-stick-meta":"","header-below-stick-meta":"","astra-migrate-meta-layouts":"set","ast-page-background-enabled":"default","ast-page-background-meta":{"desktop":{"background-color":"","background-image":"","background-repeat":"repeat","background-position":"center center","background-size":"auto","background-attachment":"scroll","background-type":"","background-media":"","overlay-type":"","overlay-color":"","overlay-opacity":"","overlay-gradient":""},"tablet":{"background-color":"","background-image":"","background-repeat":"repeat","background-position":"center center","background-size":"auto","background-attachment":"scroll","background-type":"","background-media":"","overlay-type":"","overlay-color":"","overlay-opacity":"","overlay-gradient":""},"mobile":{"background-color":"","background-image":"","background-repeat":"repeat","background-position":"center center","background-size":"auto","background-attachment":"scroll","background-type":"","background-media":"","overlay-type":"","overlay-color":"","overlay-opacity":"","overlay-gradient":""}},"ast-content-background-meta":{"desktop":{"background-color":"var(--ast-global-color-5)","background-image":"","background-repeat":"repeat","background-position":"center center","background-size":"auto","background-attachment":"scroll","background-type":"","background-media":"","overlay-type":"","overlay-color":"","overlay-opacity":"","overlay-gradient":""},"tablet":{"background-color":"var(--ast-global-color-5)","background-image":"","background-repeat":"repeat","background-position":"center center","background-size":"auto","background-attachment":"scroll","background-type":"","background-media":"","overlay-type":"","overlay-color":"","overlay-opacity":"","overlay-gradient":""},"mobile":{"background-color":"var(--ast-global-color-5)","background-image":"","background-repeat":"repeat","background-position":"center center","background-size":"auto","background-attachment":"scroll","background-type":"","background-media":"","overlay-type":"","overlay-color":"","overlay-opacity":"","overlay-gradient":""}},"iawp_total_views":4},"product_brand":[],"product_cat":[211,642],"product_tag":[],"class_list":{"0":"post-16128","1":"product","2":"type-product","3":"status-publish","4":"has-post-thumbnail","6":"product_cat-hdmi","7":"product_cat-hdmi-adapters","8":"desktop-align-left","9":"tablet-align-left","10":"mobile-align-left","12":"first","13":"instock","14":"shipping-taxable","15":"purchasable","16":"product-type-simple"},"acf":[],"_links":{"self":[{"href":"https:\/\/www.fjpremium.com\/fr\/wp-json\/wp\/v2\/product\/16128","targetHints":{"allow":["GET"]}}],"collection":[{"href":"https:\/\/www.fjpremium.com\/fr\/wp-json\/wp\/v2\/product"}],"about":[{"href":"https:\/\/www.fjpremium.com\/fr\/wp-json\/wp\/v2\/types\/product"}],"wp:featuredmedia":[{"embeddable":true,"href":"https:\/\/www.fjpremium.com\/fr\/wp-json\/wp\/v2\/media\/16141"}],"wp:attachment":[{"href":"https:\/\/www.fjpremium.com\/fr\/wp-json\/wp\/v2\/media?parent=16128"}],"wp:term":[{"taxonomy":"product_brand","embeddable":true,"href":"https:\/\/www.fjpremium.com\/fr\/wp-json\/wp\/v2\/product_brand?post=16128"},{"taxonomy":"product_cat","embeddable":true,"href":"https:\/\/www.fjpremium.com\/fr\/wp-json\/wp\/v2\/product_cat?post=16128"},{"taxonomy":"product_tag","embeddable":true,"href":"https:\/\/www.fjpremium.com\/fr\/wp-json\/wp\/v2\/product_tag?post=16128"}],"curies":[{"name":"wp","href":"https:\/\/api.w.org\/{rel}","templated":true}]}}