{"id":16127,"date":"2020-09-09T10:41:05","date_gmt":"2020-09-09T02:41:05","guid":{"rendered":"https:\/\/www.fjpremium.com\/?post_type=product&#038;p=16127"},"modified":"2023-12-14T13:45:52","modified_gmt":"2023-12-14T05:45:52","slug":"hdmi-male-to-female-extension-coupler","status":"publish","type":"product","link":"https:\/\/www.fjpremium.com\/fr\/product\/hdmi-male-to-female-extension-coupler\/","title":{"rendered":"Adaptateur HDMI \u00e0 angle droit Connecteur m\u00e2le 19pin vers connecteur femelle Prolongateur Adaptateur Coupleur"},"content":{"rendered":"<p>Sp\u00e9cialement con\u00e7u pour les espaces avec des coins \u00e9troits ou un d\u00e9gagement mural limit\u00e9, notre adaptateur HDMI \u00e0 angle droit garantit que vous n'aurez jamais \u00e0 faire de compromis sur l'int\u00e9grit\u00e9 de vos c\u00e2bles HDMI.<\/p>\n<p>C'est l'assurance que vos c\u00e2bles HDMI ne se plieront pas excessivement, prot\u00e9geant ainsi le c\u00e2ble et les ports de votre pr\u00e9cieux \u00e9quipement.<\/p>\n<p>\u00c9quip\u00e9 d'un connecteur HDMI m\u00e2le-femelle plaqu\u00e9 or \u00e0 90 degr\u00e9s, il promet des performances optimales tout en prenant en charge des r\u00e9solutions allant jusqu'\u00e0 4Kx2K.<\/p>\n<p>Ses caract\u00e9ristiques :<\/p>\n<ul>\n<li>Connecteur 1 : HDMI m\u00e2le<\/li>\n<li>Connecteur 2 : HDMI femelle<\/li>\n<li>Bo\u00eetier : Moulage plastique<\/li>\n<\/ul>\n<p>Que vous traitiez avec un TV Stick, une Xbox, une PS4 ou une Nintendo Switch, cet adaptateur \u00e9tend votre port\u00e9e de mani\u00e8re transparente.<\/p>\n<p>Vous pouvez plonger dans la polyvalence avec diverses options, droite, inclin\u00e9e dans plusieurs directions, rotative, et avec ou sans vis. En conclusion, contactez-nous d\u00e8s aujourd'hui et investissez.<\/p>","protected":false},"excerpt":{"rendered":"<p>Ouvrez un monde de connectivit\u00e9 sans contraintes avec l'adaptateur HDMI \u00e0 angle droit de Farsince, prenant en charge jusqu'\u00e0 4Kx2K, parfait pour les espaces restreints.<\/p>","protected":false},"featured_media":24062,"template":"","meta":{"_acf_changed":false,"_seopress_robots_primary_cat":"","_seopress_titles_title":"Best Right Angle HDMI Adapter %%sep%% %%sitetitle%%","_seopress_titles_desc":"","_seopress_robots_index":"","site-sidebar-layout":"default","site-content-layout":"default","ast-site-content-layout":"default","site-content-style":"default","site-sidebar-style":"default","ast-global-header-display":"","ast-banner-title-visibility":"","ast-main-header-display":"","ast-hfb-above-header-display":"","ast-hfb-below-header-display":"","ast-hfb-mobile-header-display":"","site-post-title":"","ast-breadcrumbs-content":"","ast-featured-img":"","footer-sml-layout":"","ast-disable-related-posts":"","theme-transparent-header-meta":"default","adv-header-id-meta":"","stick-header-meta":"","header-above-stick-meta":"","header-main-stick-meta":"","header-below-stick-meta":"","astra-migrate-meta-layouts":"set","ast-page-background-enabled":"default","ast-page-background-meta":{"desktop":{"background-color":"","background-image":"","background-repeat":"repeat","background-position":"center center","background-size":"auto","background-attachment":"scroll","background-type":"","background-media":"","overlay-type":"","overlay-color":"","overlay-opacity":"","overlay-gradient":""},"tablet":{"background-color":"","background-image":"","background-repeat":"repeat","background-position":"center center","background-size":"auto","background-attachment":"scroll","background-type":"","background-media":"","overlay-type":"","overlay-color":"","overlay-opacity":"","overlay-gradient":""},"mobile":{"background-color":"","background-image":"","background-repeat":"repeat","background-position":"center center","background-size":"auto","background-attachment":"scroll","background-type":"","background-media":"","overlay-type":"","overlay-color":"","overlay-opacity":"","overlay-gradient":""}},"ast-content-background-meta":{"desktop":{"background-color":"var(--ast-global-color-5)","background-image":"","background-repeat":"repeat","background-position":"center center","background-size":"auto","background-attachment":"scroll","background-type":"","background-media":"","overlay-type":"","overlay-color":"","overlay-opacity":"","overlay-gradient":""},"tablet":{"background-color":"var(--ast-global-color-5)","background-image":"","background-repeat":"repeat","background-position":"center center","background-size":"auto","background-attachment":"scroll","background-type":"","background-media":"","overlay-type":"","overlay-color":"","overlay-opacity":"","overlay-gradient":""},"mobile":{"background-color":"var(--ast-global-color-5)","background-image":"","background-repeat":"repeat","background-position":"center center","background-size":"auto","background-attachment":"scroll","background-type":"","background-media":"","overlay-type":"","overlay-color":"","overlay-opacity":"","overlay-gradient":""}},"iawp_total_views":5},"product_brand":[],"product_cat":[211,642],"product_tag":[],"class_list":{"0":"post-16127","1":"product","2":"type-product","3":"status-publish","4":"has-post-thumbnail","6":"product_cat-hdmi","7":"product_cat-hdmi-adapters","8":"desktop-align-left","9":"tablet-align-left","10":"mobile-align-left","12":"first","13":"instock","14":"shipping-taxable","15":"purchasable","16":"product-type-simple"},"acf":[],"_links":{"self":[{"href":"https:\/\/www.fjpremium.com\/fr\/wp-json\/wp\/v2\/product\/16127","targetHints":{"allow":["GET"]}}],"collection":[{"href":"https:\/\/www.fjpremium.com\/fr\/wp-json\/wp\/v2\/product"}],"about":[{"href":"https:\/\/www.fjpremium.com\/fr\/wp-json\/wp\/v2\/types\/product"}],"wp:featuredmedia":[{"embeddable":true,"href":"https:\/\/www.fjpremium.com\/fr\/wp-json\/wp\/v2\/media\/24062"}],"wp:attachment":[{"href":"https:\/\/www.fjpremium.com\/fr\/wp-json\/wp\/v2\/media?parent=16127"}],"wp:term":[{"taxonomy":"product_brand","embeddable":true,"href":"https:\/\/www.fjpremium.com\/fr\/wp-json\/wp\/v2\/product_brand?post=16127"},{"taxonomy":"product_cat","embeddable":true,"href":"https:\/\/www.fjpremium.com\/fr\/wp-json\/wp\/v2\/product_cat?post=16127"},{"taxonomy":"product_tag","embeddable":true,"href":"https:\/\/www.fjpremium.com\/fr\/wp-json\/wp\/v2\/product_tag?post=16127"}],"curies":[{"name":"wp","href":"https:\/\/api.w.org\/{rel}","templated":true}]}}