{"id":16105,"date":"2020-09-09T10:35:06","date_gmt":"2020-09-09T02:35:06","guid":{"rendered":"https:\/\/www.fjpremium.com\/?post_type=product&#038;p=16105"},"modified":"2023-12-14T13:51:47","modified_gmt":"2023-12-14T05:51:47","slug":"dvi-male-to-hdmi-female-cable","status":"publish","type":"product","link":"https:\/\/www.fjpremium.com\/fr\/product\/dvi-male-to-hdmi-female-cable\/","title":{"rendered":"C\u00e2ble de conversion adaptateur 24+1 DVI-D Dual Link vers HDMI"},"content":{"rendered":"<p>Fabriqu\u00e9 avec soin pour fonctionner de mani\u00e8re bidirectionnelle, notre c\u00e2ble adaptateur permet aux appareils compatibles HDMI de s'interfacer sans effort avec des \u00e9crans DVI et vice-versa.<\/p>\n<p>Il amplifie le streaming vid\u00e9o ou les sessions de jeu en se connectant \u00e0 un grand \u00e9cran, offrant des r\u00e9solutions allant jusqu'\u00e0 1920\u00d71080@60Hz.<\/p>\n<p>Il ne s'agit pas seulement de se connecter, mais aussi d'adapter votre affichage \u00e0 un bureau \u00e9tendu ou \u00e0 un affichage en miroir, selon vos pr\u00e9f\u00e9rences.<\/p>\n<p>La touche d'or de ses connecteurs plaqu\u00e9s or, associ\u00e9e \u00e0 des vis serr\u00e9es \u00e0 la main, garantit une connexion optimale et in\u00e9branlable.<\/p>\n<p>Ses caract\u00e9ristiques :<\/p>\n<ul>\n<li>Conducteur du c\u00e2ble : Cuivre nu<\/li>\n<li>Calibre du fil : 30AWG(1-5M)<\/li>\n<li>Gaine : PVC<\/li>\n<li>Conforme : RoHS, REACH<\/li>\n<\/ul>\n<p>De plus, gr\u00e2ce au blindage par feuille et tresse, vous pouvez dire adieu aux interf\u00e9rences, ce qui garantit des images parfaites et des performances fiables pendant toute la dur\u00e9e de vie du produit. Contactez-nous d\u00e8s aujourd'hui et investissez dans cet adaptateur DVI-D dual link vers HDMI.<\/p>","protected":false},"excerpt":{"rendered":"<p>Entrez dans l'\u00e8re de la connectivit\u00e9 fluide avec le c\u00e2ble adaptateur convertisseur 24+1 DVI-D dual link vers HDMI de FARSINCE, dot\u00e9 d'une double direction et r\u00e9sistant aux interf\u00e9rences.<\/p>","protected":false},"featured_media":16107,"template":"","meta":{"_acf_changed":false,"_seopress_robots_primary_cat":"","_seopress_titles_title":"24+1 DVI-D Dual Link to HDMI Adapter %%sep%% %%sitetitle%%","_seopress_titles_desc":"Step into an era of fluid connectivity with FARSINCE 24+1 DVI-D dual link to HDMI adapter converter cable, boasting dual-direction and interference-resistant.","_seopress_robots_index":"","site-sidebar-layout":"default","site-content-layout":"default","ast-site-content-layout":"default","site-content-style":"default","site-sidebar-style":"default","ast-global-header-display":"","ast-banner-title-visibility":"","ast-main-header-display":"","ast-hfb-above-header-display":"","ast-hfb-below-header-display":"","ast-hfb-mobile-header-display":"","site-post-title":"","ast-breadcrumbs-content":"","ast-featured-img":"","footer-sml-layout":"","ast-disable-related-posts":"","theme-transparent-header-meta":"default","adv-header-id-meta":"","stick-header-meta":"","header-above-stick-meta":"","header-main-stick-meta":"","header-below-stick-meta":"","astra-migrate-meta-layouts":"set","ast-page-background-enabled":"default","ast-page-background-meta":{"desktop":{"background-color":"","background-image":"","background-repeat":"repeat","background-position":"center center","background-size":"auto","background-attachment":"scroll","background-type":"","background-media":"","overlay-type":"","overlay-color":"","overlay-opacity":"","overlay-gradient":""},"tablet":{"background-color":"","background-image":"","background-repeat":"repeat","background-position":"center center","background-size":"auto","background-attachment":"scroll","background-type":"","background-media":"","overlay-type":"","overlay-color":"","overlay-opacity":"","overlay-gradient":""},"mobile":{"background-color":"","background-image":"","background-repeat":"repeat","background-position":"center center","background-size":"auto","background-attachment":"scroll","background-type":"","background-media":"","overlay-type":"","overlay-color":"","overlay-opacity":"","overlay-gradient":""}},"ast-content-background-meta":{"desktop":{"background-color":"var(--ast-global-color-5)","background-image":"","background-repeat":"repeat","background-position":"center center","background-size":"auto","background-attachment":"scroll","background-type":"","background-media":"","overlay-type":"","overlay-color":"","overlay-opacity":"","overlay-gradient":""},"tablet":{"background-color":"var(--ast-global-color-5)","background-image":"","background-repeat":"repeat","background-position":"center center","background-size":"auto","background-attachment":"scroll","background-type":"","background-media":"","overlay-type":"","overlay-color":"","overlay-opacity":"","overlay-gradient":""},"mobile":{"background-color":"var(--ast-global-color-5)","background-image":"","background-repeat":"repeat","background-position":"center center","background-size":"auto","background-attachment":"scroll","background-type":"","background-media":"","overlay-type":"","overlay-color":"","overlay-opacity":"","overlay-gradient":""}},"iawp_total_views":12},"product_brand":[],"product_cat":[211,638],"product_tag":[],"class_list":{"0":"post-16105","1":"product","2":"type-product","3":"status-publish","4":"has-post-thumbnail","6":"product_cat-hdmi","7":"product_cat-hdmi-cables","8":"desktop-align-left","9":"tablet-align-left","10":"mobile-align-left","12":"first","13":"instock","14":"shipping-taxable","15":"purchasable","16":"product-type-simple"},"acf":[],"_links":{"self":[{"href":"https:\/\/www.fjpremium.com\/fr\/wp-json\/wp\/v2\/product\/16105","targetHints":{"allow":["GET"]}}],"collection":[{"href":"https:\/\/www.fjpremium.com\/fr\/wp-json\/wp\/v2\/product"}],"about":[{"href":"https:\/\/www.fjpremium.com\/fr\/wp-json\/wp\/v2\/types\/product"}],"wp:featuredmedia":[{"embeddable":true,"href":"https:\/\/www.fjpremium.com\/fr\/wp-json\/wp\/v2\/media\/16107"}],"wp:attachment":[{"href":"https:\/\/www.fjpremium.com\/fr\/wp-json\/wp\/v2\/media?parent=16105"}],"wp:term":[{"taxonomy":"product_brand","embeddable":true,"href":"https:\/\/www.fjpremium.com\/fr\/wp-json\/wp\/v2\/product_brand?post=16105"},{"taxonomy":"product_cat","embeddable":true,"href":"https:\/\/www.fjpremium.com\/fr\/wp-json\/wp\/v2\/product_cat?post=16105"},{"taxonomy":"product_tag","embeddable":true,"href":"https:\/\/www.fjpremium.com\/fr\/wp-json\/wp\/v2\/product_tag?post=16105"}],"curies":[{"name":"wp","href":"https:\/\/api.w.org\/{rel}","templated":true}]}}