{"id":16098,"date":"2020-09-09T10:32:13","date_gmt":"2020-09-09T02:32:13","guid":{"rendered":"https:\/\/www.fjpremium.com\/?post_type=product&#038;p=16098"},"modified":"2023-12-14T13:51:48","modified_gmt":"2023-12-14T05:51:48","slug":"hdmi-male-to-dvi-female-short-cable","status":"publish","type":"product","link":"https:\/\/www.fjpremium.com\/fr\/product\/hdmi-male-to-dvi-female-short-cable\/","title":{"rendered":"C\u00e2ble de conversion HDMI vers DVI-I m\u00e2le-femelle C\u00e2ble de conversion HDMI vers DVI-I double 24+5"},"content":{"rendered":"<p>Con\u00e7u pour relier de mani\u00e8re transparente les appareils compatibles HDMI aux \u00e9crans DVI, ce c\u00e2ble incarne la polyvalence.<\/p>\n<p>Qu'il s'agisse de streaming vid\u00e9o haute d\u00e9finition ou de sessions de jeu immersives, il garantit des images d'une clart\u00e9 cristalline jusqu'\u00e0 une r\u00e9solution impressionnante de 1920\u00d71080@60Hz.<\/p>\n<p>En outre, au-del\u00e0 de la simple connexion, il s'agit d'un facilitateur, qu'il s'agisse d'un bureau \u00e9tendu ou d'un affichage en miroir.<\/p>\n<p>Les connecteurs plaqu\u00e9s or du c\u00e2ble de conversion HDMI vers DVI-I et les vis \u00e0 serrage manuel m\u00e9ticuleusement con\u00e7ues garantissent une connexion solide comme le roc.<\/p>\n<p>Ses caract\u00e9ristiques :<\/p>\n<ul>\n<li>Conducteur du c\u00e2ble : Cuivre nu<\/li>\n<li>Calibre du fil : 30AWG(1-5M)<\/li>\n<li>Gaine : PVC<\/li>\n<li>Conforme : RoHS, REACH<\/li>\n<\/ul>\n<p>Son blindage avanc\u00e9 par feuille et tresse prot\u00e8ge contre les interf\u00e9rences \u00e9lectromagn\u00e9tiques ou de radiofr\u00e9quence. De plus, gr\u00e2ce \u00e0 ses mat\u00e9riaux de qualit\u00e9 sup\u00e9rieure, vous \u00eates assur\u00e9 d'une performance fiable tout au long de sa dur\u00e9e de vie.<\/p>\n<p>Par cons\u00e9quent, contactez-nous d\u00e8s aujourd'hui et commandez notre c\u00e2ble.<\/p>","protected":false},"excerpt":{"rendered":"<p>Am\u00e9liorez l&#039;exp\u00e9rience num\u00e9rique avec le c\u00e2ble convertisseur HDMI vers DVI-I m\u00e2le vers femelle FARSINCE, offrant une Full HD 1080p, des connecteurs plaqu\u00e9s or et des performances blind\u00e9es.<\/p>","protected":false},"featured_media":16099,"template":"","meta":{"_acf_changed":false,"_seopress_robots_primary_cat":"","_seopress_titles_title":"Male to Female HDMI to DVI-I Converter Cable %%sep%% %%sitetitle%%","_seopress_titles_desc":"Elevate digital experience with FARSINCE male to female HDMI to DVI-I converter cable, offering 1080p Full HD, gold-plated connectors and shielded performance. ","_seopress_robots_index":"","site-sidebar-layout":"default","site-content-layout":"default","ast-site-content-layout":"default","site-content-style":"default","site-sidebar-style":"default","ast-global-header-display":"","ast-banner-title-visibility":"","ast-main-header-display":"","ast-hfb-above-header-display":"","ast-hfb-below-header-display":"","ast-hfb-mobile-header-display":"","site-post-title":"","ast-breadcrumbs-content":"","ast-featured-img":"","footer-sml-layout":"","ast-disable-related-posts":"","theme-transparent-header-meta":"default","adv-header-id-meta":"","stick-header-meta":"","header-above-stick-meta":"","header-main-stick-meta":"","header-below-stick-meta":"","astra-migrate-meta-layouts":"set","ast-page-background-enabled":"default","ast-page-background-meta":{"desktop":{"background-color":"","background-image":"","background-repeat":"repeat","background-position":"center center","background-size":"auto","background-attachment":"scroll","background-type":"","background-media":"","overlay-type":"","overlay-color":"","overlay-opacity":"","overlay-gradient":""},"tablet":{"background-color":"","background-image":"","background-repeat":"repeat","background-position":"center center","background-size":"auto","background-attachment":"scroll","background-type":"","background-media":"","overlay-type":"","overlay-color":"","overlay-opacity":"","overlay-gradient":""},"mobile":{"background-color":"","background-image":"","background-repeat":"repeat","background-position":"center center","background-size":"auto","background-attachment":"scroll","background-type":"","background-media":"","overlay-type":"","overlay-color":"","overlay-opacity":"","overlay-gradient":""}},"ast-content-background-meta":{"desktop":{"background-color":"var(--ast-global-color-5)","background-image":"","background-repeat":"repeat","background-position":"center center","background-size":"auto","background-attachment":"scroll","background-type":"","background-media":"","overlay-type":"","overlay-color":"","overlay-opacity":"","overlay-gradient":""},"tablet":{"background-color":"var(--ast-global-color-5)","background-image":"","background-repeat":"repeat","background-position":"center center","background-size":"auto","background-attachment":"scroll","background-type":"","background-media":"","overlay-type":"","overlay-color":"","overlay-opacity":"","overlay-gradient":""},"mobile":{"background-color":"var(--ast-global-color-5)","background-image":"","background-repeat":"repeat","background-position":"center center","background-size":"auto","background-attachment":"scroll","background-type":"","background-media":"","overlay-type":"","overlay-color":"","overlay-opacity":"","overlay-gradient":""}},"iawp_total_views":3},"product_brand":[],"product_cat":[211,638],"product_tag":[],"class_list":{"0":"post-16098","1":"product","2":"type-product","3":"status-publish","4":"has-post-thumbnail","6":"product_cat-hdmi","7":"product_cat-hdmi-cables","8":"desktop-align-left","9":"tablet-align-left","10":"mobile-align-left","12":"first","13":"instock","14":"shipping-taxable","15":"purchasable","16":"product-type-simple"},"acf":[],"_links":{"self":[{"href":"https:\/\/www.fjpremium.com\/fr\/wp-json\/wp\/v2\/product\/16098","targetHints":{"allow":["GET"]}}],"collection":[{"href":"https:\/\/www.fjpremium.com\/fr\/wp-json\/wp\/v2\/product"}],"about":[{"href":"https:\/\/www.fjpremium.com\/fr\/wp-json\/wp\/v2\/types\/product"}],"wp:featuredmedia":[{"embeddable":true,"href":"https:\/\/www.fjpremium.com\/fr\/wp-json\/wp\/v2\/media\/16099"}],"wp:attachment":[{"href":"https:\/\/www.fjpremium.com\/fr\/wp-json\/wp\/v2\/media?parent=16098"}],"wp:term":[{"taxonomy":"product_brand","embeddable":true,"href":"https:\/\/www.fjpremium.com\/fr\/wp-json\/wp\/v2\/product_brand?post=16098"},{"taxonomy":"product_cat","embeddable":true,"href":"https:\/\/www.fjpremium.com\/fr\/wp-json\/wp\/v2\/product_cat?post=16098"},{"taxonomy":"product_tag","embeddable":true,"href":"https:\/\/www.fjpremium.com\/fr\/wp-json\/wp\/v2\/product_tag?post=16098"}],"curies":[{"name":"wp","href":"https:\/\/api.w.org\/{rel}","templated":true}]}}